{"id":1849,"date":"2025-02-13T07:05:19","date_gmt":"2025-02-13T07:05:19","guid":{"rendered":"https:\/\/www.jinghuaceramic.com\/?post_type=product&#038;p=1849"},"modified":"2025-06-14T02:27:02","modified_gmt":"2025-06-14T02:27:02","slug":"wholesale-3-inches-portable-bluetooth-label-printer-mp230","status":"publish","type":"product","link":"https:\/\/www.aiyin.com\/pt\/product\/wholesale-3-inches-portable-bluetooth-label-printer-mp230\/","title":{"rendered":"Atacado Impressora de etiquetas Bluetooth port\u00e1til de 3 polegadas - MP230, a impressora de etiquetas para lojas de varejo, roupas e remessas"},"content":{"rendered":"<h2 class=\"wp-block-heading\">Detalhes da impressora port\u00e1til de etiquetas Bluetooth - MP230<\/h2>\n\n\n\n<hr class=\"wp-block-separator has-alpha-channel-opacity\"\/>\n\n\n\n<figure class=\"wp-block-image size-large\"><img decoding=\"async\" width=\"1254\" height=\"1280\" src=\"https:\/\/www.aiyin.com\/wp-content\/uploads\/2025\/02\/Portable-Bluetooth-Label-Printer\u200b-Details-1-1254x1280.webp\" alt=\"Detalhes da impressora port\u00e1til de etiquetas Bluetooth (1)\" class=\"wp-image-1850\" srcset=\"https:\/\/www.aiyin.com\/wp-content\/uploads\/2025\/02\/Portable-Bluetooth-Label-Printer\u200b-Details-1-1254x1280.webp 1254w, https:\/\/www.aiyin.com\/wp-content\/uploads\/2025\/02\/Portable-Bluetooth-Label-Printer\u200b-Details-1-768x784.webp 768w, https:\/\/www.aiyin.com\/wp-content\/uploads\/2025\/02\/Portable-Bluetooth-Label-Printer\u200b-Details-1-600x612.webp 600w\" sizes=\"(max-width: 1254px) 100vw, 1254px\" \/><\/figure>","protected":false},"excerpt":{"rendered":"<p>Impressora de etiquetas bluetooth port\u00e1til de 3 polegadas no atacado, adequada para v\u00e1rios cen\u00e1rios, como lojas de varejo, lojas de roupas e remessas de com\u00e9rcio eletr\u00f4nico, suporta conex\u00e3o sem fio bluetooth, opera\u00e7\u00e3o f\u00e1cil e \u00e9 compat\u00edvel com uma variedade de tamanhos de etiquetas. Entre em contato conosco para obter uma cota\u00e7\u00e3o.<\/p>\n<h2>Recursos da impressora port\u00e1til de etiquetas Bluetooth - MP230<\/h2>\n<div>\n<p><strong>Design port\u00e1til:<\/strong> A impressora port\u00e1til de etiquetas bluetooth MP230 \u00e9 compacta e f\u00e1cil de transportar. Ela pode ser facilmente transportada e usada em lojas de varejo, armaz\u00e9ns e locais de expedi\u00e7\u00e3o.<\/p>\n<p><strong>Conex\u00e3o Bluetooth sem fio:<\/strong> A impressora de etiquetas port\u00e1til MP230 suporta conex\u00e3o sem fio Bluetooth, que pode ser facilmente emparelhada com smartphones, tablets ou computadores para melhorar a conveni\u00eancia da opera\u00e7\u00e3o e evitar conex\u00f5es com fio complicadas.<\/p>\n<p><strong>Aplica\u00e7\u00e3o vers\u00e1til:<\/strong> Ele \u00e9 muito adequado para v\u00e1rios cen\u00e1rios, como lojas de varejo, lojas de roupas e remessas de com\u00e9rcio eletr\u00f4nico. Incluindo a impress\u00e3o de etiquetas de produtos, etiquetas de pre\u00e7os e etiquetas de remessa.<\/p>\n<p><strong>Opera\u00e7\u00e3o simples:<\/strong> O MP230 tem uma interface de usu\u00e1rio f\u00e1cil de usar e oferece suporte de software, de modo que mesmo pessoas sem forma\u00e7\u00e3o t\u00e9cnica podem come\u00e7ar a trabalhar rapidamente e aumentar a efici\u00eancia do trabalho.<\/p>\n<p><strong>Bateria potente:<\/strong> O MP230 \u00e9 equipado com uma bateria potente que pode funcionar continuamente por um longo per\u00edodo quando totalmente carregada, adequada para uso durante todo o dia.<\/p>\n<\/div>","protected":false},"featured_media":1852,"comment_status":"closed","ping_status":"closed","template":"","meta":{"_acf_changed":true},"product_brand":[],"product_cat":[22],"product_tag":[],"class_list":{"0":"post-1849","1":"product","2":"type-product","3":"status-publish","4":"has-post-thumbnail","6":"product_cat-business-label-printer","7":"pa_print-width-3-inches","9":"first","10":"instock","11":"shipping-taxable","12":"product-type-simple"},"acf":[],"_links":{"self":[{"href":"https:\/\/www.aiyin.com\/pt\/wp-json\/wp\/v2\/product\/1849","targetHints":{"allow":["GET"]}}],"collection":[{"href":"https:\/\/www.aiyin.com\/pt\/wp-json\/wp\/v2\/product"}],"about":[{"href":"https:\/\/www.aiyin.com\/pt\/wp-json\/wp\/v2\/types\/product"}],"replies":[{"embeddable":true,"href":"https:\/\/www.aiyin.com\/pt\/wp-json\/wp\/v2\/comments?post=1849"}],"wp:featuredmedia":[{"embeddable":true,"href":"https:\/\/www.aiyin.com\/pt\/wp-json\/wp\/v2\/media\/1852"}],"wp:attachment":[{"href":"https:\/\/www.aiyin.com\/pt\/wp-json\/wp\/v2\/media?parent=1849"}],"wp:term":[{"taxonomy":"product_brand","embeddable":true,"href":"https:\/\/www.aiyin.com\/pt\/wp-json\/wp\/v2\/product_brand?post=1849"},{"taxonomy":"product_cat","embeddable":true,"href":"https:\/\/www.aiyin.com\/pt\/wp-json\/wp\/v2\/product_cat?post=1849"},{"taxonomy":"product_tag","embeddable":true,"href":"https:\/\/www.aiyin.com\/pt\/wp-json\/wp\/v2\/product_tag?post=1849"}],"curies":[{"name":"wp","href":"https:\/\/api.w.org\/{rel}","templated":true}]}}