{"id":1813,"date":"2025-02-12T03:27:55","date_gmt":"2025-02-12T03:27:55","guid":{"rendered":"https:\/\/www.jinghuaceramic.com\/?post_type=product&#038;p=1813"},"modified":"2025-06-14T02:17:58","modified_gmt":"2025-06-14T02:17:58","slug":"wholesale-4-inches-portable-label-printer-mc240","status":"publish","type":"product","link":"https:\/\/www.aiyin.com\/pt\/product\/wholesale-4-inches-portable-label-printer-mc240\/","title":{"rendered":"Impressora de etiquetas port\u00e1til de 4 polegadas por atacado - MC240, compat\u00edvel com OEM e ODM - Fabricante de impressoras de etiquetas AiYin"},"content":{"rendered":"<h2 class=\"wp-block-heading\">Detalhes da impressora de etiquetas port\u00e1til de 4 polegadas - MC240<\/h2>\n\n\n\n<hr class=\"wp-block-separator has-alpha-channel-opacity\"\/>\n\n\n\n<figure class=\"wp-block-image size-large\"><img decoding=\"async\" width=\"1261\" height=\"1280\" src=\"https:\/\/www.aiyin.com\/wp-content\/uploads\/2025\/02\/Portable-Label-Printer-Details-1-1-1261x1280.webp\" alt=\"Detalhes da impressora de etiquetas port\u00e1til (1)\" class=\"wp-image-1844\" srcset=\"https:\/\/www.aiyin.com\/wp-content\/uploads\/2025\/02\/Portable-Label-Printer-Details-1-1-1261x1280.webp 1261w, https:\/\/www.aiyin.com\/wp-content\/uploads\/2025\/02\/Portable-Label-Printer-Details-1-1-768x779.webp 768w, https:\/\/www.aiyin.com\/wp-content\/uploads\/2025\/02\/Portable-Label-Printer-Details-1-1-600x609.webp 600w\" sizes=\"(max-width: 1261px) 100vw, 1261px\" \/><\/figure>","protected":false},"excerpt":{"rendered":"<p>Impressora de etiquetas port\u00e1til de 4 polegadas no atacado, f\u00e1cil de transportar, fun\u00e7\u00e3o de rebobinamento autom\u00e1tico de papel integrada, reduz efetivamente o desperd\u00edcio de papel e melhora a efici\u00eancia da impress\u00e3o. Fornece interfaces USB e Bluetooth para garantir a conex\u00e3o com v\u00e1rios dispositivos. Est\u00e1vel e dur\u00e1vel, com vida \u00fatil muito longa. O fabricante da impressora de etiquetas AiYin oferece servi\u00e7o OEM, entre em contato conosco para obter uma cota\u00e7\u00e3o.<\/p>\n<h2>Recursos da impressora de etiquetas port\u00e1til de 4 polegadas - MC240<\/h2>\n<div>\n<p><strong>Port\u00e1til e leve:<\/strong> A impressora de etiquetas port\u00e1til MC240 tem uma apar\u00eancia simples e elegante, \u00e9 f\u00e1cil de transportar e pode ser usada em armaz\u00e9ns, escrit\u00f3rios ou centros de log\u00edstica.<\/p>\n<p><strong>Largura de impress\u00e3o ajust\u00e1vel:<\/strong> A largura de impress\u00e3o da impressora de etiquetas port\u00e1til MC240 pode chegar a 104 mm e suporta o uso de etiquetas em rolo grandes, o que \u00e9 especialmente adequado para c\u00f3digos de barras, identifica\u00e7\u00e3o de cargas e outras aplica\u00e7\u00f5es do setor, al\u00e9m de ser flex\u00edvel para adapta\u00e7\u00e3o.<\/p>\n<p><strong>Suporte a v\u00e1rios idiomas:<\/strong> A interface do software operacional suporta v\u00e1rios idiomas, adapta-se ao mercado global e \u00e9 particularmente adequada para empresas multinacionais ou ambientes de aplicativos para usu\u00e1rios de diferentes idiomas.<\/p>\n<p><strong>Alta durabilidade:<\/strong> A impressora port\u00e1til de etiquetas MC240 foi projetada com uma vida \u00fatil de impress\u00e3o ultralonga de mais de 100 milh\u00f5es de impress\u00f5es e pode manter uma opera\u00e7\u00e3o eficiente e est\u00e1vel mesmo em ambientes de uso intenso.<\/p>\n<p><strong>Aplic\u00e1vel a uma variedade de espessuras de papel:<\/strong> A faixa de espessura de papel suportada \u00e9 de 65 a 150 mm e pode se adaptar a diferentes tipos de papel t\u00e9rmico.<\/p>\n<p><strong>OEM e ODM:<\/strong> O fabricante de impressoras de etiquetas AiYin oferece solu\u00e7\u00f5es completas de impressoras de etiquetas personalizadas, personalizando impressoras de etiquetas de marcas profissionais para voc\u00ea.<\/p>\n<\/div>","protected":false},"featured_media":2920,"comment_status":"closed","ping_status":"closed","template":"","meta":{"_acf_changed":true},"product_brand":[],"product_cat":[22],"product_tag":[],"class_list":{"0":"post-1813","1":"product","2":"type-product","3":"status-publish","4":"has-post-thumbnail","6":"product_cat-business-label-printer","7":"pa_print-width-4-inches","9":"first","10":"instock","11":"shipping-taxable","12":"product-type-simple"},"acf":[],"_links":{"self":[{"href":"https:\/\/www.aiyin.com\/pt\/wp-json\/wp\/v2\/product\/1813","targetHints":{"allow":["GET"]}}],"collection":[{"href":"https:\/\/www.aiyin.com\/pt\/wp-json\/wp\/v2\/product"}],"about":[{"href":"https:\/\/www.aiyin.com\/pt\/wp-json\/wp\/v2\/types\/product"}],"replies":[{"embeddable":true,"href":"https:\/\/www.aiyin.com\/pt\/wp-json\/wp\/v2\/comments?post=1813"}],"wp:featuredmedia":[{"embeddable":true,"href":"https:\/\/www.aiyin.com\/pt\/wp-json\/wp\/v2\/media\/2920"}],"wp:attachment":[{"href":"https:\/\/www.aiyin.com\/pt\/wp-json\/wp\/v2\/media?parent=1813"}],"wp:term":[{"taxonomy":"product_brand","embeddable":true,"href":"https:\/\/www.aiyin.com\/pt\/wp-json\/wp\/v2\/product_brand?post=1813"},{"taxonomy":"product_cat","embeddable":true,"href":"https:\/\/www.aiyin.com\/pt\/wp-json\/wp\/v2\/product_cat?post=1813"},{"taxonomy":"product_tag","embeddable":true,"href":"https:\/\/www.aiyin.com\/pt\/wp-json\/wp\/v2\/product_tag?post=1813"}],"curies":[{"name":"wp","href":"https:\/\/api.w.org\/{rel}","templated":true}]}}