{"id":1802,"date":"2025-02-07T02:41:53","date_gmt":"2025-02-07T02:41:53","guid":{"rendered":"https:\/\/www.jinghuaceramic.com\/?post_type=product&#038;p=1802"},"modified":"2025-02-28T14:35:33","modified_gmt":"2025-02-28T14:35:33","slug":"wholesale-industrial-thermal-label-printer-id230-240","status":"publish","type":"product","link":"https:\/\/www.aiyin.com\/pt\/product\/wholesale-industrial-thermal-label-printer-id230-240\/","title":{"rendered":"Impressora de etiquetas t\u00e9rmicas industriais por atacado -ID230\/240, suporte a OEM e ODM - Fabricante de impressoras de etiquetas AiYin,"},"content":{"rendered":"<h2 class=\"wp-block-heading\">Detalhes da impressora t\u00e9rmica industrial de etiquetas - ID230\/240<\/h2>\n\n\n\n<hr class=\"wp-block-separator has-alpha-channel-opacity\" \/>\n\n\n\n<figure class=\"wp-block-image size-large\"><img decoding=\"async\" width=\"1265\" height=\"1280\" src=\"https:\/\/www.aiyin.com\/wp-content\/uploads\/2025\/02\/Industrial-Thermal-Label-Printer-Details-1-1265x1280.webp\" alt=\"Detalhes da impressora t\u00e9rmica industrial de etiquetas (1)\" class=\"wp-image-1803\" srcset=\"https:\/\/www.aiyin.com\/wp-content\/uploads\/2025\/02\/Industrial-Thermal-Label-Printer-Details-1-1265x1280.webp 1265w, https:\/\/www.aiyin.com\/wp-content\/uploads\/2025\/02\/Industrial-Thermal-Label-Printer-Details-1-768x777.webp 768w, https:\/\/www.aiyin.com\/wp-content\/uploads\/2025\/02\/Industrial-Thermal-Label-Printer-Details-1-600x607.webp 600w, https:\/\/www.aiyin.com\/wp-content\/uploads\/2025\/02\/Industrial-Thermal-Label-Printer-Details-1-100x100.webp 100w\" sizes=\"(max-width: 1265px) 100vw, 1265px\" \/><\/figure>","protected":false},"excerpt":{"rendered":"<p>Impressora de etiquetas t\u00e9rmicas industriais por atacado - ID230\/240, com capacidade de impress\u00e3o de alta velocidade de 300 mm por segundo e resolu\u00e7\u00e3o de impress\u00e3o de 203 dpi, equipada com cabe\u00e7ote de impress\u00e3o dur\u00e1vel de n\u00edvel industrial e estrutura s\u00f3lida de chapa met\u00e1lica de 1,5 mm, oferece estabilidade de longo prazo e longa vida \u00fatil, adequada para o processamento eficiente de etiquetas de pedidos de grande volume, especialmente adequada para os setores de log\u00edstica e com\u00e9rcio eletr\u00f4nico. Suporte a oem e odm, entre em contato conosco para obter uma cota\u00e7\u00e3o.<\/p>\n<h2>Recursos da impressora t\u00e9rmica industrial de etiquetas - ID230\/240<\/h2>\n<div>\n<p><strong>Impress\u00e3o em alta velocidade:<\/strong> Com uma velocidade de impress\u00e3o de 300 mm\/s, a Impressora Industrial de Etiquetas T\u00e9rmicas - ID230\/240 pode processar at\u00e9 8.300 pedidos por hora, garantindo a etiquetagem r\u00e1pida e eficiente de grandes pedidos.<\/p>\n<p><strong>Cabe\u00e7a de impress\u00e3o dur\u00e1vel de n\u00edvel industrial:<\/strong> A ID230\/240 \u00e9 equipada com um cabe\u00e7ote de impress\u00e3o de n\u00edvel industrial de alta qualidade, alta velocidade e resistente ao desgaste para garantir uma sa\u00edda de impress\u00e3o est\u00e1vel e de alta qualidade ao longo do tempo.<\/p>\n<p><strong>Compatibilidade com v\u00e1rios tamanhos de etiquetas:<\/strong> Suporta uma variedade de tamanhos de etiquetas, com uma largura de impress\u00e3o efetiva de at\u00e9 80 mm para a ID230 e de at\u00e9 108 mm para a ID240, para acomodar uma variedade de necessidades de etiquetagem.<\/p>\n<p><strong>Suporta c\u00f3digos de barras 1D e 2D:<\/strong> A Impressora Industrial de Etiquetas T\u00e9rmicas - ID230\/240 suporta c\u00f3digos de barras 1D e 2D, proporcionando flexibilidade para atender a diferentes requisitos de etiquetagem, especialmente para log\u00edstica e com\u00e9rcio eletr\u00f4nico.<\/p>\n<p><strong>Desempenho confi\u00e1vel e longa vida \u00fatil da impress\u00e3o:<\/strong> As impressoras t\u00eam uma vida \u00fatil de impress\u00e3o de 30 km (garantia) e 50 km (vida \u00fatil), garantindo confiabilidade a longo prazo e reduzindo o tempo de inatividade.<\/p>\n<\/div>","protected":false},"featured_media":1805,"comment_status":"closed","ping_status":"closed","template":"","meta":{"_acf_changed":true},"product_brand":[],"product_cat":[38],"product_tag":[],"class_list":{"0":"post-1802","1":"product","2":"type-product","3":"status-publish","4":"has-post-thumbnail","6":"product_cat-shipping-label-printer","7":"pa_industrial-grade-yes","8":"pa_paper-bin-with-paper-bin","10":"first","11":"instock","12":"shipping-taxable","13":"product-type-simple"},"acf":[],"_links":{"self":[{"href":"https:\/\/www.aiyin.com\/pt\/wp-json\/wp\/v2\/product\/1802","targetHints":{"allow":["GET"]}}],"collection":[{"href":"https:\/\/www.aiyin.com\/pt\/wp-json\/wp\/v2\/product"}],"about":[{"href":"https:\/\/www.aiyin.com\/pt\/wp-json\/wp\/v2\/types\/product"}],"replies":[{"embeddable":true,"href":"https:\/\/www.aiyin.com\/pt\/wp-json\/wp\/v2\/comments?post=1802"}],"wp:featuredmedia":[{"embeddable":true,"href":"https:\/\/www.aiyin.com\/pt\/wp-json\/wp\/v2\/media\/1805"}],"wp:attachment":[{"href":"https:\/\/www.aiyin.com\/pt\/wp-json\/wp\/v2\/media?parent=1802"}],"wp:term":[{"taxonomy":"product_brand","embeddable":true,"href":"https:\/\/www.aiyin.com\/pt\/wp-json\/wp\/v2\/product_brand?post=1802"},{"taxonomy":"product_cat","embeddable":true,"href":"https:\/\/www.aiyin.com\/pt\/wp-json\/wp\/v2\/product_cat?post=1802"},{"taxonomy":"product_tag","embeddable":true,"href":"https:\/\/www.aiyin.com\/pt\/wp-json\/wp\/v2\/product_tag?post=1802"}],"curies":[{"name":"wp","href":"https:\/\/api.w.org\/{rel}","templated":true}]}}