{"id":1794,"date":"2025-02-21T09:30:00","date_gmt":"2025-02-21T09:30:00","guid":{"rendered":"https:\/\/www.jinghuaceramic.com\/?post_type=product&#038;p=1794"},"modified":"2025-03-28T05:21:48","modified_gmt":"2025-03-28T05:21:48","slug":"wholesale-4-inches-professional-roll-label-printer-e40","status":"publish","type":"product","link":"https:\/\/www.aiyin.com\/pt\/product\/wholesale-4-inches-professional-roll-label-printer-e40\/","title":{"rendered":"Impressora de etiquetas de rolo profissional de 4 polegadas por atacado - E40, excelente impressora de etiquetas Ups, impressora de etiquetas Fedex"},"content":{"rendered":"<h2 class=\"wp-block-heading\">Detalhes da impressora profissional de etiquetas em rolo - E40<\/h2>\n\n\n\n<hr class=\"wp-block-separator has-alpha-channel-opacity\" \/>\n\n\n\n<figure class=\"wp-block-image size-large\"><img decoding=\"async\" width=\"1261\" height=\"1280\" src=\"https:\/\/www.aiyin.com\/wp-content\/uploads\/2025\/02\/E40-2-1261x1280.webp\" alt=\"\" class=\"wp-image-4096\" srcset=\"https:\/\/www.aiyin.com\/wp-content\/uploads\/2025\/02\/E40-2-1261x1280.webp 1261w, https:\/\/www.aiyin.com\/wp-content\/uploads\/2025\/02\/E40-2-768x780.webp 768w, https:\/\/www.aiyin.com\/wp-content\/uploads\/2025\/02\/E40-2-600x609.webp 600w\" sizes=\"(max-width: 1261px) 100vw, 1261px\" \/><\/figure>","protected":false},"excerpt":{"rendered":"<p>A impressora profissional de etiquetas em rolo de 4 polegadas, E40, oferece mais vantagens para a impress\u00e3o de etiquetas de alta demanda. Ela apresenta alinhamento inteligente e tecnologia de sensor preciso para garantir uma opera\u00e7\u00e3o perfeita e eficiente. Compat\u00edvel com uma ampla gama de materiais e sistemas operacionais, projetada para ser confi\u00e1vel e f\u00e1cil de usar, \u00e9 a solu\u00e7\u00e3o perfeita para impress\u00e3o de etiquetas em massa (incluindo etiquetas UPS e FedEx). O fabricante de etiquetas AiYin oferece servi\u00e7os profissionais de OEM e ODM. Entre em contato conosco para obter uma cota\u00e7\u00e3o.<\/p>\n<h2>Recursos da impressora profissional de etiquetas em rolo de 4 polegadas - E40<\/h2>\n<div>\n<p><strong>Desempenho de impress\u00e3o eficiente:<\/strong> A impressora profissional de etiquetas em rolo E40 suporta uma velocidade de impress\u00e3o de at\u00e9 100 mm\/s, garantindo o processamento r\u00e1pido de requisitos de etiquetas de grande volume, especialmente adequada para a impress\u00e3o de etiquetas expressas, como UPS e FedEx.<\/p>\n<p><strong>Ampla compatibilidade:<\/strong> Compat\u00edvel com uma variedade de tamanhos de etiquetas, especialmente adequado para etiquetas de 4 polegadas de largura, suporta amplamente plataformas de com\u00e9rcio eletr\u00f4nico e log\u00edstica internacionais, como Amazon, AliExpress, etc.<\/p>\n<p><strong>Opera\u00e7\u00e3o conveniente:<\/strong> A impressora profissional de etiquetas em rolo E40 \u00e9 compat\u00edvel com conex\u00e3o USB e conex\u00e3o Bluetooth, e pode ser operada de forma flex\u00edvel por meio de um computador ou telefone celular, o que torna a edi\u00e7\u00e3o e a impress\u00e3o de etiquetas convenientes e r\u00e1pidas.<\/p>\n<p><strong>F\u00e1cil manuten\u00e7\u00e3o:<\/strong> O design se concentra na facilidade de uso e na facilidade de limpeza e manuten\u00e7\u00e3o, reduzindo as falhas e os custos de manuten\u00e7\u00e3o.<\/p>\n<p><strong>Servi\u00e7o personalizado de OEM e ODM:<\/strong> Oferecemos a personaliza\u00e7\u00e3o da apar\u00eancia, do logotipo, da embalagem e das fun\u00e7\u00f5es das impressoras de etiquetas de acordo com os requisitos de marca, os requisitos funcionais e os conceitos de design dos clientes para atender \u00e0 aplica\u00e7\u00e3o de etiquetas de com\u00e9rcio eletr\u00f4nico, faturas de entrega expressa ou outros setores.<\/p>\n<\/div>","protected":false},"featured_media":1797,"comment_status":"closed","ping_status":"closed","template":"","meta":{"_acf_changed":false},"product_brand":[],"product_cat":[38],"product_tag":[],"class_list":{"0":"post-1794","1":"product","2":"type-product","3":"status-publish","4":"has-post-thumbnail","6":"product_cat-shipping-label-printer","7":"pa_industrial-grade-no","8":"pa_paper-bin-without-paper-bin","9":"pa_print-width-4-inches","11":"first","12":"instock","13":"shipping-taxable","14":"product-type-simple"},"acf":[],"_links":{"self":[{"href":"https:\/\/www.aiyin.com\/pt\/wp-json\/wp\/v2\/product\/1794","targetHints":{"allow":["GET"]}}],"collection":[{"href":"https:\/\/www.aiyin.com\/pt\/wp-json\/wp\/v2\/product"}],"about":[{"href":"https:\/\/www.aiyin.com\/pt\/wp-json\/wp\/v2\/types\/product"}],"replies":[{"embeddable":true,"href":"https:\/\/www.aiyin.com\/pt\/wp-json\/wp\/v2\/comments?post=1794"}],"wp:featuredmedia":[{"embeddable":true,"href":"https:\/\/www.aiyin.com\/pt\/wp-json\/wp\/v2\/media\/1797"}],"wp:attachment":[{"href":"https:\/\/www.aiyin.com\/pt\/wp-json\/wp\/v2\/media?parent=1794"}],"wp:term":[{"taxonomy":"product_brand","embeddable":true,"href":"https:\/\/www.aiyin.com\/pt\/wp-json\/wp\/v2\/product_brand?post=1794"},{"taxonomy":"product_cat","embeddable":true,"href":"https:\/\/www.aiyin.com\/pt\/wp-json\/wp\/v2\/product_cat?post=1794"},{"taxonomy":"product_tag","embeddable":true,"href":"https:\/\/www.aiyin.com\/pt\/wp-json\/wp\/v2\/product_tag?post=1794"}],"curies":[{"name":"wp","href":"https:\/\/api.w.org\/{rel}","templated":true}]}}