{"id":1765,"date":"2025-02-13T15:16:14","date_gmt":"2025-02-13T15:16:14","guid":{"rendered":"https:\/\/www.jinghuaceramic.com\/?post_type=product&#038;p=1765"},"modified":"2025-03-06T08:28:45","modified_gmt":"2025-03-06T08:28:45","slug":"wholesale-4-inches-thermal-rollo-label-printer-as240","status":"publish","type":"product","link":"https:\/\/www.aiyin.com\/pt\/product\/wholesale-4-inches-thermal-rollo-label-printer-as240\/","title":{"rendered":"Impressora t\u00e9rmica de etiquetas de rolo de 4 polegadas por atacado - AS240, a melhor impressora de etiquetas para remessas, compat\u00edvel com OEM e ODM"},"content":{"rendered":"<h2 class=\"wp-block-heading\">Detalhes da impressora t\u00e9rmica de etiquetas Rollo - AS240<\/h2>\n\n\n\n<hr class=\"wp-block-separator has-alpha-channel-opacity\" \/>\n\n\n\n<figure class=\"wp-block-image size-large\"><img decoding=\"async\" width=\"1280\" height=\"1266\" src=\"https:\/\/www.aiyin.com\/wp-content\/uploads\/2025\/02\/Thermal-Rollo-Label-Printer-AS240-Details-1-1-1280x1266.webp\" alt=\"Detalhes da impressora t\u00e9rmica de etiquetas de rolo AS240 (1)\" class=\"wp-image-1786\" srcset=\"https:\/\/www.aiyin.com\/wp-content\/uploads\/2025\/02\/Thermal-Rollo-Label-Printer-AS240-Details-1-1-1280x1266.webp 1280w, https:\/\/www.aiyin.com\/wp-content\/uploads\/2025\/02\/Thermal-Rollo-Label-Printer-AS240-Details-1-1-768x760.webp 768w, https:\/\/www.aiyin.com\/wp-content\/uploads\/2025\/02\/Thermal-Rollo-Label-Printer-AS240-Details-1-1-600x594.webp 600w, https:\/\/www.aiyin.com\/wp-content\/uploads\/2025\/02\/Thermal-Rollo-Label-Printer-AS240-Details-1-1-100x100.webp 100w, https:\/\/www.aiyin.com\/wp-content\/uploads\/2025\/02\/Thermal-Rollo-Label-Printer-AS240-Details-1-1.webp 1512w\" sizes=\"(max-width: 1280px) 100vw, 1280px\" \/><\/figure>","protected":false},"excerpt":{"rendered":"<p>A impressora t\u00e9rmica de etiquetas de rolo AS240 \u00e9 uma das melhores impressoras de etiquetas para remessa, equipada com um compartimento de papel sem eixo de 127 mm de grande capacidade, adequada para com\u00e9rcio eletr\u00f4nico, log\u00edstica de armazenamento, varejo e outros cen\u00e1rios. Totalmente compat\u00edvel com as principais plataformas de com\u00e9rcio eletr\u00f4nico e entrega expressa internacional. O fabricante da impressora de etiquetas Aiyin oferece servi\u00e7os personalizados de OEM e ODM, entre em contato conosco para obter uma cota\u00e7\u00e3o.<\/p>\n<h2>Recursos da impressora t\u00e9rmica de etiquetas de rolo de 4 polegadas - AS240<\/h2>\n<div>\n<p><strong>Design de capacidade ultragrande:<\/strong> A impressora t\u00e9rmica de etiquetas de rolo AS240 adota uma nova gera\u00e7\u00e3o de compartimento de papel grande de 127 mm, que pode acomodar papel de etiqueta em rolo ultragrande, reduzindo o problema de substitui\u00e7\u00e3o frequente de papel, e \u00e9 adequada para impress\u00e3o de etiquetas e r\u00f3tulos de grande volume.<\/p>\n<p><strong>Compat\u00edvel com uma variedade de pap\u00e9is para etiquetas:<\/strong> Suporta papel de 15 a 115 mm de largura, adapta-se a etiquetas de diferentes tamanhos em v\u00e1rios setores (como etiquetas eletr\u00f4nicas, etiquetas de produtos etc.) e atende \u00e0s necessidades de com\u00e9rcio eletr\u00f4nico internacional, armazenamento e log\u00edstica, supermercados e varejo e outros cen\u00e1rios.<\/p>\n<p><strong>Opera\u00e7\u00e3o multiterminal conveniente:<\/strong> A Thermal Rollo Label Printer AS240 \u00e9 compat\u00edvel com a edi\u00e7\u00e3o dual-end de telefones celulares (conex\u00e3o Bluetooth) e computadores (conex\u00e3o USB), sincroniza modelos e dados na nuvem e opera com flexibilidade a qualquer hora e em qualquer lugar para melhorar a efici\u00eancia do trabalho.<\/p>\n<p><strong>Adapta\u00e7\u00e3o profissional de software:<\/strong> O software profissional \"Label Manager\" oferece fun\u00e7\u00f5es avan\u00e7adas de edi\u00e7\u00e3o, como texto, c\u00f3digo de barras, c\u00f3digo QR etc., suporta a aplica\u00e7\u00e3o de modelos com um clique em v\u00e1rios setores e simplifica o processo de design de etiquetas.<\/p>\n<p><strong>Ampla compatibilidade:<\/strong> Oferece suporte total \u00e0 impress\u00e3o de etiquetas em mais de 30 plataformas de com\u00e9rcio eletr\u00f4nico e log\u00edstica internacionais, como Amazon, AliExpress, Temu, Shopify, etc., abrangendo as principais entregas expressas internacionais (FedEx, UPS, etc.).<\/p>\n<\/div>","protected":false},"featured_media":1780,"comment_status":"closed","ping_status":"closed","template":"","meta":{"_acf_changed":true},"product_brand":[],"product_cat":[38],"product_tag":[],"class_list":{"0":"post-1765","1":"product","2":"type-product","3":"status-publish","4":"has-post-thumbnail","6":"product_cat-shipping-label-printer","7":"pa_industrial-grade-no","8":"pa_paper-bin-with-paper-bin","9":"pa_print-width-4-inches","11":"first","12":"instock","13":"shipping-taxable","14":"product-type-simple"},"acf":[],"_links":{"self":[{"href":"https:\/\/www.aiyin.com\/pt\/wp-json\/wp\/v2\/product\/1765","targetHints":{"allow":["GET"]}}],"collection":[{"href":"https:\/\/www.aiyin.com\/pt\/wp-json\/wp\/v2\/product"}],"about":[{"href":"https:\/\/www.aiyin.com\/pt\/wp-json\/wp\/v2\/types\/product"}],"replies":[{"embeddable":true,"href":"https:\/\/www.aiyin.com\/pt\/wp-json\/wp\/v2\/comments?post=1765"}],"wp:featuredmedia":[{"embeddable":true,"href":"https:\/\/www.aiyin.com\/pt\/wp-json\/wp\/v2\/media\/1780"}],"wp:attachment":[{"href":"https:\/\/www.aiyin.com\/pt\/wp-json\/wp\/v2\/media?parent=1765"}],"wp:term":[{"taxonomy":"product_brand","embeddable":true,"href":"https:\/\/www.aiyin.com\/pt\/wp-json\/wp\/v2\/product_brand?post=1765"},{"taxonomy":"product_cat","embeddable":true,"href":"https:\/\/www.aiyin.com\/pt\/wp-json\/wp\/v2\/product_cat?post=1765"},{"taxonomy":"product_tag","embeddable":true,"href":"https:\/\/www.aiyin.com\/pt\/wp-json\/wp\/v2\/product_tag?post=1765"}],"curies":[{"name":"wp","href":"https:\/\/api.w.org\/{rel}","templated":true}]}}