{"id":1761,"date":"2025-02-12T14:57:55","date_gmt":"2025-02-12T14:57:55","guid":{"rendered":"https:\/\/www.jinghuaceramic.com\/?post_type=product&#038;p=1761"},"modified":"2025-06-14T02:22:03","modified_gmt":"2025-06-14T02:22:03","slug":"wholesale-4-inch-thermal-label-printer-ae241","status":"publish","type":"product","link":"https:\/\/www.aiyin.com\/pt\/product\/wholesale-4-inch-thermal-label-printer-ae241\/","title":{"rendered":"Impressora t\u00e9rmica de etiquetas personalizada, dispon\u00edvel para OEM e ODM, impressora de etiquetas de 4 polegadas - AE241"},"content":{"rendered":"<h2 class=\"wp-block-heading\">Detalhes da impressora t\u00e9rmica de etiquetas - AE241<\/h2>\n\n\n\n<hr class=\"wp-block-separator has-alpha-channel-opacity\"\/>\n\n\n\n<figure class=\"wp-block-image size-large\"><img decoding=\"async\" width=\"1272\" height=\"1280\" src=\"https:\/\/www.aiyin.com\/wp-content\/uploads\/2025\/02\/Custom-label-printer-AE240-details-1-1272x1280.webp\" alt=\"Detalhes da impressora de etiquetas personalizadas AE240 (1)\" class=\"wp-image-1762\" srcset=\"https:\/\/www.aiyin.com\/wp-content\/uploads\/2025\/02\/Custom-label-printer-AE240-details-1-1272x1280.webp 1272w, https:\/\/www.aiyin.com\/wp-content\/uploads\/2025\/02\/Custom-label-printer-AE240-details-1-150x150.webp 150w, https:\/\/www.aiyin.com\/wp-content\/uploads\/2025\/02\/Custom-label-printer-AE240-details-1-768x773.webp 768w, https:\/\/www.aiyin.com\/wp-content\/uploads\/2025\/02\/Custom-label-printer-AE240-details-1-600x604.webp 600w, https:\/\/www.aiyin.com\/wp-content\/uploads\/2025\/02\/Custom-label-printer-AE240-details-1-100x100.webp 100w\" sizes=\"(max-width: 1272px) 100vw, 1272px\" \/><\/figure>","protected":false},"excerpt":{"rendered":"<p>Impressora de etiquetas t\u00e9rmicas de 4 polegadas AE241 por atacado, fornecendo solu\u00e7\u00f5es profissionais de impressoras de etiquetas personalizadas OEM e ODM. A AE241 adota a tecnologia t\u00e9rmica, sem necessidade de tinta, com alta efici\u00eancia de impress\u00e3o, forte estabilidade e compat\u00edvel com v\u00e1rios sistemas operacionais. \u00c9 a escolha ideal para a impress\u00e3o de etiquetas em armaz\u00e9ns, log\u00edstica, varejo e outros setores. Entre em contato conosco para obter uma cota\u00e7\u00e3o.<\/p>\n<h2>Recursos da impressora t\u00e9rmica de etiquetas - AE241<\/h2>\n<div>\n<p><strong>Personaliza\u00e7\u00e3o OEM e ODM:<\/strong> Os fabricantes de impressoras de etiquetas da AiYin oferecem servi\u00e7os de OEM e ODM, que podem ser personalizados de acordo com as necessidades do cliente e atender ao fornecimento em grande escala.<\/p>\n<p><strong>Impress\u00e3o eficiente:<\/strong> A impressora t\u00e9rmica de etiquetas AE241 usa tecnologia t\u00e9rmica, n\u00e3o requer tinta ou fita, tem uma velocidade de impress\u00e3o r\u00e1pida, suporta a impress\u00e3o de etiquetas e guias de remessa eletr\u00f4nicos e atende a diferentes necessidades comerciais.<\/p>\n<p><strong>Largura de impress\u00e3o de 4 polegadas:<\/strong> Suporta a impress\u00e3o de etiquetas com uma largura de 4 polegadas, adequada para uma variedade de necessidades de etiquetas, especialmente etiquetas grandes ou etiquetas de c\u00f3digo de barras.<\/p>\n<p><strong>Forte estabilidade:<\/strong> O equipamento da impressora de etiquetas AE241 foi rigorosamente testado, e a vida \u00fatil da impress\u00e3o excede 30 quil\u00f4metros, garantindo alta estabilidade em trabalhos de alta carga de longo prazo.<\/p>\n<p><strong>Lixeira visual de papel:<\/strong> A impressora de etiquetas AE241 tem um compartimento de papel embutido e \u00e9 equipada com uma janela de inspe\u00e7\u00e3o do compartimento de papel, o que \u00e9 conveniente para observar a alimenta\u00e7\u00e3o de papel e o uso do papel de impress\u00e3o, tornando seu uso mais conveniente.<\/p>\n<\/div>","protected":false},"featured_media":1764,"comment_status":"closed","ping_status":"closed","template":"","meta":{"_acf_changed":true},"product_brand":[],"product_cat":[38],"product_tag":[],"class_list":{"0":"post-1761","1":"product","2":"type-product","3":"status-publish","4":"has-post-thumbnail","6":"product_cat-shipping-label-printer","7":"pa_industrial-grade-no","8":"pa_paper-bin-with-paper-bin","9":"pa_print-width-4-inches","11":"first","12":"instock","13":"shipping-taxable","14":"product-type-simple"},"acf":[],"_links":{"self":[{"href":"https:\/\/www.aiyin.com\/pt\/wp-json\/wp\/v2\/product\/1761","targetHints":{"allow":["GET"]}}],"collection":[{"href":"https:\/\/www.aiyin.com\/pt\/wp-json\/wp\/v2\/product"}],"about":[{"href":"https:\/\/www.aiyin.com\/pt\/wp-json\/wp\/v2\/types\/product"}],"replies":[{"embeddable":true,"href":"https:\/\/www.aiyin.com\/pt\/wp-json\/wp\/v2\/comments?post=1761"}],"wp:featuredmedia":[{"embeddable":true,"href":"https:\/\/www.aiyin.com\/pt\/wp-json\/wp\/v2\/media\/1764"}],"wp:attachment":[{"href":"https:\/\/www.aiyin.com\/pt\/wp-json\/wp\/v2\/media?parent=1761"}],"wp:term":[{"taxonomy":"product_brand","embeddable":true,"href":"https:\/\/www.aiyin.com\/pt\/wp-json\/wp\/v2\/product_brand?post=1761"},{"taxonomy":"product_cat","embeddable":true,"href":"https:\/\/www.aiyin.com\/pt\/wp-json\/wp\/v2\/product_cat?post=1761"},{"taxonomy":"product_tag","embeddable":true,"href":"https:\/\/www.aiyin.com\/pt\/wp-json\/wp\/v2\/product_tag?post=1761"}],"curies":[{"name":"wp","href":"https:\/\/api.w.org\/{rel}","templated":true}]}}