{"id":1747,"date":"2025-02-12T15:25:48","date_gmt":"2025-02-12T15:25:48","guid":{"rendered":"https:\/\/www.jinghuaceramic.com\/?post_type=product&#038;p=1747"},"modified":"2025-06-14T02:23:25","modified_gmt":"2025-06-14T02:23:25","slug":"wholesale-4-inch-desktop-thermal-label-printer-ae240","status":"publish","type":"product","link":"https:\/\/www.aiyin.com\/pt\/product\/wholesale-4-inch-desktop-thermal-label-printer-ae240\/","title":{"rendered":"Impressora de etiquetas t\u00e9rmicas de mesa de 4 polegadas por atacado - AE240, impressora de etiquetas profissional para o Office Depot"},"content":{"rendered":"<h2 class=\"wp-block-heading\">Detalhes da impressora t\u00e9rmica de etiquetas - AE240<\/h2>\n\n\n\n<hr class=\"wp-block-separator has-alpha-channel-opacity\" \/>\n\n\n\n<figure class=\"wp-block-image size-large\"><img decoding=\"async\" width=\"1255\" height=\"1280\" src=\"https:\/\/www.aiyin.com\/wp-content\/uploads\/2025\/02\/Thermal-Office-Depot-Label-Printer-Details-1-1255x1280.webp\" alt=\"Detalhes da impressora t\u00e9rmica de etiquetas Office Depot (1)\" class=\"wp-image-1748\" srcset=\"https:\/\/www.aiyin.com\/wp-content\/uploads\/2025\/02\/Thermal-Office-Depot-Label-Printer-Details-1-1255x1280.webp 1255w, https:\/\/www.aiyin.com\/wp-content\/uploads\/2025\/02\/Thermal-Office-Depot-Label-Printer-Details-1-768x783.webp 768w, https:\/\/www.aiyin.com\/wp-content\/uploads\/2025\/02\/Thermal-Office-Depot-Label-Printer-Details-1-600x612.webp 600w\" sizes=\"(max-width: 1255px) 100vw, 1255px\" \/><\/figure>\n\n\n\n<p><\/p>","protected":false},"excerpt":{"rendered":"<p>A impressora de etiquetas t\u00e9rmicas de mesa de 4 polegadas AE240, por atacado, suporta impress\u00e3o r\u00e1pida de 150 mm por segundo, oferece efeito de impress\u00e3o n\u00edtido de at\u00e9 203 dpi, o que a torna uma excelente impressora de etiquetas para escrit\u00f3rio, suporta USB, Bluetooth e outros m\u00e9todos de conex\u00e3o. Al\u00e9m disso, o fabricante da impressora de etiquetas AiYin oferece suporte profissional de software. Entre em contato conosco para obter uma cota\u00e7\u00e3o.<\/p>\n<h2>Recursos da impressora t\u00e9rmica de etiquetas de mesa de 4 polegadas - AE240<\/h2>\n<div>\n<p><strong>Melhorar a efici\u00eancia do escrit\u00f3rio:<\/strong> Obtenha impress\u00e3o em alta velocidade e suporte para v\u00e1rios tipos de etiquetas. A impressora de etiquetas AE240 da Office Depot \u00e9 especialmente adequada para a impress\u00e3o de etiquetas em lote, ajudando a melhorar a efici\u00eancia operacional de empresas de armazenamento, log\u00edstica e com\u00e9rcio eletr\u00f4nico.<\/p>\n<p><strong>Conex\u00e3o multi-interface:<\/strong> A impressora t\u00e9rmica de etiquetas AE240 tem uma interface USB integrada e suporta v\u00e1rios m\u00e9todos de conex\u00e3o, como Bluetooth, para garantir uma conex\u00e3o perfeita com diferentes dispositivos e se adaptar a v\u00e1rios ambientes de escrit\u00f3rio e armazenamento.<\/p>\n<p><strong>Longa vida \u00fatil:<\/strong> A vida \u00fatil da impress\u00e3o pode chegar a 30 quil\u00f4metros. A impressora t\u00e9rmica de etiquetas AE240 tem boa durabilidade e confiabilidade e \u00e9 adequada para cen\u00e1rios de uso com alta frequ\u00eancia.<\/p>\n<p><strong>Design visual da caixa de papel\u00e3o:<\/strong> A impressora t\u00e9rmica de etiquetas AE240 \u00e9 equipada com uma janela de observa\u00e7\u00e3o, o que \u00e9 conveniente para os usu\u00e1rios monitorarem o suprimento de papel e substitu\u00ed-lo a tempo.<\/p>\n<p><strong>Compatibilidade com pap\u00e9is flex\u00edveis:<\/strong> A faixa de largura efetiva de impress\u00e3o \u00e9 de 48 a 108 mm e suporta v\u00e1rios tipos de papel t\u00e9rmico para etiquetas.<\/p>\n<p><strong>Servi\u00e7o de OEM e ODM:<\/strong> O fabricante da impressora de etiquetas AiYIn oferece solu\u00e7\u00f5es completas e personalizadas para impressoras de etiquetas. Os clientes podem personalizar a marca e o design da apar\u00eancia da impressora, e n\u00f3s forneceremos suporte completo de design e desenvolvimento.<\/p>\n<\/div>","protected":false},"featured_media":2916,"comment_status":"closed","ping_status":"closed","template":"","meta":{"_acf_changed":true},"product_brand":[],"product_cat":[38],"product_tag":[],"class_list":{"0":"post-1747","1":"product","2":"type-product","3":"status-publish","4":"has-post-thumbnail","6":"product_cat-shipping-label-printer","7":"pa_industrial-grade-no","8":"pa_paper-bin-with-paper-bin","9":"pa_print-width-4-inches","11":"first","12":"instock","13":"shipping-taxable","14":"product-type-simple"},"acf":[],"_links":{"self":[{"href":"https:\/\/www.aiyin.com\/pt\/wp-json\/wp\/v2\/product\/1747","targetHints":{"allow":["GET"]}}],"collection":[{"href":"https:\/\/www.aiyin.com\/pt\/wp-json\/wp\/v2\/product"}],"about":[{"href":"https:\/\/www.aiyin.com\/pt\/wp-json\/wp\/v2\/types\/product"}],"replies":[{"embeddable":true,"href":"https:\/\/www.aiyin.com\/pt\/wp-json\/wp\/v2\/comments?post=1747"}],"wp:featuredmedia":[{"embeddable":true,"href":"https:\/\/www.aiyin.com\/pt\/wp-json\/wp\/v2\/media\/2916"}],"wp:attachment":[{"href":"https:\/\/www.aiyin.com\/pt\/wp-json\/wp\/v2\/media?parent=1747"}],"wp:term":[{"taxonomy":"product_brand","embeddable":true,"href":"https:\/\/www.aiyin.com\/pt\/wp-json\/wp\/v2\/product_brand?post=1747"},{"taxonomy":"product_cat","embeddable":true,"href":"https:\/\/www.aiyin.com\/pt\/wp-json\/wp\/v2\/product_cat?post=1747"},{"taxonomy":"product_tag","embeddable":true,"href":"https:\/\/www.aiyin.com\/pt\/wp-json\/wp\/v2\/product_tag?post=1747"}],"curies":[{"name":"wp","href":"https:\/\/api.w.org\/{rel}","templated":true}]}}