{"id":1743,"date":"2025-02-13T03:00:21","date_gmt":"2025-02-13T03:00:21","guid":{"rendered":"https:\/\/www.jinghuaceramic.com\/?post_type=product&#038;p=1743"},"modified":"2025-06-14T02:25:38","modified_gmt":"2025-06-14T02:25:38","slug":"wholesale-4-inch-desktop-thermal-label-printer-ad240","status":"publish","type":"product","link":"https:\/\/www.aiyin.com\/pt\/product\/wholesale-4-inch-desktop-thermal-label-printer-ad240\/","title":{"rendered":"Atacado Impressora t\u00e9rmica de etiquetas de mesa de 4 polegadas - AD240, impressora profissional de etiquetas de c\u00f3digo de barras, compat\u00edvel com OEM e ODM"},"content":{"rendered":"<h2 class=\"wp-block-heading\">Detalhes da impressora t\u00e9rmica de etiquetas de mesa de 4 polegadas<\/h2>\n\n\n\n<hr class=\"wp-block-separator has-alpha-channel-opacity\"\/>\n\n\n\n<figure class=\"wp-block-image size-large\"><img decoding=\"async\" width=\"1269\" height=\"1280\" src=\"https:\/\/www.aiyin.com\/wp-content\/uploads\/2025\/02\/Barcode-Label-Printer-Details-1-1269x1280.webp\" alt=\"Detalhes da impressora de etiquetas de c\u00f3digo de barras (1)\" class=\"wp-image-1744\" srcset=\"https:\/\/www.aiyin.com\/wp-content\/uploads\/2025\/02\/Barcode-Label-Printer-Details-1-1269x1280.webp 1269w, https:\/\/www.aiyin.com\/wp-content\/uploads\/2025\/02\/Barcode-Label-Printer-Details-1-150x150.webp 150w, https:\/\/www.aiyin.com\/wp-content\/uploads\/2025\/02\/Barcode-Label-Printer-Details-1-768x774.webp 768w, https:\/\/www.aiyin.com\/wp-content\/uploads\/2025\/02\/Barcode-Label-Printer-Details-1-600x605.webp 600w, https:\/\/www.aiyin.com\/wp-content\/uploads\/2025\/02\/Barcode-Label-Printer-Details-1-100x100.webp 100w\" sizes=\"(max-width: 1269px) 100vw, 1269px\" \/><\/figure>","protected":false},"excerpt":{"rendered":"<p>A impressora t\u00e9rmica de etiquetas de mesa de 4 polegadas AD240, como uma impressora de etiquetas de c\u00f3digo de barras de n\u00edvel profissional, \u00e9 compat\u00edvel com uma variedade de formatos de c\u00f3digo de barras e pap\u00e9is de etiquetas, adequada para log\u00edstica, com\u00e9rcio eletr\u00f4nico, varejo e outros setores. Adotando a tecnologia de impress\u00e3o de alta velocidade, a velocidade de impress\u00e3o pode chegar a 150 mm\/s, melhorando a efici\u00eancia do processamento de pedidos. Opera\u00e7\u00e3o simples, dispositivo compacto, adequado para uso em desktop. Entre em contato conosco para obter uma cota\u00e7\u00e3o.<\/p>\n<h2>Recursos da impressora t\u00e9rmica de etiquetas de 4 polegadas AD240<\/h2>\n<div>\n<p><strong>Certifica\u00e7\u00e3o internacional:<\/strong> A impressora t\u00e9rmica de etiquetas AD240 foi aprovada nas certifica\u00e7\u00f5es CE, UKCA e FCCID, atende aos padr\u00f5es globais de seguran\u00e7a e tem qualidade confi\u00e1vel.<\/p>\n<p><strong>Suporte a v\u00e1rios tipos de c\u00f3digos de barras:<\/strong> Como uma impressora profissional de etiquetas de c\u00f3digo de barras, a AD240 abrange c\u00f3digos 1D (C\u00f3digo 128, EAN-13, etc.) e 2D (c\u00f3digo QR, Data Matrix, etc.), adaptando-se \u00e0s necessidades de v\u00e1rios setores, como varejo, armazenamento e assist\u00eancia m\u00e9dica.<\/p>\n<p><strong>Impress\u00e3o em alta velocidade:<\/strong> Com uma capacidade de impress\u00e3o extremamente r\u00e1pida de 150 mm\/s, ele pode processar cerca de 4.200 pedidos por hora, melhorando consideravelmente a efici\u00eancia do processamento de pedidos, e \u00e9 adequado para cen\u00e1rios de alto rendimento, como log\u00edstica e com\u00e9rcio eletr\u00f4nico.<\/p>\n<p><strong>Diversos cen\u00e1rios aplic\u00e1veis:<\/strong> A impressora de etiquetas de c\u00f3digo de barras AD240 \u00e9 adequada para cen\u00e1rios de demanda de alta frequ\u00eancia e alta precis\u00e3o, como impress\u00e3o de guias de log\u00edstica, produ\u00e7\u00e3o de etiquetas de pre\u00e7o de varejo, gerenciamento de invent\u00e1rio de armaz\u00e9m e etiquetas de amostras m\u00e9dicas.<\/p>\n<p><strong>Suporte a servi\u00e7os de OEM e ODM:<\/strong> O fabricante da impressora de etiquetas AiYin fornece servi\u00e7os completos de personaliza\u00e7\u00e3o da marca, incluindo design de apar\u00eancia, sele\u00e7\u00e3o de cores, personaliza\u00e7\u00e3o de fun\u00e7\u00f5es, etc., para garantir que sua impressora t\u00e9rmica tenha um reconhecimento de marca exclusivo no mercado.<\/p>\n<\/div>","protected":false},"featured_media":1746,"comment_status":"closed","ping_status":"closed","template":"","meta":{"_acf_changed":true},"product_brand":[],"product_cat":[38],"product_tag":[],"class_list":{"0":"post-1743","1":"product","2":"type-product","3":"status-publish","4":"has-post-thumbnail","6":"product_cat-shipping-label-printer","7":"pa_industrial-grade-no","8":"pa_paper-bin-with-paper-bin","9":"pa_print-width-4-inches","11":"first","12":"instock","13":"shipping-taxable","14":"product-type-simple"},"acf":[],"_links":{"self":[{"href":"https:\/\/www.aiyin.com\/pt\/wp-json\/wp\/v2\/product\/1743","targetHints":{"allow":["GET"]}}],"collection":[{"href":"https:\/\/www.aiyin.com\/pt\/wp-json\/wp\/v2\/product"}],"about":[{"href":"https:\/\/www.aiyin.com\/pt\/wp-json\/wp\/v2\/types\/product"}],"replies":[{"embeddable":true,"href":"https:\/\/www.aiyin.com\/pt\/wp-json\/wp\/v2\/comments?post=1743"}],"wp:featuredmedia":[{"embeddable":true,"href":"https:\/\/www.aiyin.com\/pt\/wp-json\/wp\/v2\/media\/1746"}],"wp:attachment":[{"href":"https:\/\/www.aiyin.com\/pt\/wp-json\/wp\/v2\/media?parent=1743"}],"wp:term":[{"taxonomy":"product_brand","embeddable":true,"href":"https:\/\/www.aiyin.com\/pt\/wp-json\/wp\/v2\/product_brand?post=1743"},{"taxonomy":"product_cat","embeddable":true,"href":"https:\/\/www.aiyin.com\/pt\/wp-json\/wp\/v2\/product_cat?post=1743"},{"taxonomy":"product_tag","embeddable":true,"href":"https:\/\/www.aiyin.com\/pt\/wp-json\/wp\/v2\/product_tag?post=1743"}],"curies":[{"name":"wp","href":"https:\/\/api.w.org\/{rel}","templated":true}]}}