{"id":1732,"date":"2025-02-18T01:36:31","date_gmt":"2025-02-18T01:36:31","guid":{"rendered":"https:\/\/www.jinghuaceramic.com\/?post_type=product&#038;p=1732"},"modified":"2025-03-28T07:01:30","modified_gmt":"2025-03-28T07:01:30","slug":"wholesale-3-inch-thermal-label-printer-ad230-ad231","status":"publish","type":"product","link":"https:\/\/www.aiyin.com\/pt\/product\/wholesale-3-inch-thermal-label-printer-ad230-ad231\/","title":{"rendered":"Impressora t\u00e9rmica de etiquetas de 3 polegadas AD230\/AD231 por atacado, impressora profissional de etiquetas adesivas, compat\u00edvel com OEM e ODM"},"content":{"rendered":"<h2 class=\"wp-block-heading\">Detalhes da impressora t\u00e9rmica de etiquetas AD230\/AD231<\/h2>\n\n\n\n<hr class=\"wp-block-separator has-alpha-channel-opacity\" \/>\n\n\n\n<figure class=\"wp-block-image size-large\"><img decoding=\"async\" width=\"1261\" height=\"1280\" src=\"https:\/\/www.aiyin.com\/wp-content\/uploads\/2025\/02\/Sticker-Label-Printer-Details-1-1261x1280.webp\" alt=\"Detalhes da impressora de etiquetas adesivas (1)\" class=\"wp-image-1733\" srcset=\"https:\/\/www.aiyin.com\/wp-content\/uploads\/2025\/02\/Sticker-Label-Printer-Details-1-1261x1280.webp 1261w, https:\/\/www.aiyin.com\/wp-content\/uploads\/2025\/02\/Sticker-Label-Printer-Details-1-768x780.webp 768w, https:\/\/www.aiyin.com\/wp-content\/uploads\/2025\/02\/Sticker-Label-Printer-Details-1-600x609.webp 600w\" sizes=\"(max-width: 1261px) 100vw, 1261px\" \/><\/figure>","protected":false},"excerpt":{"rendered":"<p>A impressora t\u00e9rmica de etiquetas AD230\/AD231, AD230 \u00e9 compat\u00edvel com v\u00e1rios tipos de papel t\u00e9rmico, incluindo papel para etiquetas, papel para recibos e papel autoadesivo. O cabe\u00e7ote de impress\u00e3o resistente ao desgaste e a longa vida \u00fatil garantem uma qualidade de impress\u00e3o cont\u00ednua e est\u00e1vel, o que pode atender com efic\u00e1cia \u00e0s necessidades de v\u00e1rias aplica\u00e7\u00f5es, como varejo, log\u00edstica, armaz\u00e9m, medicina, produ\u00e7\u00e3o e catering. Suporte a servi\u00e7os OEM e ODM, entre em contato conosco para obter uma cota\u00e7\u00e3o.<\/p>\n<h2>Recursos da impressora t\u00e9rmica de etiquetas de 3 polegadas AD230\/AD231<\/h2>\n<div>\n<p><strong>Design de caixa maior:<\/strong> A impressora t\u00e9rmica de etiquetas \u00e9 equipada com uma caixa grande de 104 mm, que \u00e9 conveniente para os usu\u00e1rios carregarem o papel, e a caixa externa pode ser instalada para atender a necessidades maiores.<\/p>\n<p><strong>Suporte a v\u00e1rios c\u00f3digos de barras:<\/strong> A impressora t\u00e9rmica de etiquetas AD230 suporta uma variedade de c\u00f3digos de barras 1D e 2D, incluindo CODE39, CODE128, c\u00f3digo QR, etc.<\/p>\n<p><strong>V\u00e1rios tipos de papel aplic\u00e1veis:<\/strong> A impressora t\u00e9rmica de etiquetas AD230\/AD231 \u00e9 compat\u00edvel com v\u00e1rios tipos de papel t\u00e9rmico, papel t\u00e9rmico autoadesivo, papel t\u00e9rmico para etiquetas e papel t\u00e9rmico para recibos.<\/p>\n<p><strong>V\u00e1rios cen\u00e1rios aplic\u00e1veis:<\/strong><\/p>\n<ul>\n<li><strong>Log\u00edstica e distribui\u00e7\u00e3o:<\/strong> Adequado para imprimir etiquetas expressas e documentos de transporte para garantir a transmiss\u00e3o precisa de informa\u00e7\u00f5es durante o processo de log\u00edstica.<\/li>\n<li><strong>Gerenciamento de armaz\u00e9m:<\/strong> Pode imprimir etiquetas de invent\u00e1rio e c\u00f3digos de barras de produtos para facilitar o gerenciamento e o rastreamento de cargas.<\/li>\n<li><strong>Setor m\u00e9dico:<\/strong> Usado para imprimir r\u00f3tulos de medicamentos, r\u00f3tulos de informa\u00e7\u00f5es de pacientes, etc., para melhorar a precis\u00e3o do gerenciamento de informa\u00e7\u00f5es m\u00e9dicas.<\/li>\n<li><strong>Fabrica\u00e7\u00e3o:<\/strong> Pode ser usado para imprimir etiquetas de data de produ\u00e7\u00e3o, c\u00f3digos de rastreabilidade de produtos, etc., para garantir a qualidade e a conformidade do produto.<\/li>\n<\/ul>\n<\/div>","protected":false},"featured_media":1735,"comment_status":"closed","ping_status":"closed","template":"","meta":{"_acf_changed":true},"product_brand":[],"product_cat":[38],"product_tag":[],"class_list":{"0":"post-1732","1":"product","2":"type-product","3":"status-publish","4":"has-post-thumbnail","6":"product_cat-shipping-label-printer","7":"pa_industrial-grade-no","8":"pa_paper-bin-with-paper-bin","9":"pa_print-width-3-inches","11":"first","12":"instock","13":"shipping-taxable","14":"product-type-simple"},"acf":[],"_links":{"self":[{"href":"https:\/\/www.aiyin.com\/pt\/wp-json\/wp\/v2\/product\/1732","targetHints":{"allow":["GET"]}}],"collection":[{"href":"https:\/\/www.aiyin.com\/pt\/wp-json\/wp\/v2\/product"}],"about":[{"href":"https:\/\/www.aiyin.com\/pt\/wp-json\/wp\/v2\/types\/product"}],"replies":[{"embeddable":true,"href":"https:\/\/www.aiyin.com\/pt\/wp-json\/wp\/v2\/comments?post=1732"}],"wp:featuredmedia":[{"embeddable":true,"href":"https:\/\/www.aiyin.com\/pt\/wp-json\/wp\/v2\/media\/1735"}],"wp:attachment":[{"href":"https:\/\/www.aiyin.com\/pt\/wp-json\/wp\/v2\/media?parent=1732"}],"wp:term":[{"taxonomy":"product_brand","embeddable":true,"href":"https:\/\/www.aiyin.com\/pt\/wp-json\/wp\/v2\/product_brand?post=1732"},{"taxonomy":"product_cat","embeddable":true,"href":"https:\/\/www.aiyin.com\/pt\/wp-json\/wp\/v2\/product_cat?post=1732"},{"taxonomy":"product_tag","embeddable":true,"href":"https:\/\/www.aiyin.com\/pt\/wp-json\/wp\/v2\/product_tag?post=1732"}],"curies":[{"name":"wp","href":"https:\/\/api.w.org\/{rel}","templated":true}]}}