{"id":1721,"date":"2025-02-21T01:20:00","date_gmt":"2025-02-21T01:20:00","guid":{"rendered":"https:\/\/www.jinghuaceramic.com\/?post_type=product&#038;p=1721"},"modified":"2025-03-28T05:22:30","modified_gmt":"2025-03-28T05:22:30","slug":"wholesale-3-inches-thermal-label-printer-ac230","status":"publish","type":"product","link":"https:\/\/www.aiyin.com\/pt\/product\/wholesale-3-inches-thermal-label-printer-ac230\/","title":{"rendered":"Atacado Impressora de etiquetas t\u00e9rmicas de 3 polegadas AC230, \u00f3tima para remessas, produtos; Suporte de servi\u00e7o profissional para impressoras de etiquetas personalizadas"},"content":{"rendered":"<h2 class=\"wp-block-heading\">Detalhes da impressora t\u00e9rmica de etiquetas - AC230<\/h2>\n\n\n\n<hr class=\"wp-block-separator has-alpha-channel-opacity\" \/>\n\n\n\n<figure class=\"wp-block-image size-large\"><img decoding=\"async\" width=\"1262\" height=\"1280\" src=\"https:\/\/www.aiyin.com\/wp-content\/uploads\/2025\/02\/Thermal-Label-Printer-Details-1-1262x1280.webp\" alt=\"Detalhes da impressora de etiquetas t\u00e9rmicas (1)\" class=\"wp-image-1722\" srcset=\"https:\/\/www.aiyin.com\/wp-content\/uploads\/2025\/02\/Thermal-Label-Printer-Details-1-1262x1280.webp 1262w, https:\/\/www.aiyin.com\/wp-content\/uploads\/2025\/02\/Thermal-Label-Printer-Details-1-768x779.webp 768w, https:\/\/www.aiyin.com\/wp-content\/uploads\/2025\/02\/Thermal-Label-Printer-Details-1-600x609.webp 600w, https:\/\/www.aiyin.com\/wp-content\/uploads\/2025\/02\/Thermal-Label-Printer-Details-1-100x100.webp 100w\" sizes=\"(max-width: 1262px) 100vw, 1262px\" \/><\/figure>","protected":false},"excerpt":{"rendered":"<p>A impressora t\u00e9rmica de etiquetas AC230 foi projetada para impress\u00e3o de etiquetas de remessa e de produtos, com as vantagens de impress\u00e3o eficiente, opera\u00e7\u00e3o sem tinta, durabilidade e estabilidade. Adequada para papel de 25 a 80 mm, \u00e9 a escolha ideal para os setores de log\u00edstica e varejo. Suporte a OEM e ODM, entre em contato conosco para obter uma cota\u00e7\u00e3o.<\/p>\n<h2>Recursos da impressora t\u00e9rmica de etiquetas - A230<\/h2>\n<div>\n<p><strong>Velocidade de impress\u00e3o eficiente:<\/strong> A impressora t\u00e9rmica de etiquetas AC230 suporta a impress\u00e3o r\u00e1pida de etiquetas e melhora a efici\u00eancia do trabalho, sendo especialmente adequada para cen\u00e1rios que exigem impress\u00e3o em grande escala, como etiquetas de remessa e de produtos.<\/p>\n<p><strong>Sem tinta, economiza custos:<\/strong> O uso da tecnologia t\u00e9rmica dispensa o uso de tinta ou fita, aumenta a efici\u00eancia e reduz os custos de uso a longo prazo.<\/p>\n<p><strong>Alta durabilidade:<\/strong> A impressora t\u00e9rmica de etiquetas AC230 tem um design robusto e pode suportar trabalhos de longa dura\u00e7\u00e3o e alta carga, sendo adequada para uso em ambientes comerciais.<\/p>\n<p><strong>Ampla compatibilidade:<\/strong> A impressora t\u00e9rmica de etiquetas AC230 \u00e9 compat\u00edvel com uma variedade de tipos e tamanhos de etiquetas para se adaptar a diferentes necessidades de impress\u00e3o, incluindo etiquetas de remessa, mercadorias e log\u00edstica.<\/p>\n<p><strong>Servi\u00e7os de OEM e ODM:<\/strong> Oferecemos servi\u00e7os de personaliza\u00e7\u00e3o OEM e ODM para ajudar os clientes a personalizar as impressoras de etiquetas de acordo com as necessidades de suas pr\u00f3prias marcas e criar produtos personalizados que atendam \u00e0s necessidades do mercado.<\/p>\n<\/div>","protected":false},"featured_media":2918,"comment_status":"closed","ping_status":"closed","template":"","meta":{"_acf_changed":true},"product_brand":[],"product_cat":[38],"product_tag":[],"class_list":{"0":"post-1721","1":"product","2":"type-product","3":"status-publish","4":"has-post-thumbnail","6":"product_cat-shipping-label-printer","7":"pa_industrial-grade-no","8":"pa_paper-bin-with-paper-bin","9":"pa_print-width-3-inches","11":"first","12":"instock","13":"shipping-taxable","14":"product-type-simple"},"acf":[],"_links":{"self":[{"href":"https:\/\/www.aiyin.com\/pt\/wp-json\/wp\/v2\/product\/1721","targetHints":{"allow":["GET"]}}],"collection":[{"href":"https:\/\/www.aiyin.com\/pt\/wp-json\/wp\/v2\/product"}],"about":[{"href":"https:\/\/www.aiyin.com\/pt\/wp-json\/wp\/v2\/types\/product"}],"replies":[{"embeddable":true,"href":"https:\/\/www.aiyin.com\/pt\/wp-json\/wp\/v2\/comments?post=1721"}],"wp:featuredmedia":[{"embeddable":true,"href":"https:\/\/www.aiyin.com\/pt\/wp-json\/wp\/v2\/media\/2918"}],"wp:attachment":[{"href":"https:\/\/www.aiyin.com\/pt\/wp-json\/wp\/v2\/media?parent=1721"}],"wp:term":[{"taxonomy":"product_brand","embeddable":true,"href":"https:\/\/www.aiyin.com\/pt\/wp-json\/wp\/v2\/product_brand?post=1721"},{"taxonomy":"product_cat","embeddable":true,"href":"https:\/\/www.aiyin.com\/pt\/wp-json\/wp\/v2\/product_cat?post=1721"},{"taxonomy":"product_tag","embeddable":true,"href":"https:\/\/www.aiyin.com\/pt\/wp-json\/wp\/v2\/product_tag?post=1721"}],"curies":[{"name":"wp","href":"https:\/\/api.w.org\/{rel}","templated":true}]}}