{"id":1713,"date":"2025-02-21T09:32:01","date_gmt":"2025-02-21T09:32:01","guid":{"rendered":"https:\/\/www.jinghuaceramic.com\/?post_type=product&#038;p=1713"},"modified":"2025-03-28T07:03:05","modified_gmt":"2025-03-28T07:03:05","slug":"wholesale-bluetooth-label-printer-a82","status":"publish","type":"product","link":"https:\/\/www.aiyin.com\/pt\/product\/wholesale-bluetooth-label-printer-a82\/","title":{"rendered":"Impressora de etiquetas Bluetooth de 4 polegadas por atacado - A82, fornecendo servi\u00e7o de impressora de etiquetas personalizadas, com suporte a v\u00e1rios cen\u00e1rios"},"content":{"rendered":"<h2 class=\"wp-block-heading\">Detalhes da impressora de etiquetas Bluetooth - A82<\/h2>\n\n\n\n<hr class=\"wp-block-separator has-alpha-channel-opacity\" \/>\n\n\n\n<figure class=\"wp-block-image size-large\"><img decoding=\"async\" width=\"1268\" height=\"1280\" src=\"https:\/\/www.aiyin.com\/wp-content\/uploads\/2025\/02\/bluetooth-label-printer-details-1-1268x1280.webp\" alt=\"Detalhes da impressora de etiquetas bluetooth (1)\" class=\"wp-image-1714\" srcset=\"https:\/\/www.aiyin.com\/wp-content\/uploads\/2025\/02\/bluetooth-label-printer-details-1-1268x1280.webp 1268w, https:\/\/www.aiyin.com\/wp-content\/uploads\/2025\/02\/bluetooth-label-printer-details-1-150x150.webp 150w, https:\/\/www.aiyin.com\/wp-content\/uploads\/2025\/02\/bluetooth-label-printer-details-1-768x775.webp 768w, https:\/\/www.aiyin.com\/wp-content\/uploads\/2025\/02\/bluetooth-label-printer-details-1-600x606.webp 600w, https:\/\/www.aiyin.com\/wp-content\/uploads\/2025\/02\/bluetooth-label-printer-details-1-100x100.webp 100w\" sizes=\"(max-width: 1268px) 100vw, 1268px\" \/><\/figure>","protected":false},"excerpt":{"rendered":"<p>Impressora de etiquetas Bluetooth por atacado, que fornece conex\u00e3o sem fio e solu\u00e7\u00f5es de impress\u00e3o r\u00e1pida, com suporte para impress\u00e3o de c\u00f3digos de barras 1D e 2D, adequada para etiquetagem de mercadorias, gerenciamento de estoque, impress\u00e3o de entrega expressa e outros cen\u00e1rios. Especialmente adequada para lojas de varejo, gerenciamento de armaz\u00e9ns e setores de log\u00edstica. A r\u00e1pida velocidade de impress\u00e3o garante uma opera\u00e7\u00e3o eficiente, perfeitamente adaptada \u00e0s necessidades das empresas modernas. Suporte a OEM e ODM, entre em contato conosco para obter uma cota\u00e7\u00e3o.<\/p>\n<h2>Recursos da impressora de etiquetas Bluetooth - A82<\/h2>\n<div>\n<p><strong>Conex\u00e3o sem fio:<\/strong> A Bluetooth Label Printer A82 \u00e9 compat\u00edvel com a tecnologia Bluetooth, que permite a conex\u00e3o sem fio com v\u00e1rios dispositivos m\u00f3veis, simplificando o processo de conex\u00e3o entre os dispositivos.<\/p>\n<p><strong>Design que economiza espa\u00e7o:<\/strong> O design sem papel \u00e9 adotado, e a abertura lateral \u00e9 conveniente para colocar o papel, proporcionando uma experi\u00eancia de opera\u00e7\u00e3o suave e impress\u00e3o r\u00e1pida.<\/p>\n<p><strong>Cabe\u00e7a de impress\u00e3o resistente ao desgaste:<\/strong> A impressora de etiquetas Bluetooth A82 tem uma cabe\u00e7a de impress\u00e3o profissional resistente ao desgaste para garantir uma qualidade de impress\u00e3o n\u00edtida e dur\u00e1vel.<\/p>\n<p><strong>Adequado para v\u00e1rios tamanhos de papel:<\/strong> A Bluetooth Label Printer A82 \u00e9 compat\u00edvel com papel de etiqueta t\u00e9rmica, com largura de papel ajust\u00e1vel, adequada para papel de 40 a 112 mm.<\/p>\n<p><strong>Versatilidade:<\/strong><\/p>\n<ul>\n<li><strong>Setor de varejo:<\/strong> Impress\u00e3o de etiquetas de produtos, usada para imprimir etiquetas de pre\u00e7o, c\u00f3digos de barras e instru\u00e7\u00f5es em produtos.<\/li>\n<li><strong>Etiquetas de remessa:<\/strong> Garantir a entrega precisa de informa\u00e7\u00f5es log\u00edsticas, imprimindo pedidos de remessa e etiquetas de carga.<\/li>\n<li><strong>Etiquetas de documentos:<\/strong> Imprima rapidamente etiquetas de pastas e de arquivos para aumentar a efici\u00eancia do escrit\u00f3rio e a padroniza\u00e7\u00e3o do gerenciamento de documentos.<\/li>\n<\/ul>\n<\/div>","protected":false},"featured_media":1716,"comment_status":"closed","ping_status":"closed","template":"","meta":{"_acf_changed":true},"product_brand":[],"product_cat":[38],"product_tag":[],"class_list":{"0":"post-1713","1":"product","2":"type-product","3":"status-publish","4":"has-post-thumbnail","6":"product_cat-shipping-label-printer","7":"pa_industrial-grade-no","8":"pa_paper-bin-without-paper-bin","9":"pa_print-width-4-inches","11":"first","12":"instock","13":"shipping-taxable","14":"product-type-simple"},"acf":[],"_links":{"self":[{"href":"https:\/\/www.aiyin.com\/pt\/wp-json\/wp\/v2\/product\/1713","targetHints":{"allow":["GET"]}}],"collection":[{"href":"https:\/\/www.aiyin.com\/pt\/wp-json\/wp\/v2\/product"}],"about":[{"href":"https:\/\/www.aiyin.com\/pt\/wp-json\/wp\/v2\/types\/product"}],"replies":[{"embeddable":true,"href":"https:\/\/www.aiyin.com\/pt\/wp-json\/wp\/v2\/comments?post=1713"}],"wp:featuredmedia":[{"embeddable":true,"href":"https:\/\/www.aiyin.com\/pt\/wp-json\/wp\/v2\/media\/1716"}],"wp:attachment":[{"href":"https:\/\/www.aiyin.com\/pt\/wp-json\/wp\/v2\/media?parent=1713"}],"wp:term":[{"taxonomy":"product_brand","embeddable":true,"href":"https:\/\/www.aiyin.com\/pt\/wp-json\/wp\/v2\/product_brand?post=1713"},{"taxonomy":"product_cat","embeddable":true,"href":"https:\/\/www.aiyin.com\/pt\/wp-json\/wp\/v2\/product_cat?post=1713"},{"taxonomy":"product_tag","embeddable":true,"href":"https:\/\/www.aiyin.com\/pt\/wp-json\/wp\/v2\/product_tag?post=1713"}],"curies":[{"name":"wp","href":"https:\/\/api.w.org\/{rel}","templated":true}]}}