{"id":1705,"date":"2025-02-21T10:56:31","date_gmt":"2025-02-21T10:56:31","guid":{"rendered":"https:\/\/www.jinghuaceramic.com\/?post_type=product&#038;p=1705"},"modified":"2025-03-28T07:04:22","modified_gmt":"2025-03-28T07:04:22","slug":"wholesale-4-inch-business-label-printer-a81","status":"publish","type":"product","link":"https:\/\/www.aiyin.com\/pt\/product\/wholesale-4-inch-business-label-printer-a81\/","title":{"rendered":"Impressora de etiquetas comerciais de 4 polegadas por atacado - A81, compat\u00edvel com OEM e ODM - Fabricante de impressoras de etiquetas AiYin"},"content":{"rendered":"<h2 class=\"wp-block-heading\">Detalhes da impressora de etiquetas comerciais de 4 polegadas - A81<\/h2>\n\n\n\n<hr class=\"wp-block-separator has-alpha-channel-opacity\" \/>\n\n\n\n<figure class=\"wp-block-image size-large\"><img decoding=\"async\" width=\"1268\" height=\"1280\" src=\"https:\/\/www.aiyin.com\/wp-content\/uploads\/2025\/02\/4-inch-Business-Label-Printer-Details-1-1268x1280.webp\" alt=\"Detalhes da impressora de etiquetas comerciais de 4 polegadas (1)\" class=\"wp-image-1706\" srcset=\"https:\/\/www.aiyin.com\/wp-content\/uploads\/2025\/02\/4-inch-Business-Label-Printer-Details-1-1268x1280.webp 1268w, https:\/\/www.aiyin.com\/wp-content\/uploads\/2025\/02\/4-inch-Business-Label-Printer-Details-1-150x150.webp 150w, https:\/\/www.aiyin.com\/wp-content\/uploads\/2025\/02\/4-inch-Business-Label-Printer-Details-1-768x775.webp 768w, https:\/\/www.aiyin.com\/wp-content\/uploads\/2025\/02\/4-inch-Business-Label-Printer-Details-1-600x606.webp 600w, https:\/\/www.aiyin.com\/wp-content\/uploads\/2025\/02\/4-inch-Business-Label-Printer-Details-1-100x100.webp 100w\" sizes=\"(max-width: 1268px) 100vw, 1268px\" \/><\/figure>","protected":false},"excerpt":{"rendered":"<p>Impressora de etiquetas comerciais de 4 polegadas no atacado, com recursos como impress\u00e3o r\u00e1pida, alimenta\u00e7\u00e3o autom\u00e1tica de papel e alta resolu\u00e7\u00e3o, adequada para necessidades eficientes de impress\u00e3o de etiquetas em v\u00e1rios setores. Amplamente utilizada em supermercados, log\u00edstica, buf\u00eas e outros setores, suporta impress\u00e3o de c\u00f3digos de barras 1D e 2D. Com a capacidade de processar 4.200 pedidos por hora, \u00e9 a escolha ideal para melhorar a efici\u00eancia do trabalho. Adequado para remessas em massa, gerenciamento de armaz\u00e9ns e varejistas. <strong>Suporte a OEM e ODM, entre em contato conosco para obter uma cota\u00e7\u00e3o.<\/strong><\/p>\n<h2>Recursos da impressora de etiquetas comerciais de 4 polegadas - A81<\/h2>\n<div>\n<p><strong>Design que economiza espa\u00e7o:<\/strong> A impressora de etiquetas comerciais a81 adota um design exclusivo sem bandeja de papel e uma tampa de abertura lateral, o que torna a coloca\u00e7\u00e3o do papel e as opera\u00e7\u00f5es de impress\u00e3o mais convenientes e com economia de espa\u00e7o.<\/p>\n<p><strong>Sa\u00edda de impress\u00e3o r\u00e1pida:<\/strong> A impressora de etiquetas comerciais A81 tem uma velocidade de impress\u00e3o de 150 mm\/s e pode processar cerca de 4.200 pedidos por hora, atendendo \u00e0s necessidades de impress\u00e3o eficiente de etiquetas<\/p>\n<p><strong>Alta resolu\u00e7\u00e3o de impress\u00e3o:<\/strong> Com uma resolu\u00e7\u00e3o de impress\u00e3o de 203 dpi, \u00e9 adequado para c\u00f3digos de barras 1d (como codabar, code128, etc.) e 2d (como pdf417, qr code, etc.).<\/p>\n<p><strong>Interface de alta qualidade:<\/strong> A impressora de etiquetas comerciais a81 oferece uma interface USB e conex\u00e3o bluetooth opcional para impress\u00e3o sem fio conveniente.<\/p>\n<p><strong>Peso moderado:<\/strong> O dispositivo pesa 904 g, o que \u00e9 f\u00e1cil de colocar e usar.<\/p>\n<\/div>","protected":false},"featured_media":1708,"comment_status":"closed","ping_status":"closed","template":"","meta":{"_acf_changed":false},"product_brand":[],"product_cat":[38],"product_tag":[],"class_list":{"0":"post-1705","1":"product","2":"type-product","3":"status-publish","4":"has-post-thumbnail","6":"product_cat-shipping-label-printer","7":"pa_industrial-grade-no","8":"pa_paper-bin-without-paper-bin","9":"pa_print-width-4-inches","11":"first","12":"instock","13":"shipping-taxable","14":"product-type-simple"},"acf":[],"_links":{"self":[{"href":"https:\/\/www.aiyin.com\/pt\/wp-json\/wp\/v2\/product\/1705","targetHints":{"allow":["GET"]}}],"collection":[{"href":"https:\/\/www.aiyin.com\/pt\/wp-json\/wp\/v2\/product"}],"about":[{"href":"https:\/\/www.aiyin.com\/pt\/wp-json\/wp\/v2\/types\/product"}],"replies":[{"embeddable":true,"href":"https:\/\/www.aiyin.com\/pt\/wp-json\/wp\/v2\/comments?post=1705"}],"wp:featuredmedia":[{"embeddable":true,"href":"https:\/\/www.aiyin.com\/pt\/wp-json\/wp\/v2\/media\/1708"}],"wp:attachment":[{"href":"https:\/\/www.aiyin.com\/pt\/wp-json\/wp\/v2\/media?parent=1705"}],"wp:term":[{"taxonomy":"product_brand","embeddable":true,"href":"https:\/\/www.aiyin.com\/pt\/wp-json\/wp\/v2\/product_brand?post=1705"},{"taxonomy":"product_cat","embeddable":true,"href":"https:\/\/www.aiyin.com\/pt\/wp-json\/wp\/v2\/product_cat?post=1705"},{"taxonomy":"product_tag","embeddable":true,"href":"https:\/\/www.aiyin.com\/pt\/wp-json\/wp\/v2\/product_tag?post=1705"}],"curies":[{"name":"wp","href":"https:\/\/api.w.org\/{rel}","templated":true}]}}