{"id":1687,"date":"2025-02-21T12:55:52","date_gmt":"2025-02-21T12:55:52","guid":{"rendered":"https:\/\/www.jinghuaceramic.com\/?post_type=product&#038;p=1687"},"modified":"2025-03-28T05:21:18","modified_gmt":"2025-03-28T05:21:18","slug":"wholesale-3-inch-wireless-shipping-thermal-label-printer","status":"publish","type":"product","link":"https:\/\/www.aiyin.com\/pt\/product\/wholesale-3-inch-wireless-shipping-thermal-label-printer\/","title":{"rendered":"Impressora de etiquetas t\u00e9rmicas sem fio de 3 polegadas para remessa no atacado - A71, compat\u00edvel com OEM e ODM"},"content":{"rendered":"<h2 class=\"wp-block-heading\">Detalhes da impressora de etiquetas de remessa sem fio - A71<\/h2>\n\n\n\n<hr class=\"wp-block-separator has-alpha-channel-opacity\" \/>\n\n\n\n<figure class=\"wp-block-image size-large\"><img decoding=\"async\" width=\"1263\" height=\"1280\" src=\"https:\/\/www.aiyin.com\/wp-content\/uploads\/2025\/02\/Wireless-Shipping-Thermal-Label-Printer-Details-1-1263x1280.webp\" alt=\"Detalhes da impressora t\u00e9rmica de etiquetas de remessa sem fio (1)\" class=\"wp-image-1698\" srcset=\"https:\/\/www.aiyin.com\/wp-content\/uploads\/2025\/02\/Wireless-Shipping-Thermal-Label-Printer-Details-1-1263x1280.webp 1263w, https:\/\/www.aiyin.com\/wp-content\/uploads\/2025\/02\/Wireless-Shipping-Thermal-Label-Printer-Details-1-768x778.webp 768w, https:\/\/www.aiyin.com\/wp-content\/uploads\/2025\/02\/Wireless-Shipping-Thermal-Label-Printer-Details-1-600x608.webp 600w, https:\/\/www.aiyin.com\/wp-content\/uploads\/2025\/02\/Wireless-Shipping-Thermal-Label-Printer-Details-1-100x100.webp 100w\" sizes=\"(max-width: 1263px) 100vw, 1263px\" \/><\/figure>","protected":false},"excerpt":{"rendered":"<p>Impressoras de etiquetas t\u00e9rmicas para remessa sem fio no atacado, que oferecem solu\u00e7\u00f5es r\u00e1pidas e eficientes de impress\u00e3o de etiquetas. Com suporte para papel de etiqueta t\u00e9rmica de 48 mm a 80 mm de largura, ela pode processar cerca de 5.000 pedidos por hora, o que \u00e9 adequado para v\u00e1rias necessidades do setor. Suporte a OEM e ODM, entre em contato conosco para obter uma cota\u00e7\u00e3o.<\/p>\n<h2>Recursos da impressora de etiquetas de remessa sem fio - A71<\/h2>\n<div>\n<p><strong>Compacto e conveniente:<\/strong> A impressora t\u00e9rmica de etiquetas para remessa sem fio \u00e9 35% menor do que as impressoras comuns, economizando espa\u00e7o e sendo f\u00e1cil de transportar.<\/p>\n<p><strong>Velocidade de impress\u00e3o r\u00e1pida:<\/strong> A impressora t\u00e9rmica de etiquetas para remessa sem fio tem uma velocidade de impress\u00e3o de 220 mm\/s e pode processar cerca de 5.000 pedidos por hora.<\/p>\n<p><strong>Fun\u00e7\u00e3o de alimenta\u00e7\u00e3o autom\u00e1tica de papel:<\/strong> A impressora t\u00e9rmica de etiquetas para remessa sem fio n\u00e3o precisa abrir a tampa, a alimenta\u00e7\u00e3o autom\u00e1tica de papel e o ajuste autom\u00e1tico da posi\u00e7\u00e3o do papel para evitar atolamentos ou saltos de papel.<\/p>\n<p><strong>Ampla compatibilidade:<\/strong> A impress\u00e3o inteligente \u00e9 obtida por meio de um software compat\u00edvel com os sistemas Windows, Mac, Android e iOS.<\/p>\n<p style=\"text-align: left\"><strong>Tamanho de papel flex\u00edvel:<\/strong> A impressora t\u00e9rmica de etiquetas para remessa sem fio suporta larguras de papel de 48 mm a 80 mm, atendendo \u00e0s necessidades de v\u00e1rios tipos de cen\u00e1rios, adequada para log\u00edstica, medicina, varejo e outros setores.<\/p>\n<\/div>","protected":false},"featured_media":1693,"comment_status":"closed","ping_status":"closed","template":"","meta":{"_acf_changed":true},"product_brand":[],"product_cat":[38],"product_tag":[],"class_list":{"0":"post-1687","1":"product","2":"type-product","3":"status-publish","4":"has-post-thumbnail","6":"product_cat-shipping-label-printer","7":"pa_industrial-grade-no","8":"pa_paper-bin-without-paper-bin","9":"pa_print-width-3-inches","11":"first","12":"instock","13":"shipping-taxable","14":"product-type-simple"},"acf":[],"_links":{"self":[{"href":"https:\/\/www.aiyin.com\/pt\/wp-json\/wp\/v2\/product\/1687","targetHints":{"allow":["GET"]}}],"collection":[{"href":"https:\/\/www.aiyin.com\/pt\/wp-json\/wp\/v2\/product"}],"about":[{"href":"https:\/\/www.aiyin.com\/pt\/wp-json\/wp\/v2\/types\/product"}],"replies":[{"embeddable":true,"href":"https:\/\/www.aiyin.com\/pt\/wp-json\/wp\/v2\/comments?post=1687"}],"wp:featuredmedia":[{"embeddable":true,"href":"https:\/\/www.aiyin.com\/pt\/wp-json\/wp\/v2\/media\/1693"}],"wp:attachment":[{"href":"https:\/\/www.aiyin.com\/pt\/wp-json\/wp\/v2\/media?parent=1687"}],"wp:term":[{"taxonomy":"product_brand","embeddable":true,"href":"https:\/\/www.aiyin.com\/pt\/wp-json\/wp\/v2\/product_brand?post=1687"},{"taxonomy":"product_cat","embeddable":true,"href":"https:\/\/www.aiyin.com\/pt\/wp-json\/wp\/v2\/product_cat?post=1687"},{"taxonomy":"product_tag","embeddable":true,"href":"https:\/\/www.aiyin.com\/pt\/wp-json\/wp\/v2\/product_tag?post=1687"}],"curies":[{"name":"wp","href":"https:\/\/api.w.org\/{rel}","templated":true}]}}