{"id":1536,"date":"2025-02-21T13:25:11","date_gmt":"2025-02-21T13:25:11","guid":{"rendered":"https:\/\/www.jinghuaceramic.com\/?post_type=product&#038;p=1536"},"modified":"2025-03-28T07:05:28","modified_gmt":"2025-03-28T07:05:28","slug":"wholesale-3-inch-thermal-label-printer-a70","status":"publish","type":"product","link":"https:\/\/www.aiyin.com\/pt\/product\/wholesale-3-inch-thermal-label-printer-a70\/","title":{"rendered":"Impressora t\u00e9rmica de mesa de 3 polegadas para etiquetas - A70, compat\u00edvel com OEM e ODM, largura do papel: 48-84 mm"},"content":{"rendered":"<h2 class=\"wp-block-heading\">Detalhes da impressora t\u00e9rmica de etiquetas - A70<\/h2>\n\n\n\n<hr class=\"wp-block-separator has-alpha-channel-opacity\" \/>\n\n\n\n<figure class=\"wp-block-image size-large\"><img decoding=\"async\" width=\"1260\" height=\"1280\" src=\"https:\/\/www.aiyin.com\/wp-content\/uploads\/2025\/02\/A70-3-inch-Desktop-Thermal-Label-Printer-Details-1-1260x1280.webp\" alt=\"Detalhes da impressora t\u00e9rmica de etiquetas de mesa de 3 polegadas A70 (1)\" class=\"wp-image-1541\" srcset=\"https:\/\/www.aiyin.com\/wp-content\/uploads\/2025\/02\/A70-3-inch-Desktop-Thermal-Label-Printer-Details-1-1260x1280.webp 1260w, https:\/\/www.aiyin.com\/wp-content\/uploads\/2025\/02\/A70-3-inch-Desktop-Thermal-Label-Printer-Details-1-768x780.webp 768w, https:\/\/www.aiyin.com\/wp-content\/uploads\/2025\/02\/A70-3-inch-Desktop-Thermal-Label-Printer-Details-1-600x610.webp 600w\" sizes=\"(max-width: 1260px) 100vw, 1260px\" \/><\/figure>","protected":false},"excerpt":{"rendered":"<p>Impressora t\u00e9rmica de etiquetas de 3 polegadas no atacado, a impressora t\u00e9rmica de etiquetas A70 de 3 polegadas \u00e9 adequada para o processamento eficiente de v\u00e1rias tarefas de impress\u00e3o de etiquetas com seu design de apar\u00eancia simples e desempenho de impress\u00e3o de alta velocidade. Com a fun\u00e7\u00e3o de alimenta\u00e7\u00e3o autom\u00e1tica de papel, ela simplifica as opera\u00e7\u00f5es e melhora a efici\u00eancia do trabalho. \u00c9 amplamente utilizada em muitos setores, como m\u00e9dico, varejo, com\u00e9rcio eletr\u00f4nico, etc. Suporte a OEM e ODM, entre em contato conosco para obter uma cota\u00e7\u00e3o.<\/p>\n<h2>Recursos da impressora t\u00e9rmica de etiquetas de 3 polegadas A70<\/h2>\n<div>\n<p><strong>Apar\u00eancia nova e simples:<\/strong> A impressora t\u00e9rmica de etiquetas adota um design moderno, requintado e bonito, adequado para v\u00e1rios ambientes comerciais e de escrit\u00f3rio.<\/p>\n<p><strong>Impress\u00e3o em alta velocidade:<\/strong> A impressora t\u00e9rmica de etiquetas tem uma velocidade de impress\u00e3o de 180 mm\/s e pode imprimir cerca de 5.000 etiquetas por hora. \u00c9 adequada para setores que exigem impress\u00e3o eficiente, como armaz\u00e9ns de com\u00e9rcio eletr\u00f4nico, supermercados, log\u00edstica expressa, etc.<\/p>\n<p><strong>Profissional e dur\u00e1vel:<\/strong> A impressora t\u00e9rmica de etiquetas usa um cabe\u00e7ote de impress\u00e3o de n\u00edvel profissional resistente ao desgaste, que imprime com clareza e n\u00e3o \u00e9 f\u00e1cil de danificar; ela suporta trabalho de alta intensidade a longo prazo e reduz os custos de manuten\u00e7\u00e3o.<\/p>\n<p><strong>Impress\u00e3o cont\u00ednua:<\/strong> N\u00e3o h\u00e1 necessidade de ajustar o papel manualmente, a posi\u00e7\u00e3o do papel \u00e9 ajustada automaticamente para melhorar a conveni\u00eancia e evitar problemas como distor\u00e7\u00e3o, salto de p\u00e1gina e atolamentos de papel. Ele atende \u00e0s necessidades de impress\u00e3o em grande escala e melhora a fluidez do trabalho.<\/p>\n<p><strong>Opera\u00e7\u00e3o conveniente:<\/strong> Compat\u00edvel com Windows, Mac, Android e outros sistemas operacionais para atender \u00e0s necessidades de diferentes usu\u00e1rios, f\u00e1cil de substituir o papel e limpar, e a manuten\u00e7\u00e3o di\u00e1ria economiza tempo e esfor\u00e7o.<\/p>\n<p><strong>Suporte a OEM e ODM:<\/strong> Oferecemos servi\u00e7os profissionais de personaliza\u00e7\u00e3o de OEM e ODM e podemos ajustar o design da apar\u00eancia, a configura\u00e7\u00e3o funcional e o logotipo da marca da impressora de acordo com as necessidades do cliente.<\/p>\n<\/div>","protected":false},"featured_media":1537,"comment_status":"closed","ping_status":"closed","template":"","meta":{"_acf_changed":false},"product_brand":[],"product_cat":[38],"product_tag":[],"class_list":{"0":"post-1536","1":"product","2":"type-product","3":"status-publish","4":"has-post-thumbnail","6":"product_cat-shipping-label-printer","7":"pa_industrial-grade-no","8":"pa_paper-bin-without-paper-bin","9":"pa_print-width-3-inches","11":"first","12":"instock","13":"shipping-taxable","14":"product-type-simple"},"acf":[],"_links":{"self":[{"href":"https:\/\/www.aiyin.com\/pt\/wp-json\/wp\/v2\/product\/1536","targetHints":{"allow":["GET"]}}],"collection":[{"href":"https:\/\/www.aiyin.com\/pt\/wp-json\/wp\/v2\/product"}],"about":[{"href":"https:\/\/www.aiyin.com\/pt\/wp-json\/wp\/v2\/types\/product"}],"replies":[{"embeddable":true,"href":"https:\/\/www.aiyin.com\/pt\/wp-json\/wp\/v2\/comments?post=1536"}],"wp:featuredmedia":[{"embeddable":true,"href":"https:\/\/www.aiyin.com\/pt\/wp-json\/wp\/v2\/media\/1537"}],"wp:attachment":[{"href":"https:\/\/www.aiyin.com\/pt\/wp-json\/wp\/v2\/media?parent=1536"}],"wp:term":[{"taxonomy":"product_brand","embeddable":true,"href":"https:\/\/www.aiyin.com\/pt\/wp-json\/wp\/v2\/product_brand?post=1536"},{"taxonomy":"product_cat","embeddable":true,"href":"https:\/\/www.aiyin.com\/pt\/wp-json\/wp\/v2\/product_cat?post=1536"},{"taxonomy":"product_tag","embeddable":true,"href":"https:\/\/www.aiyin.com\/pt\/wp-json\/wp\/v2\/product_tag?post=1536"}],"curies":[{"name":"wp","href":"https:\/\/api.w.org\/{rel}","templated":true}]}}