{"id":617,"date":"2025-02-20T13:40:36","date_gmt":"2025-02-20T13:40:36","guid":{"rendered":"https:\/\/www.jinghuaceramic.com\/?post_type=product&#038;p=617"},"modified":"2025-03-28T06:47:33","modified_gmt":"2025-03-28T06:47:33","slug":"wholesale-thermal-label-printer-as220","status":"publish","type":"product","link":"https:\/\/www.aiyin.com\/fr\/product\/wholesale-thermal-label-printer-as220\/","title":{"rendered":"Grossiste Imprimante thermique d'\u00e9tiquettes 2.5 pouces - AS220, Fabricant d'imprimantes d'\u00e9tiquettes AiYin"},"content":{"rendered":"<h2 class=\"wp-block-heading\">D\u00e9tails de l'imprimante thermique d'\u00e9tiquettes - AS220<\/h2>\n\n\n\n<hr class=\"wp-block-separator has-alpha-channel-opacity\" \/>\n\n\n<style>.kb-image617_38ff43-96 .kb-image-has-overlay:after{opacity:0.3;}<\/style>\n<figure class=\"wp-block-kadence-image kb-image617_38ff43-96 size-large\"><img decoding=\"async\" width=\"903\" height=\"1280\" src=\"https:\/\/www.aiyin.com\/wp-content\/uploads\/2025\/02\/11-1-903x1280.jpg\" alt=\"\" class=\"kb-img wp-image-2934\" srcset=\"https:\/\/www.aiyin.com\/wp-content\/uploads\/2025\/02\/11-1-903x1280.jpg 903w, https:\/\/www.aiyin.com\/wp-content\/uploads\/2025\/02\/11-1-768x1089.jpg 768w, https:\/\/www.aiyin.com\/wp-content\/uploads\/2025\/02\/11-1-600x851.jpg 600w, https:\/\/www.aiyin.com\/wp-content\/uploads\/2025\/02\/11-1.jpg 1920w\" sizes=\"(max-width: 903px) 100vw, 903px\" \/><\/figure>\n\n\n<style>.kb-image617_7388f3-4b .kb-image-has-overlay:after{opacity:0.3;}<\/style>\n<figure class=\"wp-block-kadence-image kb-image617_7388f3-4b size-large\"><img decoding=\"async\" width=\"1072\" height=\"1280\" src=\"https:\/\/www.aiyin.com\/wp-content\/uploads\/2025\/02\/AS220-Product-introduction-V1.0_00-1072x1280.webp\" alt=\"\" class=\"kb-img wp-image-4113\" srcset=\"https:\/\/www.aiyin.com\/wp-content\/uploads\/2025\/02\/AS220-Product-introduction-V1.0_00-1072x1280.webp 1072w, https:\/\/www.aiyin.com\/wp-content\/uploads\/2025\/02\/AS220-Product-introduction-V1.0_00-768x917.webp 768w, https:\/\/www.aiyin.com\/wp-content\/uploads\/2025\/02\/AS220-Product-introduction-V1.0_00-600x716.webp 600w\" sizes=\"(max-width: 1072px) 100vw, 1072px\" \/><\/figure>\n\n\n\n<figure class=\"wp-block-image size-large\"><img decoding=\"async\" width=\"655\" height=\"1280\" src=\"https:\/\/www.aiyin.com\/wp-content\/uploads\/2025\/01\/thermal-label-printer-AS220-details-3-655x1280.webp\" alt=\"Imprimante thermique d&#039;\u00e9tiquettes AS220 d\u00e9tails (3)\" class=\"wp-image-1769\" srcset=\"https:\/\/www.aiyin.com\/wp-content\/uploads\/2025\/01\/thermal-label-printer-AS220-details-3-655x1280.webp 655w, https:\/\/www.aiyin.com\/wp-content\/uploads\/2025\/01\/thermal-label-printer-AS220-details-3-768x1501.webp 768w, https:\/\/www.aiyin.com\/wp-content\/uploads\/2025\/01\/thermal-label-printer-AS220-details-3-600x1173.webp 600w, https:\/\/www.aiyin.com\/wp-content\/uploads\/2025\/01\/thermal-label-printer-AS220-details-3.webp 2000w\" sizes=\"(max-width: 655px) 100vw, 655px\" \/><\/figure>\n\n\n\n<figure class=\"wp-block-image size-large\"><img decoding=\"async\" width=\"647\" height=\"1280\" src=\"https:\/\/www.aiyin.com\/wp-content\/uploads\/2025\/02\/AS220-Product-introduction-V1.0_02-647x1280.webp\" alt=\"\" class=\"wp-image-4115\" srcset=\"https:\/\/www.aiyin.com\/wp-content\/uploads\/2025\/02\/AS220-Product-introduction-V1.0_02-647x1280.webp 647w, https:\/\/www.aiyin.com\/wp-content\/uploads\/2025\/02\/AS220-Product-introduction-V1.0_02-768x1519.webp 768w, https:\/\/www.aiyin.com\/wp-content\/uploads\/2025\/02\/AS220-Product-introduction-V1.0_02-600x1187.webp 600w\" sizes=\"(max-width: 647px) 100vw, 647px\" \/><\/figure>\n\n\n\n<figure class=\"wp-block-image size-large\"><img decoding=\"async\" width=\"886\" height=\"1280\" src=\"https:\/\/www.aiyin.com\/wp-content\/uploads\/2025\/02\/AS220-Product-introduction-V1.0_03-886x1280.webp\" alt=\"\" class=\"wp-image-4116\" srcset=\"https:\/\/www.aiyin.com\/wp-content\/uploads\/2025\/02\/AS220-Product-introduction-V1.0_03-886x1280.webp 886w, https:\/\/www.aiyin.com\/wp-content\/uploads\/2025\/02\/AS220-Product-introduction-V1.0_03-768x1110.webp 768w, https:\/\/www.aiyin.com\/wp-content\/uploads\/2025\/02\/AS220-Product-introduction-V1.0_03-600x867.webp 600w\" sizes=\"(max-width: 886px) 100vw, 886px\" \/><\/figure>\n\n\n\n<figure class=\"wp-block-image size-large\"><img decoding=\"async\" width=\"1280\" height=\"995\" src=\"https:\/\/www.aiyin.com\/wp-content\/uploads\/2025\/02\/AS220-Product-introduction-V1.0_04-1280x995.webp\" alt=\"\" class=\"wp-image-4117\" srcset=\"https:\/\/www.aiyin.com\/wp-content\/uploads\/2025\/02\/AS220-Product-introduction-V1.0_04-1280x995.webp 1280w, https:\/\/www.aiyin.com\/wp-content\/uploads\/2025\/02\/AS220-Product-introduction-V1.0_04-768x597.webp 768w, https:\/\/www.aiyin.com\/wp-content\/uploads\/2025\/02\/AS220-Product-introduction-V1.0_04-600x466.webp 600w\" sizes=\"(max-width: 1280px) 100vw, 1280px\" \/><\/figure>\n\n\n\n<figure class=\"wp-block-image size-large\"><img decoding=\"async\" width=\"1280\" height=\"1077\" src=\"https:\/\/www.aiyin.com\/wp-content\/uploads\/2025\/02\/AS220-Product-introduction-V1.0_05-1280x1077.webp\" alt=\"\" class=\"wp-image-4118\" srcset=\"https:\/\/www.aiyin.com\/wp-content\/uploads\/2025\/02\/AS220-Product-introduction-V1.0_05-1280x1077.webp 1280w, https:\/\/www.aiyin.com\/wp-content\/uploads\/2025\/02\/AS220-Product-introduction-V1.0_05-768x646.webp 768w, https:\/\/www.aiyin.com\/wp-content\/uploads\/2025\/02\/AS220-Product-introduction-V1.0_05-600x505.webp 600w\" sizes=\"(max-width: 1280px) 100vw, 1280px\" \/><\/figure>\n\n\n\n<figure class=\"wp-block-image size-large\"><img decoding=\"async\" width=\"1280\" height=\"876\" src=\"https:\/\/www.aiyin.com\/wp-content\/uploads\/2025\/01\/thermal-label-printer-AS220-details-1-1280x876.webp\" alt=\"Imprimante thermique d&#039;\u00e9tiquettes AS220 d\u00e9tails (1)\" class=\"wp-image-1767\" srcset=\"https:\/\/www.aiyin.com\/wp-content\/uploads\/2025\/01\/thermal-label-printer-AS220-details-1-1280x876.webp 1280w, https:\/\/www.aiyin.com\/wp-content\/uploads\/2025\/01\/thermal-label-printer-AS220-details-1-768x526.webp 768w, https:\/\/www.aiyin.com\/wp-content\/uploads\/2025\/01\/thermal-label-printer-AS220-details-1-600x411.webp 600w, https:\/\/www.aiyin.com\/wp-content\/uploads\/2025\/01\/thermal-label-printer-AS220-details-1.webp 2000w\" sizes=\"(max-width: 1280px) 100vw, 1280px\" \/><\/figure>","protected":false},"excerpt":{"rendered":"<p>L'imprimante d'\u00e9tiquettes thermiques AS220 est l'une des meilleures imprimantes d'\u00e9tiquettes d'exp\u00e9dition. Elle est \u00e9quip\u00e9e d'un bac \u00e0 papier sans arbre de grande capacit\u00e9 (127 mm) et convient au commerce \u00e9lectronique, \u00e0 la logistique d'entreposage, \u00e0 la vente au d\u00e9tail et \u00e0 d'autres sc\u00e9narios. Elle est enti\u00e8rement compatible avec les principales plateformes de commerce \u00e9lectronique et les livraisons express internationales. Le fabricant d'imprimantes d'\u00e9tiquettes Aiyin fournit des services personnalis\u00e9s oem et odm, contactez-nous pour un devis.<\/p>\n<h2>Caract\u00e9ristiques de l'imprimante d'\u00e9tiquettes Rollo thermique de 2,5 pouces <span class=\"notranslate fyzs-translate-target fyzs-translate-target-wrapper\" style=\"vertical-align: inherit\"><span class=\"notranslate fyzs-translate-target fyzs-translate-target-box\" style=\"vertical-align: inherit\"><span class=\"notranslate fyzs-translate-target fyzs-translate-target-text\" style=\"vertical-align: inherit\" title=\"Caract\u00e9ristiques de l&#039;imprimante thermique d&#039;\u00e9tiquettes 2,5 pouces - AS220\">-AS220<\/span><\/span><\/span><\/h2>\n<div>\n<p><strong>Bac \u00e0 papier de grande capacit\u00e9 :<\/strong> L'imprimante d'\u00e9tiquettes AS220 est \u00e9quip\u00e9e d'un bac \u00e0 papier de 127 mm de large, ce qui r\u00e9duit les probl\u00e8mes li\u00e9s aux changements fr\u00e9quents de papier.<\/p>\n<p><strong>Prise en charge d'\u00e9tiquettes de plusieurs tailles :<\/strong> L'imprimante d'\u00e9tiquettes AS220 prend en charge une largeur de papier de 15 \u00e0 65 mm, ce qui permet de r\u00e9pondre aux besoins d'impression d'\u00e9tiquettes dans diff\u00e9rents sc\u00e9narios.<\/p>\n<p><strong>Connexion multiterminale et \u00e9dition :<\/strong> Prise en charge de la connexion Bluetooth du t\u00e9l\u00e9phone portable et de la connexion USB de l'ordinateur, synchronisation des informations du mod\u00e8le dans le nuage, et op\u00e9ration d'\u00e9dition simple et pratique.<\/p>\n<p><strong>Syst\u00e8me d'alimentation puissant :<\/strong> \u00c9quip\u00e9e du m\u00eame moteur de grand diam\u00e8tre que l'imprimante 4 pouces, elle peut facilement traiter des \u00e9tiquettes de mat\u00e9riaux et d'\u00e9paisseurs vari\u00e9s.<\/p>\n<p><strong>Boutons de fonction ind\u00e9pendants :<\/strong> \u00c9quip\u00e9 de boutons ind\u00e9pendants tels que la mise sous tension, la r\u00e9impression, l'ouverture du couvercle, la pause, etc., le fonctionnement est plus pratique et plus s\u00fbr.<\/p>\n<p><strong>Service d'impression d'\u00e9tiquettes personnalis\u00e9es : <\/strong>AiYin fournit des services professionnels d'impression d'\u00e9tiquettes personnalis\u00e9es OEM et ODM. Nos services personnalis\u00e9s comprennent la personnalisation de l'apparence, des fonctions et des types d'\u00e9tiquettes, ainsi que la fourniture d'outils logiciels efficaces.<\/p>\n<\/div>","protected":false},"featured_media":1773,"comment_status":"closed","ping_status":"closed","template":"","meta":{"_acf_changed":true},"product_brand":[],"product_cat":[38],"product_tag":[],"class_list":{"0":"post-617","1":"product","2":"type-product","3":"status-publish","4":"has-post-thumbnail","6":"product_cat-shipping-label-printer","7":"pa_industrial-grade-no","8":"pa_paper-bin-with-paper-bin","9":"pa_print-width-2-5-inches","11":"first","12":"instock","13":"shipping-taxable","14":"product-type-simple"},"acf":[],"_links":{"self":[{"href":"https:\/\/www.aiyin.com\/fr\/wp-json\/wp\/v2\/product\/617","targetHints":{"allow":["GET"]}}],"collection":[{"href":"https:\/\/www.aiyin.com\/fr\/wp-json\/wp\/v2\/product"}],"about":[{"href":"https:\/\/www.aiyin.com\/fr\/wp-json\/wp\/v2\/types\/product"}],"replies":[{"embeddable":true,"href":"https:\/\/www.aiyin.com\/fr\/wp-json\/wp\/v2\/comments?post=617"}],"wp:featuredmedia":[{"embeddable":true,"href":"https:\/\/www.aiyin.com\/fr\/wp-json\/wp\/v2\/media\/1773"}],"wp:attachment":[{"href":"https:\/\/www.aiyin.com\/fr\/wp-json\/wp\/v2\/media?parent=617"}],"wp:term":[{"taxonomy":"product_brand","embeddable":true,"href":"https:\/\/www.aiyin.com\/fr\/wp-json\/wp\/v2\/product_brand?post=617"},{"taxonomy":"product_cat","embeddable":true,"href":"https:\/\/www.aiyin.com\/fr\/wp-json\/wp\/v2\/product_cat?post=617"},{"taxonomy":"product_tag","embeddable":true,"href":"https:\/\/www.aiyin.com\/fr\/wp-json\/wp\/v2\/product_tag?post=617"}],"curies":[{"name":"wp","href":"https:\/\/api.w.org\/{rel}","templated":true}]}}