{"id":5569,"date":"2025-10-14T02:03:37","date_gmt":"2025-10-14T02:03:37","guid":{"rendered":"https:\/\/www.aiyin.com\/?post_type=product&#038;p=5569"},"modified":"2025-10-28T06:52:04","modified_gmt":"2025-10-28T06:52:04","slug":"wholesale-mini-handheld-photo-printer-p21-take-photos-immediately-and-print-them-out-you-can-also-record-videos","status":"publish","type":"product","link":"https:\/\/www.aiyin.com\/fr\/product\/wholesale-mini-handheld-photo-printer-p21-take-photos-immediately-and-print-them-out-you-can-also-record-videos\/","title":{"rendered":"Mini imprimante photo portable - P21, prenez des photos imm\u00e9diatement et imprimez-les. Vous pouvez \u00e9galement enregistrer des vid\u00e9os"},"content":{"rendered":"<h2 class=\"wp-block-heading\">D\u00e9tails de la mini imprimante photo - P21<\/h2>\n\n\n\n<hr class=\"wp-block-separator has-alpha-channel-opacity\"\/>\n\n\n\n<figure class=\"wp-block-image size-full\"><img decoding=\"async\" width=\"2582\" height=\"3654\" src=\"https:\/\/www.aiyin.com\/wp-content\/uploads\/2025\/10\/P21-Handheld-Photo-Printer.webp\" alt=\"\" class=\"wp-image-5570\" srcset=\"https:\/\/www.aiyin.com\/wp-content\/uploads\/2025\/10\/P21-Handheld-Photo-Printer.webp 2582w, https:\/\/www.aiyin.com\/wp-content\/uploads\/2025\/10\/P21-Handheld-Photo-Printer-904x1280.webp 904w, https:\/\/www.aiyin.com\/wp-content\/uploads\/2025\/10\/P21-Handheld-Photo-Printer-768x1087.webp 768w, https:\/\/www.aiyin.com\/wp-content\/uploads\/2025\/10\/P21-Handheld-Photo-Printer-8x12.webp 8w, https:\/\/www.aiyin.com\/wp-content\/uploads\/2025\/10\/P21-Handheld-Photo-Printer-600x849.webp 600w\" sizes=\"(max-width: 2582px) 100vw, 2582px\" \/><\/figure>\n\n\n\n<p><\/p>","protected":false},"excerpt":{"rendered":"<p>Les mini imprimantes photo en gros conviennent parfaitement \u00e0 l'\u00e9veil artistique des enfants. Cette s\u00e9rie est \u00e9quip\u00e9e d'un appareil photo et d'un \u00e9cran. Elle peut imprimer rapidement apr\u00e8s un simple clic, ce qui est similaire \u00e0 l'effet Polaroid. Elle est id\u00e9ale pour d\u00e9velopper la capacit\u00e9 de prise de vue des enfants et l'interaction parents-enfants.<\/p>\n<h2>Caract\u00e9ristiques de la mini imprimante photo - P21<\/h2>\n<div>\n<p><strong>Photographier et imprimer en un seul geste :<\/strong> La mini-imprimante photo est dot\u00e9e d'un double appareil photo avant et arri\u00e8re, qui permet de prendre facilement des photos de soi ou d'autres personnes, et dispose de fonctions de prise de vue en continu et de synchronisation, ce qui offre une excellente exp\u00e9rience \u00e0 l'utilisateur.<\/p>\n<p><strong>Cr\u00e9ation libre, stimulation de la cr\u00e9ativit\u00e9 des enfants :<\/strong> 22 cadres photo mignons et int\u00e9ressants + 5 filtres, choisissez librement les combinaisons, prenez des photos int\u00e9ressantes. Vous pouvez \u00e9galement bricoler des graffitis cr\u00e9atifs pour rendre vos photos plus vivantes.<\/p>\n<p><strong>Enregistrement vid\u00e9o HD :<\/strong> La mini imprimante photo est dot\u00e9e d'un grand \u00e9cran couleur de 2,4 pouces qui permet de pr\u00e9senter clairement l'enregistrement vid\u00e9o et d'enregistrer l'enfance vivante.<\/p>\n<p><strong>Jeux et musique :<\/strong> \u00c9quip\u00e9 de plusieurs mini jeux et prend en charge la lecture de musique.<\/p>\n<p><strong>Prise en charge de la personnalisation OEM et ODM :<\/strong> Le fabricant d'imprimantes d'\u00e9tiquettes AiYin prend en charge la personnalisation OEM et ODM. Les clients peuvent personnaliser des solutions d'impression d'\u00e9tiquettes exclusives en fonction de leur image de marque et de leurs besoins sp\u00e9cifiques.<\/p>\n<\/div>","protected":false},"featured_media":5572,"comment_status":"closed","ping_status":"closed","template":"","meta":{"_acf_changed":false},"product_brand":[],"product_cat":[21],"product_tag":[],"class_list":{"0":"post-5569","1":"product","2":"type-product","3":"status-publish","4":"has-post-thumbnail","6":"product_cat-home-office-printer","7":"pa_function-photo-printer","8":"pa_print-width-2-inches","10":"first","11":"instock","12":"shipping-taxable","13":"product-type-simple"},"acf":[],"_links":{"self":[{"href":"https:\/\/www.aiyin.com\/fr\/wp-json\/wp\/v2\/product\/5569","targetHints":{"allow":["GET"]}}],"collection":[{"href":"https:\/\/www.aiyin.com\/fr\/wp-json\/wp\/v2\/product"}],"about":[{"href":"https:\/\/www.aiyin.com\/fr\/wp-json\/wp\/v2\/types\/product"}],"replies":[{"embeddable":true,"href":"https:\/\/www.aiyin.com\/fr\/wp-json\/wp\/v2\/comments?post=5569"}],"wp:featuredmedia":[{"embeddable":true,"href":"https:\/\/www.aiyin.com\/fr\/wp-json\/wp\/v2\/media\/5572"}],"wp:attachment":[{"href":"https:\/\/www.aiyin.com\/fr\/wp-json\/wp\/v2\/media?parent=5569"}],"wp:term":[{"taxonomy":"product_brand","embeddable":true,"href":"https:\/\/www.aiyin.com\/fr\/wp-json\/wp\/v2\/product_brand?post=5569"},{"taxonomy":"product_cat","embeddable":true,"href":"https:\/\/www.aiyin.com\/fr\/wp-json\/wp\/v2\/product_cat?post=5569"},{"taxonomy":"product_tag","embeddable":true,"href":"https:\/\/www.aiyin.com\/fr\/wp-json\/wp\/v2\/product_tag?post=5569"}],"curies":[{"name":"wp","href":"https:\/\/api.w.org\/{rel}","templated":true}]}}