{"id":4978,"date":"2025-02-20T07:00:20","date_gmt":"2025-02-20T07:00:20","guid":{"rendered":"https:\/\/www.aiyin.com\/?post_type=product&#038;p=4978"},"modified":"2025-07-19T02:40:37","modified_gmt":"2025-07-19T02:40:37","slug":"wholesale-2-inch-and-3-inch-round-thermal-labels","status":"publish","type":"product","link":"https:\/\/www.aiyin.com\/fr\/product\/wholesale-2-inch-and-3-inch-round-thermal-labels\/","title":{"rendered":"\u00c9tiquettes thermiques rondes de 2 et 3 pouces en gros, \u00e9tiquettes autocollantes rondes"},"content":{"rendered":"<h2 class=\"wp-block-heading\">D\u00e9tails de l'\u00e9tiquette thermique ronde de 2\u2033et 3\u2033.<\/h2>\n\n\n\n<hr class=\"wp-block-separator has-alpha-channel-opacity\"\/>\n\n\n\n<div class=\"wp-block-columns is-layout-flex wp-container-core-columns-is-layout-9d6595d7 wp-block-columns-is-layout-flex\">\n<div class=\"wp-block-column is-layout-flow wp-block-column-is-layout-flow\">\n<figure class=\"wp-block-image size-full\"><img decoding=\"async\" width=\"720\" height=\"720\" src=\"https:\/\/www.aiyin.com\/wp-content\/uploads\/2025\/07\/Label-Print-Paper-3.webp\" alt=\"\" class=\"wp-image-4979\" srcset=\"https:\/\/www.aiyin.com\/wp-content\/uploads\/2025\/07\/Label-Print-Paper-3.webp 720w, https:\/\/www.aiyin.com\/wp-content\/uploads\/2025\/07\/Label-Print-Paper-3-150x150.webp 150w, https:\/\/www.aiyin.com\/wp-content\/uploads\/2025\/07\/Label-Print-Paper-3-12x12.webp 12w, https:\/\/www.aiyin.com\/wp-content\/uploads\/2025\/07\/Label-Print-Paper-3-300x300.webp 300w, https:\/\/www.aiyin.com\/wp-content\/uploads\/2025\/07\/Label-Print-Paper-3-600x600.webp 600w, https:\/\/www.aiyin.com\/wp-content\/uploads\/2025\/07\/Label-Print-Paper-3-100x100.webp 100w\" sizes=\"(max-width: 720px) 100vw, 720px\" \/><\/figure>\n\n\n\n<figure class=\"wp-block-image size-full\"><img decoding=\"async\" width=\"720\" height=\"720\" src=\"https:\/\/www.aiyin.com\/wp-content\/uploads\/2025\/07\/Label-Print-Paper-4.webp\" alt=\"\" class=\"wp-image-4983\" srcset=\"https:\/\/www.aiyin.com\/wp-content\/uploads\/2025\/07\/Label-Print-Paper-4.webp 720w, https:\/\/www.aiyin.com\/wp-content\/uploads\/2025\/07\/Label-Print-Paper-4-150x150.webp 150w, https:\/\/www.aiyin.com\/wp-content\/uploads\/2025\/07\/Label-Print-Paper-4-12x12.webp 12w, https:\/\/www.aiyin.com\/wp-content\/uploads\/2025\/07\/Label-Print-Paper-4-300x300.webp 300w, https:\/\/www.aiyin.com\/wp-content\/uploads\/2025\/07\/Label-Print-Paper-4-600x600.webp 600w, https:\/\/www.aiyin.com\/wp-content\/uploads\/2025\/07\/Label-Print-Paper-4-100x100.webp 100w\" sizes=\"(max-width: 720px) 100vw, 720px\" \/><\/figure>\n<\/div>\n\n\n\n<div class=\"wp-block-column is-layout-flow wp-block-column-is-layout-flow\">\n<figure class=\"wp-block-image size-large\"><img decoding=\"async\" width=\"1280\" height=\"1280\" src=\"https:\/\/www.aiyin.com\/wp-content\/uploads\/2025\/07\/Label-Print-Paper-2-1280x1280.webp\" alt=\"\" class=\"wp-image-4980\" srcset=\"https:\/\/www.aiyin.com\/wp-content\/uploads\/2025\/07\/Label-Print-Paper-2-1280x1280.webp 1280w, https:\/\/www.aiyin.com\/wp-content\/uploads\/2025\/07\/Label-Print-Paper-2-150x150.webp 150w, https:\/\/www.aiyin.com\/wp-content\/uploads\/2025\/07\/Label-Print-Paper-2-768x768.webp 768w, https:\/\/www.aiyin.com\/wp-content\/uploads\/2025\/07\/Label-Print-Paper-2-12x12.webp 12w, https:\/\/www.aiyin.com\/wp-content\/uploads\/2025\/07\/Label-Print-Paper-2-300x300.webp 300w, https:\/\/www.aiyin.com\/wp-content\/uploads\/2025\/07\/Label-Print-Paper-2-600x600.webp 600w, https:\/\/www.aiyin.com\/wp-content\/uploads\/2025\/07\/Label-Print-Paper-2-100x100.webp 100w, https:\/\/www.aiyin.com\/wp-content\/uploads\/2025\/07\/Label-Print-Paper-2.webp 1600w\" sizes=\"(max-width: 1280px) 100vw, 1280px\" \/><\/figure>\n\n\n\n<figure class=\"wp-block-image size-large\"><img decoding=\"async\" width=\"1280\" height=\"1280\" src=\"https:\/\/www.aiyin.com\/wp-content\/uploads\/2025\/07\/Label-Print-Paper-6-1280x1280.webp\" alt=\"\" class=\"wp-image-4984\" srcset=\"https:\/\/www.aiyin.com\/wp-content\/uploads\/2025\/07\/Label-Print-Paper-6-1280x1280.webp 1280w, https:\/\/www.aiyin.com\/wp-content\/uploads\/2025\/07\/Label-Print-Paper-6-150x150.webp 150w, https:\/\/www.aiyin.com\/wp-content\/uploads\/2025\/07\/Label-Print-Paper-6-768x768.webp 768w, https:\/\/www.aiyin.com\/wp-content\/uploads\/2025\/07\/Label-Print-Paper-6-12x12.webp 12w, https:\/\/www.aiyin.com\/wp-content\/uploads\/2025\/07\/Label-Print-Paper-6-300x300.webp 300w, https:\/\/www.aiyin.com\/wp-content\/uploads\/2025\/07\/Label-Print-Paper-6-600x600.webp 600w, https:\/\/www.aiyin.com\/wp-content\/uploads\/2025\/07\/Label-Print-Paper-6-100x100.webp 100w, https:\/\/www.aiyin.com\/wp-content\/uploads\/2025\/07\/Label-Print-Paper-6.webp 1600w\" sizes=\"(max-width: 1280px) 100vw, 1280px\" \/><\/figure>\n<\/div>\n<\/div>\n\n\n\n<figure class=\"wp-block-image size-full\"><img decoding=\"async\" width=\"970\" height=\"600\" src=\"https:\/\/www.aiyin.com\/wp-content\/uploads\/2025\/07\/Label-Print-Paper-8.webp\" alt=\"\" class=\"wp-image-4985\" srcset=\"https:\/\/www.aiyin.com\/wp-content\/uploads\/2025\/07\/Label-Print-Paper-8.webp 970w, https:\/\/www.aiyin.com\/wp-content\/uploads\/2025\/07\/Label-Print-Paper-8-768x475.webp 768w, https:\/\/www.aiyin.com\/wp-content\/uploads\/2025\/07\/Label-Print-Paper-8-18x12.webp 18w, https:\/\/www.aiyin.com\/wp-content\/uploads\/2025\/07\/Label-Print-Paper-8-600x371.webp 600w\" sizes=\"(max-width: 970px) 100vw, 970px\" \/><\/figure>\n\n\n\n<figure class=\"wp-block-image size-full\"><img decoding=\"async\" width=\"970\" height=\"600\" src=\"https:\/\/www.aiyin.com\/wp-content\/uploads\/2025\/07\/Label-Print-Paper-9.webp\" alt=\"\" class=\"wp-image-4986\" srcset=\"https:\/\/www.aiyin.com\/wp-content\/uploads\/2025\/07\/Label-Print-Paper-9.webp 970w, https:\/\/www.aiyin.com\/wp-content\/uploads\/2025\/07\/Label-Print-Paper-9-768x475.webp 768w, https:\/\/www.aiyin.com\/wp-content\/uploads\/2025\/07\/Label-Print-Paper-9-18x12.webp 18w, https:\/\/www.aiyin.com\/wp-content\/uploads\/2025\/07\/Label-Print-Paper-9-600x371.webp 600w\" sizes=\"(max-width: 970px) 100vw, 970px\" \/><\/figure>","protected":false},"excerpt":{"rendered":"<p>Ces \u00e9tiquettes sont dot\u00e9es d'un support adh\u00e9sif puissant qui adh\u00e8re solidement \u00e0 une vari\u00e9t\u00e9 de surfaces telles que le carton, le plastique et les mat\u00e9riaux d'emballage. Id\u00e9ales pour l'impression de m\u00e9mos, d'\u00e9tiquettes, de codes QR et de codes-barres. Le design rond apporte une esth\u00e9tique propre et moderne qui am\u00e9liore l'image de marque, la pr\u00e9sentation du produit et l'attrait de l'emballage.<\/p>\n<h2>Caract\u00e9ristiques des \u00e9tiquettes thermiques rondes de 2\u2033 et 3\u2033.<\/h2>\n<div>\n<p><strong>Adh\u00e9sif de haute qualit\u00e9 :<\/strong> Le support autocollant de haute qualit\u00e9 permet de fixer solidement les \u00e9tiquettes sur des mat\u00e9riaux tels que le plastique, le carton, etc.<\/p>\n<p><strong>Plusieurs tailles :<\/strong> Disponibles en formats ronds de 2 et 3 pouces, ils sont parfaits pour une vari\u00e9t\u00e9 d'applications d'\u00e9tiquetage, telles que le scellage de produits, l'emballage alimentaire et les autocollants de marque.<\/p>\n<p><strong>Coupe lisse et nette :<\/strong> Les bords d\u00e9coup\u00e9s avec pr\u00e9cision garantissent un d\u00e9collement facile et une application lisse, ce qui permet de gagner beaucoup de temps \u00e0 l'usage.<\/p>\n<p><strong>Mod\u00e8le rond :<\/strong> L'aspect rond rend l'\u00e9tiquette visuellement attrayante et convient aux applications r\u00e9sidentielles et commerciales.<\/p>\n<\/div>","protected":false},"featured_media":4981,"comment_status":"closed","ping_status":"closed","template":"","meta":{"_acf_changed":false},"product_brand":[],"product_cat":[120],"product_tag":[],"class_list":{"0":"post-4978","1":"product","2":"type-product","3":"status-publish","4":"has-post-thumbnail","6":"product_cat-wholesale-thermal-paper-rolls","7":"pa_paper-for-mini-printer","9":"first","10":"instock","11":"shipping-taxable","12":"product-type-simple"},"acf":[],"_links":{"self":[{"href":"https:\/\/www.aiyin.com\/fr\/wp-json\/wp\/v2\/product\/4978","targetHints":{"allow":["GET"]}}],"collection":[{"href":"https:\/\/www.aiyin.com\/fr\/wp-json\/wp\/v2\/product"}],"about":[{"href":"https:\/\/www.aiyin.com\/fr\/wp-json\/wp\/v2\/types\/product"}],"replies":[{"embeddable":true,"href":"https:\/\/www.aiyin.com\/fr\/wp-json\/wp\/v2\/comments?post=4978"}],"wp:featuredmedia":[{"embeddable":true,"href":"https:\/\/www.aiyin.com\/fr\/wp-json\/wp\/v2\/media\/4981"}],"wp:attachment":[{"href":"https:\/\/www.aiyin.com\/fr\/wp-json\/wp\/v2\/media?parent=4978"}],"wp:term":[{"taxonomy":"product_brand","embeddable":true,"href":"https:\/\/www.aiyin.com\/fr\/wp-json\/wp\/v2\/product_brand?post=4978"},{"taxonomy":"product_cat","embeddable":true,"href":"https:\/\/www.aiyin.com\/fr\/wp-json\/wp\/v2\/product_cat?post=4978"},{"taxonomy":"product_tag","embeddable":true,"href":"https:\/\/www.aiyin.com\/fr\/wp-json\/wp\/v2\/product_tag?post=4978"}],"curies":[{"name":"wp","href":"https:\/\/api.w.org\/{rel}","templated":true}]}}