{"id":4972,"date":"2025-07-18T23:36:46","date_gmt":"2025-07-18T23:36:46","guid":{"rendered":"https:\/\/www.aiyin.com\/?post_type=product&#038;p=4972"},"modified":"2025-07-18T23:36:51","modified_gmt":"2025-07-18T23:36:51","slug":"wholesale-thermal-printer-folding-paper-100-x-150mm","status":"publish","type":"product","link":"https:\/\/www.aiyin.com\/fr\/product\/wholesale-thermal-printer-folding-paper-100-x-150mm\/","title":{"rendered":"Wholesale Thermal Printer Folding Paper 100 \u00d7 150mm- Adapt\u00e9 \u00e0 l'imprimante d'\u00e9tiquettes d'exp\u00e9dition"},"content":{"rendered":"<h2 class=\"wp-block-heading\">D\u00e9tails du papier de pliage pour imprimante thermique<\/h2>\n\n\n\n<hr class=\"wp-block-separator has-alpha-channel-opacity\"\/>\n\n\n\n<div class=\"wp-block-columns is-layout-flex wp-container-core-columns-is-layout-9d6595d7 wp-block-columns-is-layout-flex\">\n<div class=\"wp-block-column is-layout-flow wp-block-column-is-layout-flow\">\n<figure class=\"wp-block-image size-full\"><img decoding=\"async\" width=\"720\" height=\"720\" src=\"https:\/\/www.aiyin.com\/wp-content\/uploads\/2025\/07\/100x150-4x6-3-proof-Direct-Thermal-Printing-Paper2.webp\" alt=\"\" class=\"wp-image-4973\" srcset=\"https:\/\/www.aiyin.com\/wp-content\/uploads\/2025\/07\/100x150-4x6-3-proof-Direct-Thermal-Printing-Paper2.webp 720w, https:\/\/www.aiyin.com\/wp-content\/uploads\/2025\/07\/100x150-4x6-3-proof-Direct-Thermal-Printing-Paper2-150x150.webp 150w, https:\/\/www.aiyin.com\/wp-content\/uploads\/2025\/07\/100x150-4x6-3-proof-Direct-Thermal-Printing-Paper2-12x12.webp 12w, https:\/\/www.aiyin.com\/wp-content\/uploads\/2025\/07\/100x150-4x6-3-proof-Direct-Thermal-Printing-Paper2-300x300.webp 300w, https:\/\/www.aiyin.com\/wp-content\/uploads\/2025\/07\/100x150-4x6-3-proof-Direct-Thermal-Printing-Paper2-600x600.webp 600w, https:\/\/www.aiyin.com\/wp-content\/uploads\/2025\/07\/100x150-4x6-3-proof-Direct-Thermal-Printing-Paper2-100x100.webp 100w\" sizes=\"(max-width: 720px) 100vw, 720px\" \/><\/figure>\n\n\n\n<figure class=\"wp-block-image size-full\"><img decoding=\"async\" width=\"1000\" height=\"1000\" src=\"https:\/\/www.aiyin.com\/wp-content\/uploads\/2025\/07\/100x150-4x6-3-proof-Direct-Thermal-Printing-Paper4.webp\" alt=\"\" class=\"wp-image-4975\" srcset=\"https:\/\/www.aiyin.com\/wp-content\/uploads\/2025\/07\/100x150-4x6-3-proof-Direct-Thermal-Printing-Paper4.webp 1000w, https:\/\/www.aiyin.com\/wp-content\/uploads\/2025\/07\/100x150-4x6-3-proof-Direct-Thermal-Printing-Paper4-150x150.webp 150w, https:\/\/www.aiyin.com\/wp-content\/uploads\/2025\/07\/100x150-4x6-3-proof-Direct-Thermal-Printing-Paper4-768x768.webp 768w, https:\/\/www.aiyin.com\/wp-content\/uploads\/2025\/07\/100x150-4x6-3-proof-Direct-Thermal-Printing-Paper4-12x12.webp 12w, https:\/\/www.aiyin.com\/wp-content\/uploads\/2025\/07\/100x150-4x6-3-proof-Direct-Thermal-Printing-Paper4-300x300.webp 300w, https:\/\/www.aiyin.com\/wp-content\/uploads\/2025\/07\/100x150-4x6-3-proof-Direct-Thermal-Printing-Paper4-600x600.webp 600w, https:\/\/www.aiyin.com\/wp-content\/uploads\/2025\/07\/100x150-4x6-3-proof-Direct-Thermal-Printing-Paper4-100x100.webp 100w\" sizes=\"(max-width: 1000px) 100vw, 1000px\" \/><\/figure>\n<\/div>\n\n\n\n<div class=\"wp-block-column is-layout-flow wp-block-column-is-layout-flow\">\n<figure class=\"wp-block-image size-full\"><img decoding=\"async\" width=\"720\" height=\"720\" src=\"https:\/\/www.aiyin.com\/wp-content\/uploads\/2025\/07\/100x150-4x6-3-proof-Direct-Thermal-Printing-Paper1.webp\" alt=\"\" class=\"wp-image-4974\" srcset=\"https:\/\/www.aiyin.com\/wp-content\/uploads\/2025\/07\/100x150-4x6-3-proof-Direct-Thermal-Printing-Paper1.webp 720w, https:\/\/www.aiyin.com\/wp-content\/uploads\/2025\/07\/100x150-4x6-3-proof-Direct-Thermal-Printing-Paper1-150x150.webp 150w, https:\/\/www.aiyin.com\/wp-content\/uploads\/2025\/07\/100x150-4x6-3-proof-Direct-Thermal-Printing-Paper1-12x12.webp 12w, https:\/\/www.aiyin.com\/wp-content\/uploads\/2025\/07\/100x150-4x6-3-proof-Direct-Thermal-Printing-Paper1-300x300.webp 300w, https:\/\/www.aiyin.com\/wp-content\/uploads\/2025\/07\/100x150-4x6-3-proof-Direct-Thermal-Printing-Paper1-600x600.webp 600w, https:\/\/www.aiyin.com\/wp-content\/uploads\/2025\/07\/100x150-4x6-3-proof-Direct-Thermal-Printing-Paper1-100x100.webp 100w\" sizes=\"(max-width: 720px) 100vw, 720px\" \/><\/figure>\n\n\n\n<figure class=\"wp-block-image size-full\"><img decoding=\"async\" width=\"1000\" height=\"1000\" src=\"https:\/\/www.aiyin.com\/wp-content\/uploads\/2025\/07\/100x150-4x6-3-proof-Direct-Thermal-Printing-Paper5.webp\" alt=\"\" class=\"wp-image-4976\" srcset=\"https:\/\/www.aiyin.com\/wp-content\/uploads\/2025\/07\/100x150-4x6-3-proof-Direct-Thermal-Printing-Paper5.webp 1000w, https:\/\/www.aiyin.com\/wp-content\/uploads\/2025\/07\/100x150-4x6-3-proof-Direct-Thermal-Printing-Paper5-150x150.webp 150w, https:\/\/www.aiyin.com\/wp-content\/uploads\/2025\/07\/100x150-4x6-3-proof-Direct-Thermal-Printing-Paper5-768x768.webp 768w, https:\/\/www.aiyin.com\/wp-content\/uploads\/2025\/07\/100x150-4x6-3-proof-Direct-Thermal-Printing-Paper5-12x12.webp 12w, https:\/\/www.aiyin.com\/wp-content\/uploads\/2025\/07\/100x150-4x6-3-proof-Direct-Thermal-Printing-Paper5-300x300.webp 300w, https:\/\/www.aiyin.com\/wp-content\/uploads\/2025\/07\/100x150-4x6-3-proof-Direct-Thermal-Printing-Paper5-600x600.webp 600w, https:\/\/www.aiyin.com\/wp-content\/uploads\/2025\/07\/100x150-4x6-3-proof-Direct-Thermal-Printing-Paper5-100x100.webp 100w\" sizes=\"(max-width: 1000px) 100vw, 1000px\" \/><\/figure>\n<\/div>\n<\/div>","protected":false},"excerpt":{"rendered":"<p>Papiers thermiques pli\u00e9s en gros, compatibles avec les imprimantes thermiques d'exp\u00e9dition courantes, performance fiable, adh\u00e9sif puissant pour garantir que les \u00e9tiquettes sont fermement attach\u00e9es au carton, id\u00e9al pour le commerce \u00e9lectronique, la gestion d'entrep\u00f4t et les applications logistiques.<\/p>\n<h2>Caract\u00e9ristiques du papier de pliage pour imprimante thermique<\/h2>\n<div>\n<p><strong>Impression claire :<\/strong> Utilisant des mat\u00e9riaux thermiques de haute qualit\u00e9, il permet une impression claire des codes QR, des codes-barres, des informations d'adresse, etc., garantissant une lecture express fluide.<\/p>\n<p><strong>Forte viscosit\u00e9 :<\/strong> Gr\u00e2ce \u00e0 sa forte viscosit\u00e9, il peut \u00eatre fermement fix\u00e9 \u00e0 la surface de diff\u00e9rents mat\u00e9riaux tels que les cartons, les emballages en plastique et les sacs express, afin d'\u00e9viter qu'ils ne tombent ou ne soient endommag\u00e9s pendant le transport.<\/p>\n<p><strong>Imperm\u00e9able et r\u00e9sistant \u00e0 l'usure :<\/strong> Il poss\u00e8de d'excellentes propri\u00e9t\u00e9s d'\u00e9tanch\u00e9it\u00e9, de r\u00e9sistance \u00e0 l'huile et aux rayures. M\u00eame en cas de pluie ou de transport sur de longues distances, les informations logistiques restent compl\u00e8tes et claires.<\/p>\n<p><strong>Applicable \u00e0 un grand nombre de sc\u00e9narios :<\/strong> convient \u00e0 la livraison des commandes de commerce \u00e9lectronique, aux commandes de logistique express, \u00e0 la gestion des stocks dans les entrep\u00f4ts, aux \u00e9tiquettes de fret international, etc.<\/p>\n<\/div>","protected":false},"featured_media":4977,"comment_status":"closed","ping_status":"closed","template":"","meta":{"_acf_changed":true},"product_brand":[],"product_cat":[120],"product_tag":[],"class_list":{"0":"post-4972","1":"product","2":"type-product","3":"status-publish","4":"has-post-thumbnail","6":"product_cat-wholesale-thermal-paper-rolls","7":"pa_paper-for-shipping-label-printer","9":"first","10":"instock","11":"shipping-taxable","12":"product-type-simple"},"acf":[],"_links":{"self":[{"href":"https:\/\/www.aiyin.com\/fr\/wp-json\/wp\/v2\/product\/4972","targetHints":{"allow":["GET"]}}],"collection":[{"href":"https:\/\/www.aiyin.com\/fr\/wp-json\/wp\/v2\/product"}],"about":[{"href":"https:\/\/www.aiyin.com\/fr\/wp-json\/wp\/v2\/types\/product"}],"replies":[{"embeddable":true,"href":"https:\/\/www.aiyin.com\/fr\/wp-json\/wp\/v2\/comments?post=4972"}],"wp:featuredmedia":[{"embeddable":true,"href":"https:\/\/www.aiyin.com\/fr\/wp-json\/wp\/v2\/media\/4977"}],"wp:attachment":[{"href":"https:\/\/www.aiyin.com\/fr\/wp-json\/wp\/v2\/media?parent=4972"}],"wp:term":[{"taxonomy":"product_brand","embeddable":true,"href":"https:\/\/www.aiyin.com\/fr\/wp-json\/wp\/v2\/product_brand?post=4972"},{"taxonomy":"product_cat","embeddable":true,"href":"https:\/\/www.aiyin.com\/fr\/wp-json\/wp\/v2\/product_cat?post=4972"},{"taxonomy":"product_tag","embeddable":true,"href":"https:\/\/www.aiyin.com\/fr\/wp-json\/wp\/v2\/product_tag?post=4972"}],"curies":[{"name":"wp","href":"https:\/\/api.w.org\/{rel}","templated":true}]}}