{"id":4960,"date":"2025-02-20T01:30:17","date_gmt":"2025-02-20T01:30:17","guid":{"rendered":"https:\/\/www.aiyin.com\/?post_type=product&#038;p=4960"},"modified":"2025-07-18T23:08:43","modified_gmt":"2025-07-18T23:08:43","slug":"wholesale-a4-thermal-folded-paper","status":"publish","type":"product","link":"https:\/\/www.aiyin.com\/fr\/product\/wholesale-a4-thermal-folded-paper\/","title":{"rendered":"Wholesale A4 Thermal Folded Paper - Convient \u00e0 la s\u00e9rie d'imprimantes thermiques A4 AiYin"},"content":{"rendered":"<h2 class=\"wp-block-heading\">D\u00e9tails du papier pli\u00e9 thermique A4<\/h2>\n\n\n\n<hr class=\"wp-block-separator has-alpha-channel-opacity\"\/>\n\n\n\n<figure class=\"wp-block-image size-full\"><img decoding=\"async\" width=\"720\" height=\"719\" src=\"https:\/\/www.aiyin.com\/wp-content\/uploads\/2025\/07\/Thermal-Paper-for-A4-Thermal-Printer.webp\" alt=\"\" class=\"wp-image-4961\" srcset=\"https:\/\/www.aiyin.com\/wp-content\/uploads\/2025\/07\/Thermal-Paper-for-A4-Thermal-Printer.webp 720w, https:\/\/www.aiyin.com\/wp-content\/uploads\/2025\/07\/Thermal-Paper-for-A4-Thermal-Printer-150x150.webp 150w, https:\/\/www.aiyin.com\/wp-content\/uploads\/2025\/07\/Thermal-Paper-for-A4-Thermal-Printer-12x12.webp 12w, https:\/\/www.aiyin.com\/wp-content\/uploads\/2025\/07\/Thermal-Paper-for-A4-Thermal-Printer-300x300.webp 300w, https:\/\/www.aiyin.com\/wp-content\/uploads\/2025\/07\/Thermal-Paper-for-A4-Thermal-Printer-600x599.webp 600w, https:\/\/www.aiyin.com\/wp-content\/uploads\/2025\/07\/Thermal-Paper-for-A4-Thermal-Printer-100x100.webp 100w\" sizes=\"(max-width: 720px) 100vw, 720px\" \/><\/figure>\n\n\n\n<figure class=\"wp-block-image size-full\"><img decoding=\"async\" width=\"720\" height=\"652\" src=\"https:\/\/www.aiyin.com\/wp-content\/uploads\/2025\/07\/Thermal-Paper-for-A4-Thermal-Printer-2.webp\" alt=\"\" class=\"wp-image-4962\" srcset=\"https:\/\/www.aiyin.com\/wp-content\/uploads\/2025\/07\/Thermal-Paper-for-A4-Thermal-Printer-2.webp 720w, https:\/\/www.aiyin.com\/wp-content\/uploads\/2025\/07\/Thermal-Paper-for-A4-Thermal-Printer-2-13x12.webp 13w, https:\/\/www.aiyin.com\/wp-content\/uploads\/2025\/07\/Thermal-Paper-for-A4-Thermal-Printer-2-600x543.webp 600w\" sizes=\"(max-width: 720px) 100vw, 720px\" \/><\/figure>\n\n\n\n<figure class=\"wp-block-image size-full\"><img decoding=\"async\" width=\"1000\" height=\"1000\" src=\"https:\/\/www.aiyin.com\/wp-content\/uploads\/2025\/07\/Thermal-Paper-for-A4-Thermal-Printer-3.webp\" alt=\"\" class=\"wp-image-4963\" srcset=\"https:\/\/www.aiyin.com\/wp-content\/uploads\/2025\/07\/Thermal-Paper-for-A4-Thermal-Printer-3.webp 1000w, https:\/\/www.aiyin.com\/wp-content\/uploads\/2025\/07\/Thermal-Paper-for-A4-Thermal-Printer-3-150x150.webp 150w, https:\/\/www.aiyin.com\/wp-content\/uploads\/2025\/07\/Thermal-Paper-for-A4-Thermal-Printer-3-768x768.webp 768w, https:\/\/www.aiyin.com\/wp-content\/uploads\/2025\/07\/Thermal-Paper-for-A4-Thermal-Printer-3-12x12.webp 12w, https:\/\/www.aiyin.com\/wp-content\/uploads\/2025\/07\/Thermal-Paper-for-A4-Thermal-Printer-3-300x300.webp 300w, https:\/\/www.aiyin.com\/wp-content\/uploads\/2025\/07\/Thermal-Paper-for-A4-Thermal-Printer-3-600x600.webp 600w, https:\/\/www.aiyin.com\/wp-content\/uploads\/2025\/07\/Thermal-Paper-for-A4-Thermal-Printer-3-100x100.webp 100w\" sizes=\"(max-width: 1000px) 100vw, 1000px\" \/><\/figure>","protected":false},"excerpt":{"rendered":"<p>Papier thermique A4 en gros, parfait pour les entreprises et les bureaux, id\u00e9al pour produire des documents, des rapports et des \u00e9tiquettes clairs et nets. Achetez en gros pour b\u00e9n\u00e9ficier d'un prix r\u00e9duit. N'h\u00e9sitez pas \u00e0 nous contacter.<\/p>\n<h2>Caract\u00e9ristiques du papier thermique A4<\/h2>\n<div>\n<p><strong>Large \u00e9ventail d'utilisations :<\/strong> Ce papier thermique convient \u00e0 une grande vari\u00e9t\u00e9 d'applications ; il peut \u00eatre utilis\u00e9 non seulement pour les croquis et la cr\u00e9ation artistique, mais aussi pour l'impression de factures, de rapports d'entretien, de re\u00e7us et d'autres documents.<\/p>\n<p><strong>Impression claire et durable :<\/strong> Notre papier thermique est fabriqu\u00e9 \u00e0 partir de mat\u00e9riaux adapt\u00e9s \u00e0 l'impression thermique. Il imprime donc clairement et se conserve facilement pendant longtemps.<\/p>\n<p><strong>Compatibilit\u00e9 parfaite avec la s\u00e9rie AiYin A4 :<\/strong> Ce papier thermique A4 est sp\u00e9cialement con\u00e7u pour la s\u00e9rie d'imprimantes thermiques A4 d'AiYin. Il permet un alignement et une alimentation en papier pr\u00e9cis.<\/p>\n<p><strong>Respectueux de l'environnement :<\/strong> L'impression thermique ne n\u00e9cessitant pas d'encre ni de toner, c'est un choix respectueux de l'environnement qui r\u00e9duit les d\u00e9chets et le besoin de consommables suppl\u00e9mentaires.<\/p>\n<\/div>","protected":false},"featured_media":4961,"comment_status":"closed","ping_status":"closed","template":"","meta":{"_acf_changed":true},"product_brand":[],"product_cat":[120],"product_tag":[],"class_list":{"0":"post-4960","1":"product","2":"type-product","3":"status-publish","4":"has-post-thumbnail","6":"product_cat-wholesale-thermal-paper-rolls","7":"pa_paper-for-letter-a4-thermal-printer","9":"first","10":"instock","11":"shipping-taxable","12":"product-type-simple"},"acf":[],"_links":{"self":[{"href":"https:\/\/www.aiyin.com\/fr\/wp-json\/wp\/v2\/product\/4960","targetHints":{"allow":["GET"]}}],"collection":[{"href":"https:\/\/www.aiyin.com\/fr\/wp-json\/wp\/v2\/product"}],"about":[{"href":"https:\/\/www.aiyin.com\/fr\/wp-json\/wp\/v2\/types\/product"}],"replies":[{"embeddable":true,"href":"https:\/\/www.aiyin.com\/fr\/wp-json\/wp\/v2\/comments?post=4960"}],"wp:featuredmedia":[{"embeddable":true,"href":"https:\/\/www.aiyin.com\/fr\/wp-json\/wp\/v2\/media\/4961"}],"wp:attachment":[{"href":"https:\/\/www.aiyin.com\/fr\/wp-json\/wp\/v2\/media?parent=4960"}],"wp:term":[{"taxonomy":"product_brand","embeddable":true,"href":"https:\/\/www.aiyin.com\/fr\/wp-json\/wp\/v2\/product_brand?post=4960"},{"taxonomy":"product_cat","embeddable":true,"href":"https:\/\/www.aiyin.com\/fr\/wp-json\/wp\/v2\/product_cat?post=4960"},{"taxonomy":"product_tag","embeddable":true,"href":"https:\/\/www.aiyin.com\/fr\/wp-json\/wp\/v2\/product_tag?post=4960"}],"curies":[{"name":"wp","href":"https:\/\/api.w.org\/{rel}","templated":true}]}}