{"id":4949,"date":"2025-02-20T07:09:10","date_gmt":"2025-02-20T07:09:10","guid":{"rendered":"https:\/\/www.aiyin.com\/?post_type=product&#038;p=4949"},"modified":"2025-07-18T23:56:54","modified_gmt":"2025-07-18T23:56:54","slug":"wholesale-thermal-paper-rolls-for-mini-thermal-printers","status":"publish","type":"product","link":"https:\/\/www.aiyin.com\/fr\/product\/wholesale-thermal-paper-rolls-for-mini-thermal-printers\/","title":{"rendered":"Rouleaux de papier thermique 56mm X 6.9M pour Mini Imprimante Thermique de Poche - Autocollant 3-Rouleaux pour Notes, Textes, Journal, Photo"},"content":{"rendered":"<h2 class=\"wp-block-heading\">D\u00e9tails des rouleaux de papier thermique 56mm X 6.9M<\/h2>\n\n\n\n<hr class=\"wp-block-separator has-alpha-channel-opacity\"\/>\n\n\n\n<figure class=\"wp-block-image size-large\"><img decoding=\"async\" width=\"1280\" height=\"1280\" src=\"https:\/\/www.aiyin.com\/wp-content\/uploads\/2025\/07\/Mini-Thermal-Pocket-Printer-56mm-X-6.9M-2-1280x1280.webp\" alt=\"\" class=\"wp-image-4950\" srcset=\"https:\/\/www.aiyin.com\/wp-content\/uploads\/2025\/07\/Mini-Thermal-Pocket-Printer-56mm-X-6.9M-2-1280x1280.webp 1280w, https:\/\/www.aiyin.com\/wp-content\/uploads\/2025\/07\/Mini-Thermal-Pocket-Printer-56mm-X-6.9M-2-150x150.webp 150w, https:\/\/www.aiyin.com\/wp-content\/uploads\/2025\/07\/Mini-Thermal-Pocket-Printer-56mm-X-6.9M-2-768x768.webp 768w, https:\/\/www.aiyin.com\/wp-content\/uploads\/2025\/07\/Mini-Thermal-Pocket-Printer-56mm-X-6.9M-2-12x12.webp 12w, https:\/\/www.aiyin.com\/wp-content\/uploads\/2025\/07\/Mini-Thermal-Pocket-Printer-56mm-X-6.9M-2-300x300.webp 300w, https:\/\/www.aiyin.com\/wp-content\/uploads\/2025\/07\/Mini-Thermal-Pocket-Printer-56mm-X-6.9M-2-600x600.webp 600w, https:\/\/www.aiyin.com\/wp-content\/uploads\/2025\/07\/Mini-Thermal-Pocket-Printer-56mm-X-6.9M-2-100x100.webp 100w, https:\/\/www.aiyin.com\/wp-content\/uploads\/2025\/07\/Mini-Thermal-Pocket-Printer-56mm-X-6.9M-2.webp 1600w\" sizes=\"(max-width: 1280px) 100vw, 1280px\" \/><\/figure>\n\n\n\n<figure class=\"wp-block-image size-large\"><img decoding=\"async\" width=\"1280\" height=\"1280\" src=\"https:\/\/www.aiyin.com\/wp-content\/uploads\/2025\/07\/Mini-Thermal-Pocket-Printer-56mm-X-6.9M-4-1280x1280.webp\" alt=\"\" class=\"wp-image-4951\" srcset=\"https:\/\/www.aiyin.com\/wp-content\/uploads\/2025\/07\/Mini-Thermal-Pocket-Printer-56mm-X-6.9M-4-1280x1280.webp 1280w, https:\/\/www.aiyin.com\/wp-content\/uploads\/2025\/07\/Mini-Thermal-Pocket-Printer-56mm-X-6.9M-4-150x150.webp 150w, https:\/\/www.aiyin.com\/wp-content\/uploads\/2025\/07\/Mini-Thermal-Pocket-Printer-56mm-X-6.9M-4-768x768.webp 768w, https:\/\/www.aiyin.com\/wp-content\/uploads\/2025\/07\/Mini-Thermal-Pocket-Printer-56mm-X-6.9M-4-12x12.webp 12w, https:\/\/www.aiyin.com\/wp-content\/uploads\/2025\/07\/Mini-Thermal-Pocket-Printer-56mm-X-6.9M-4-300x300.webp 300w, https:\/\/www.aiyin.com\/wp-content\/uploads\/2025\/07\/Mini-Thermal-Pocket-Printer-56mm-X-6.9M-4-600x600.webp 600w, https:\/\/www.aiyin.com\/wp-content\/uploads\/2025\/07\/Mini-Thermal-Pocket-Printer-56mm-X-6.9M-4-100x100.webp 100w, https:\/\/www.aiyin.com\/wp-content\/uploads\/2025\/07\/Mini-Thermal-Pocket-Printer-56mm-X-6.9M-4.webp 1600w\" sizes=\"(max-width: 1280px) 100vw, 1280px\" \/><\/figure>\n\n\n\n<figure class=\"wp-block-image size-large\"><img decoding=\"async\" width=\"1280\" height=\"1280\" src=\"https:\/\/www.aiyin.com\/wp-content\/uploads\/2025\/07\/Mini-Thermal-Pocket-Printer-56mm-X-6.9M-3-1280x1280.webp\" alt=\"\" class=\"wp-image-4952\" srcset=\"https:\/\/www.aiyin.com\/wp-content\/uploads\/2025\/07\/Mini-Thermal-Pocket-Printer-56mm-X-6.9M-3-1280x1280.webp 1280w, https:\/\/www.aiyin.com\/wp-content\/uploads\/2025\/07\/Mini-Thermal-Pocket-Printer-56mm-X-6.9M-3-150x150.webp 150w, https:\/\/www.aiyin.com\/wp-content\/uploads\/2025\/07\/Mini-Thermal-Pocket-Printer-56mm-X-6.9M-3-768x768.webp 768w, https:\/\/www.aiyin.com\/wp-content\/uploads\/2025\/07\/Mini-Thermal-Pocket-Printer-56mm-X-6.9M-3-12x12.webp 12w, https:\/\/www.aiyin.com\/wp-content\/uploads\/2025\/07\/Mini-Thermal-Pocket-Printer-56mm-X-6.9M-3-300x300.webp 300w, https:\/\/www.aiyin.com\/wp-content\/uploads\/2025\/07\/Mini-Thermal-Pocket-Printer-56mm-X-6.9M-3-600x600.webp 600w, https:\/\/www.aiyin.com\/wp-content\/uploads\/2025\/07\/Mini-Thermal-Pocket-Printer-56mm-X-6.9M-3-100x100.webp 100w, https:\/\/www.aiyin.com\/wp-content\/uploads\/2025\/07\/Mini-Thermal-Pocket-Printer-56mm-X-6.9M-3.webp 1600w\" sizes=\"(max-width: 1280px) 100vw, 1280px\" \/><\/figure>\n\n\n\n<figure class=\"wp-block-image size-large\"><img decoding=\"async\" width=\"1280\" height=\"1280\" src=\"https:\/\/www.aiyin.com\/wp-content\/uploads\/2025\/07\/Mini-Thermal-Pocket-Printer-56mm-X-6.9M-5-1280x1280.webp\" alt=\"\" class=\"wp-image-4953\" srcset=\"https:\/\/www.aiyin.com\/wp-content\/uploads\/2025\/07\/Mini-Thermal-Pocket-Printer-56mm-X-6.9M-5-1280x1280.webp 1280w, https:\/\/www.aiyin.com\/wp-content\/uploads\/2025\/07\/Mini-Thermal-Pocket-Printer-56mm-X-6.9M-5-150x150.webp 150w, https:\/\/www.aiyin.com\/wp-content\/uploads\/2025\/07\/Mini-Thermal-Pocket-Printer-56mm-X-6.9M-5-768x768.webp 768w, https:\/\/www.aiyin.com\/wp-content\/uploads\/2025\/07\/Mini-Thermal-Pocket-Printer-56mm-X-6.9M-5-12x12.webp 12w, https:\/\/www.aiyin.com\/wp-content\/uploads\/2025\/07\/Mini-Thermal-Pocket-Printer-56mm-X-6.9M-5-300x300.webp 300w, https:\/\/www.aiyin.com\/wp-content\/uploads\/2025\/07\/Mini-Thermal-Pocket-Printer-56mm-X-6.9M-5-600x600.webp 600w, https:\/\/www.aiyin.com\/wp-content\/uploads\/2025\/07\/Mini-Thermal-Pocket-Printer-56mm-X-6.9M-5-100x100.webp 100w, https:\/\/www.aiyin.com\/wp-content\/uploads\/2025\/07\/Mini-Thermal-Pocket-Printer-56mm-X-6.9M-5.webp 1600w\" sizes=\"(max-width: 1280px) 100vw, 1280px\" \/><\/figure>","protected":false},"excerpt":{"rendered":"<p>Le papier pour imprimante thermique miniature est adapt\u00e9 \u00e0 l'impression de notes, au bricolage d'ordinateurs portables, \u00e0 l'impression de re\u00e7us, \u00e0 l'impression d'\u00e9tiquettes et \u00e0 bien d'autres utilisations. Contactez-nous pour commander.<\/p>\n<h2>Caract\u00e9ristiques des rouleaux de papier thermique 56mm X 6.9M<\/h2>\n<div>\n<p><strong>Application polyvalente :<\/strong> Ce papier pour \u00e9tiquettes convient \u00e0 une vari\u00e9t\u00e9 de sc\u00e9narios, y compris les \u00e9tiquettes FBA, les \u00e9tiquettes de courrier, les \u00e9tiquettes d'informations alimentaires, les \u00e9tiquettes d'emballage de produits, etc., pour r\u00e9pondre aux besoins commerciaux et \u00e0 l'organisation de la maison.<\/p>\n<p><strong>Impression de haute qualit\u00e9 :<\/strong> Permet l'impression haute d\u00e9finition de codes QR et de textes fins afin de garantir une lisibilit\u00e9 \u00e9lev\u00e9e et des informations pr\u00e9cises.<\/p>\n<p><strong>Bonne adh\u00e9rence :<\/strong> Fabriqu\u00e9 \u00e0 partir d'un mat\u00e9riau adh\u00e9sif de haute qualit\u00e9, il ne se d\u00e9tache pas facilement.<\/p>\n<p><strong>Vente directe \u00e0 l'usine :<\/strong> Nous produisons et fournissons directement le papier pour \u00e9tiquettes afin de garantir aux clients des produits de haute qualit\u00e9 \u00e0 moindre co\u00fbt.<\/p>\n<\/div>","protected":false},"featured_media":4954,"comment_status":"closed","ping_status":"closed","template":"","meta":{"_acf_changed":true},"product_brand":[],"product_cat":[120],"product_tag":[],"class_list":{"0":"post-4949","1":"product","2":"type-product","3":"status-publish","4":"has-post-thumbnail","6":"product_cat-wholesale-thermal-paper-rolls","7":"pa_paper-for-mini-printer","9":"first","10":"instock","11":"shipping-taxable","12":"product-type-simple"},"acf":[],"_links":{"self":[{"href":"https:\/\/www.aiyin.com\/fr\/wp-json\/wp\/v2\/product\/4949","targetHints":{"allow":["GET"]}}],"collection":[{"href":"https:\/\/www.aiyin.com\/fr\/wp-json\/wp\/v2\/product"}],"about":[{"href":"https:\/\/www.aiyin.com\/fr\/wp-json\/wp\/v2\/types\/product"}],"replies":[{"embeddable":true,"href":"https:\/\/www.aiyin.com\/fr\/wp-json\/wp\/v2\/comments?post=4949"}],"wp:featuredmedia":[{"embeddable":true,"href":"https:\/\/www.aiyin.com\/fr\/wp-json\/wp\/v2\/media\/4954"}],"wp:attachment":[{"href":"https:\/\/www.aiyin.com\/fr\/wp-json\/wp\/v2\/media?parent=4949"}],"wp:term":[{"taxonomy":"product_brand","embeddable":true,"href":"https:\/\/www.aiyin.com\/fr\/wp-json\/wp\/v2\/product_brand?post=4949"},{"taxonomy":"product_cat","embeddable":true,"href":"https:\/\/www.aiyin.com\/fr\/wp-json\/wp\/v2\/product_cat?post=4949"},{"taxonomy":"product_tag","embeddable":true,"href":"https:\/\/www.aiyin.com\/fr\/wp-json\/wp\/v2\/product_tag?post=4949"}],"curies":[{"name":"wp","href":"https:\/\/api.w.org\/{rel}","templated":true}]}}