{"id":4787,"date":"2025-02-20T09:50:11","date_gmt":"2025-02-20T09:50:11","guid":{"rendered":"https:\/\/www.aiyin.com\/?post_type=product&#038;p=4787"},"modified":"2025-07-11T07:47:15","modified_gmt":"2025-07-11T07:47:15","slug":"wholesale-a4-portable-thermal-printer-a10","status":"publish","type":"product","link":"https:\/\/www.aiyin.com\/fr\/product\/wholesale-a4-portable-thermal-printer-a10\/","title":{"rendered":"Wholesale A4 Portable Thermal Printer - A10, , Offer Edit Software, Wireless Connection Support"},"content":{"rendered":"<h2 class=\"wp-block-heading\">D\u00e9tails de l'imprimante thermique portable A4 - A10<\/h2>\n\n\n\n<hr class=\"wp-block-separator has-alpha-channel-opacity\"\/>\n\n\n\n<figure class=\"wp-block-image size-full\"><img decoding=\"async\" width=\"905\" height=\"1280\" src=\"https:\/\/www.aiyin.com\/wp-content\/uploads\/2025\/02\/A4-Portable-Thermal-Printer-Details-1.webp\" alt=\"Imprimante thermique portable A4 D\u00e9tails (1)\" class=\"wp-image-4833\" srcset=\"https:\/\/www.aiyin.com\/wp-content\/uploads\/2025\/02\/A4-Portable-Thermal-Printer-Details-1.webp 905w, https:\/\/www.aiyin.com\/wp-content\/uploads\/2025\/02\/A4-Portable-Thermal-Printer-Details-1-768x1086.webp 768w, https:\/\/www.aiyin.com\/wp-content\/uploads\/2025\/02\/A4-Portable-Thermal-Printer-Details-1-8x12.webp 8w, https:\/\/www.aiyin.com\/wp-content\/uploads\/2025\/02\/A4-Portable-Thermal-Printer-Details-1-600x849.webp 600w\" sizes=\"(max-width: 905px) 100vw, 905px\" \/><\/figure>","protected":false},"excerpt":{"rendered":"<p>Imprimante thermique portable A4 en gros, elle peut facilement traiter une vari\u00e9t\u00e9 de documents, des documents A4 aux \u00e9tiquettes d'exp\u00e9dition et aux re\u00e7us. Equip\u00e9e d'une batterie de 1800 mAh et supportant la connexion sans fil Bluetooth, elle r\u00e9pond \u00e0 divers sc\u00e9narios d'utilisation et convient parfaitement aux acheteurs en gros ciblant les \u00e9tudiants, les travailleurs \u00e0 distance et les petites entreprises. Cette s\u00e9rie est compatible OEM et ODM, contactez-nous pour un devis.<\/p>\n<h2>Caract\u00e9ristiques de l'imprimante thermique portable A4 - A10<\/h2>\n<div>\n<p><strong>Application intelligente :<\/strong> Prise en charge de la gestion des t\u00e2ches d'impression via l'application officielle AiYin. Les utilisateurs peuvent facilement \u00e9diter des fichiers, s\u00e9lectionner des formats d'impression, d\u00e9finir des mod\u00e8les, etc., r\u00e9aliser un contr\u00f4le \u00e0 distance sans fil et am\u00e9liorer l'efficacit\u00e9 du travail.<\/p>\n<p><strong>Autonomie de la batterie longue dur\u00e9e :<\/strong> Batterie lithium rechargeable de 1800mAh int\u00e9gr\u00e9e, une seule charge suffit pour une utilisation continue \u00e0 long terme, adapt\u00e9e au bureau mobile, aux voyages d'affaires en plein air et \u00e0 d'autres sc\u00e9narios.<\/p>\n<p><strong>S'adapter \u00e0 plusieurs formats de papier :<\/strong> La largeur du papier peut \u00eatre r\u00e9gl\u00e9e de 56 mm \u00e0 216 mm, ce qui permet de r\u00e9pondre aux divers besoins d'impression de documents au format A4, d'\u00e9tiquettes, de factures, de re\u00e7us, de bons de transport, de photos, d'affiches, etc.<\/p>\n<p><strong>Conception l\u00e9g\u00e8re :<\/strong> Le bo\u00eetier compact ne mesure que 250\u00d733\u00d753 mm et p\u00e8se 415 g. Il se range facilement dans un sac \u00e0 dos ou un tiroir. Il se range facilement dans un sac \u00e0 dos ou un tiroir et est extr\u00eamement portable.<\/p>\n<p><strong>Support OEM et ODM :<\/strong> L'imprimante thermique AiYin peut fournir des services de personnalisation approfondie pour les commandes en gros afin de vous aider \u00e0 cr\u00e9er des produits de marque exclusifs.<\/p>\n<\/div>","protected":false},"featured_media":4829,"comment_status":"closed","ping_status":"closed","template":"","meta":{"_acf_changed":true},"product_brand":[],"product_cat":[21],"product_tag":[],"class_list":{"0":"post-4787","1":"product","2":"type-product","3":"status-publish","4":"has-post-thumbnail","6":"product_cat-home-office-printer","7":"pa_function-letter-a4-thermal-printer","8":"pa_print-width-8-inches","10":"first","11":"instock","12":"shipping-taxable","13":"product-type-simple"},"acf":[],"_links":{"self":[{"href":"https:\/\/www.aiyin.com\/fr\/wp-json\/wp\/v2\/product\/4787","targetHints":{"allow":["GET"]}}],"collection":[{"href":"https:\/\/www.aiyin.com\/fr\/wp-json\/wp\/v2\/product"}],"about":[{"href":"https:\/\/www.aiyin.com\/fr\/wp-json\/wp\/v2\/types\/product"}],"replies":[{"embeddable":true,"href":"https:\/\/www.aiyin.com\/fr\/wp-json\/wp\/v2\/comments?post=4787"}],"wp:featuredmedia":[{"embeddable":true,"href":"https:\/\/www.aiyin.com\/fr\/wp-json\/wp\/v2\/media\/4829"}],"wp:attachment":[{"href":"https:\/\/www.aiyin.com\/fr\/wp-json\/wp\/v2\/media?parent=4787"}],"wp:term":[{"taxonomy":"product_brand","embeddable":true,"href":"https:\/\/www.aiyin.com\/fr\/wp-json\/wp\/v2\/product_brand?post=4787"},{"taxonomy":"product_cat","embeddable":true,"href":"https:\/\/www.aiyin.com\/fr\/wp-json\/wp\/v2\/product_cat?post=4787"},{"taxonomy":"product_tag","embeddable":true,"href":"https:\/\/www.aiyin.com\/fr\/wp-json\/wp\/v2\/product_tag?post=4787"}],"curies":[{"name":"wp","href":"https:\/\/api.w.org\/{rel}","templated":true}]}}