{"id":4780,"date":"2025-02-22T07:27:23","date_gmt":"2025-02-22T07:27:23","guid":{"rendered":"https:\/\/www.aiyin.com\/?post_type=product&#038;p=4780"},"modified":"2025-07-11T07:52:40","modified_gmt":"2025-07-11T07:52:40","slug":"wholesale-mobile-pocket-label-printer-q3","status":"publish","type":"product","link":"https:\/\/www.aiyin.com\/fr\/product\/wholesale-mobile-pocket-label-printer-q3\/","title":{"rendered":"Wholesale 2-inch Mobile Pocket Label Printer for iPhone - Q3, Bluetooth Support, Easy to Operate"},"content":{"rendered":"<h2 class=\"wp-block-heading\">D\u00e9tails de l'imprimante mobile de poche - Q3<\/h2>\n\n\n\n<hr class=\"wp-block-separator has-alpha-channel-opacity\"\/>\n\n\n\n<figure class=\"wp-block-image size-full\"><img decoding=\"async\" width=\"905\" height=\"1280\" src=\"https:\/\/www.aiyin.com\/wp-content\/uploads\/2025\/02\/Mobile-Pocket-Label-Printer-Q3-Details-1.webp\" alt=\"Imprimante d&#039;\u00e9tiquettes mobile de poche Q3 D\u00e9tails (1)\" class=\"wp-image-4826\" srcset=\"https:\/\/www.aiyin.com\/wp-content\/uploads\/2025\/02\/Mobile-Pocket-Label-Printer-Q3-Details-1.webp 905w, https:\/\/www.aiyin.com\/wp-content\/uploads\/2025\/02\/Mobile-Pocket-Label-Printer-Q3-Details-1-768x1086.webp 768w, https:\/\/www.aiyin.com\/wp-content\/uploads\/2025\/02\/Mobile-Pocket-Label-Printer-Q3-Details-1-8x12.webp 8w, https:\/\/www.aiyin.com\/wp-content\/uploads\/2025\/02\/Mobile-Pocket-Label-Printer-Q3-Details-1-600x849.webp 600w\" sizes=\"(max-width: 905px) 100vw, 905px\" \/><\/figure>","protected":false},"excerpt":{"rendered":"<p>Imprimante d'\u00e9tiquettes thermiques de poche portable de 2 pouces, peut imprimer des \u00e9tiquettes claires et nettes, des autocollants, des re\u00e7us, des m\u00e9mos et des photos. Facile \u00e0 utiliser via l'application mobile, fournissant des solutions pratiques et cr\u00e9atives pour les besoins quotidiens d'\u00e9tiquetage. Support OEM et ODM, n'h\u00e9sitez pas \u00e0 nous contacter pour obtenir un devis.<\/p>\n<h2>Caract\u00e9ristiques de l'imprimante thermique portable de poche - Q3<\/h2>\n<div>\n<p><strong>Portable et facile \u00e0 transporter :<\/strong> L'imprimante mobile d'\u00e9tiquettes de poche peut \u00eatre facilement gliss\u00e9e dans une poche ou un sac sans aucune contrainte, de sorte que l'impression n'est plus limit\u00e9e par le lieu et le temps.<\/p>\n<p><strong>Impression multifonctionnelle :<\/strong> La Mobile Pocket Label Printer Q3 est un appareil d'impression intelligent qui int\u00e8gre l'impression de photos, la cr\u00e9ation d'\u00e9tiquettes, la personnalisation d'autocollants, l'\u00e9criture de notes et l'\u00e9dition de listes.<\/p>\n<p><strong>Connexion rapide :<\/strong> Gr\u00e2ce \u00e0 l'application intelligente exclusive \"Iyin\", les utilisateurs peuvent modifier le texte, ins\u00e9rer des images et utiliser des mod\u00e8les enrichis sur leur t\u00e9l\u00e9phone portable afin d'obtenir une exp\u00e9rience d'impression instantan\u00e9e de type \"ce que vous voyez est ce que vous obtenez\".<\/p>\n<p><strong>Faible co\u00fbt d'entretien :<\/strong> L'imprimante mobile d'\u00e9tiquettes de poche Q3 ne n\u00e9cessite pas le remplacement r\u00e9gulier des cartouches d'encre ou des rubans de carbone, et le papier thermique \u00e9tant peu co\u00fbteux, l'appareil est simple \u00e0 utiliser et ne n\u00e9cessite pas d'entretien compliqu\u00e9.<\/p>\n<p><strong>Un assistant familial parfait :<\/strong> L'imprimante mobile d'\u00e9tiquettes de poche Q3 permet d'imprimer facilement des \u00e9tiquettes, de classer et de marquer des articles tels que les assaisonnements de cuisine, les dates de p\u00e9remption des m\u00e9dicaments et l'archivage des dossiers. Elle peut \u00e9galement imprimer des autocollants d'anniversaire et des v\u0153ux de vacances pour t\u00e9moigner de la vie familiale.<\/p>\n<\/div>","protected":false},"featured_media":4822,"comment_status":"closed","ping_status":"closed","template":"","meta":{"_acf_changed":false},"product_brand":[],"product_cat":[21],"product_tag":[],"class_list":{"0":"post-4780","1":"product","2":"type-product","3":"status-publish","4":"has-post-thumbnail","6":"product_cat-home-office-printer","7":"pa_function-mini-printer","8":"pa_print-width-2-inches","10":"first","11":"instock","12":"shipping-taxable","13":"product-type-simple"},"acf":[],"_links":{"self":[{"href":"https:\/\/www.aiyin.com\/fr\/wp-json\/wp\/v2\/product\/4780","targetHints":{"allow":["GET"]}}],"collection":[{"href":"https:\/\/www.aiyin.com\/fr\/wp-json\/wp\/v2\/product"}],"about":[{"href":"https:\/\/www.aiyin.com\/fr\/wp-json\/wp\/v2\/types\/product"}],"replies":[{"embeddable":true,"href":"https:\/\/www.aiyin.com\/fr\/wp-json\/wp\/v2\/comments?post=4780"}],"wp:featuredmedia":[{"embeddable":true,"href":"https:\/\/www.aiyin.com\/fr\/wp-json\/wp\/v2\/media\/4822"}],"wp:attachment":[{"href":"https:\/\/www.aiyin.com\/fr\/wp-json\/wp\/v2\/media?parent=4780"}],"wp:term":[{"taxonomy":"product_brand","embeddable":true,"href":"https:\/\/www.aiyin.com\/fr\/wp-json\/wp\/v2\/product_brand?post=4780"},{"taxonomy":"product_cat","embeddable":true,"href":"https:\/\/www.aiyin.com\/fr\/wp-json\/wp\/v2\/product_cat?post=4780"},{"taxonomy":"product_tag","embeddable":true,"href":"https:\/\/www.aiyin.com\/fr\/wp-json\/wp\/v2\/product_tag?post=4780"}],"curies":[{"name":"wp","href":"https:\/\/api.w.org\/{rel}","templated":true}]}}