{"id":4773,"date":"2025-04-18T06:04:23","date_gmt":"2025-04-18T06:04:23","guid":{"rendered":"https:\/\/www.aiyin.com\/?post_type=product&#038;p=4773"},"modified":"2025-06-16T02:06:34","modified_gmt":"2025-06-16T02:06:34","slug":"wholesale-2-inch-wireless-mini-label-printer-b23b","status":"publish","type":"product","link":"https:\/\/www.aiyin.com\/fr\/product\/wholesale-2-inch-wireless-mini-label-printer-b23b\/","title":{"rendered":"Mini imprimante d'\u00e9tiquettes sans fil 2 pouces en gros - B23b - AiYin Mini Label Printer Manufacturer"},"content":{"rendered":"<h2 class=\"wp-block-heading\">D\u00e9tails de la mini imprimante d'\u00e9tiquettes sans fil - B23b<\/h2>\n\n\n\n<hr class=\"wp-block-separator has-alpha-channel-opacity\"\/>\n\n\n\n<figure class=\"wp-block-image size-full\"><img decoding=\"async\" width=\"905\" height=\"1280\" src=\"https:\/\/www.aiyin.com\/wp-content\/uploads\/2025\/04\/B23b-Wireless-Mini-Label-Printer-Details-1.webp\" alt=\"Mini imprimante d&#039;\u00e9tiquettes sans fil B23b D\u00e9tails (1)\" class=\"wp-image-4815\" srcset=\"https:\/\/www.aiyin.com\/wp-content\/uploads\/2025\/04\/B23b-Wireless-Mini-Label-Printer-Details-1.webp 905w, https:\/\/www.aiyin.com\/wp-content\/uploads\/2025\/04\/B23b-Wireless-Mini-Label-Printer-Details-1-768x1086.webp 768w, https:\/\/www.aiyin.com\/wp-content\/uploads\/2025\/04\/B23b-Wireless-Mini-Label-Printer-Details-1-8x12.webp 8w, https:\/\/www.aiyin.com\/wp-content\/uploads\/2025\/04\/B23b-Wireless-Mini-Label-Printer-Details-1-600x849.webp 600w\" sizes=\"(max-width: 905px) 100vw, 905px\" \/><\/figure>","protected":false},"excerpt":{"rendered":"<p>La mini-imprimante d'\u00e9tiquettes sans fil 2 pouces, imprimante mobile multifonction - b23b, prend en charge plusieurs types de papier, offre un support d'application et fournit des mod\u00e8les conviviaux pour l'impression rapide et facile d'\u00e9tiquettes personnalis\u00e9es, de codes-barres et de re\u00e7us. Supporte OEM et ODM, veuillez nous contacter pour un devis.<\/p>\n<h2>Caract\u00e9ristiques de la mini imprimante d'\u00e9tiquettes sans fil - B23b<\/h2>\n<div>\n<p><strong>Facile \u00e0 utiliser :<\/strong> La mini-imprimante d'\u00e9tiquettes B23b est dot\u00e9e d'une interface conviviale et d'un design minimal qui permet \u00e0 tout le monde de l'utiliser.<\/p>\n<p><strong>Connexion sans fil Bluetooth :<\/strong> Gr\u00e2ce \u00e0 la technologie Bluetooth int\u00e9gr\u00e9e, la mini imprimante d'\u00e9tiquettes B23b peut se connecter \u00e0 l'imprimante depuis n'importe quel endroit situ\u00e9 dans la zone Bluetooth, ce qui permet d'\u00e9conomiser de l'espace sur le bureau.<\/p>\n<p><strong>Construction l\u00e9g\u00e8re et portable :<\/strong> Le B23b est l\u00e9ger et se glisse facilement dans les petits sacs \u00e0 dos, les petits sacs et les tiroirs. Il est donc id\u00e9al pour une utilisation \u00e0 la maison ou en voyage.<\/p>\n<p><strong>Capacit\u00e9 d'impression polyvalente :<\/strong> Le B23b est capable d'imprimer sur diff\u00e9rents types de papier, tels que le papier pour re\u00e7us, les \u00e9tiquettes autocollantes et le papier pour \u00e9tiquettes ordinaires. Il est pratique pour imprimer des codes-barres d'inventaire, des re\u00e7us, etc.<\/p>\n<p><strong>Bonne qualit\u00e9 d'impression :<\/strong> La B23b produit une qualit\u00e9 d'impression de 203 dpi (points par pouce), ce qui rend vos \u00e9tiquettes, codes-barres et textes clairs et facilement lisibles.<\/p>\n<p><strong>Conception adapt\u00e9e aux enfants :<\/strong> Pour des raisons de s\u00e9curit\u00e9 et de facilit\u00e9 d'utilisation, le B23b est particuli\u00e8rement adapt\u00e9 aux enfants et constitue un outil efficace pour stimuler leur cr\u00e9ativit\u00e9.<\/p>\n<\/div>","protected":false},"featured_media":4817,"comment_status":"closed","ping_status":"closed","template":"","meta":{"_acf_changed":true},"product_brand":[],"product_cat":[21],"product_tag":[],"class_list":{"0":"post-4773","1":"product","2":"type-product","3":"status-publish","4":"has-post-thumbnail","6":"product_cat-home-office-printer","7":"pa_function-mini-printer","8":"pa_print-width-2-inches","10":"first","11":"instock","12":"shipping-taxable","13":"product-type-simple"},"acf":[],"_links":{"self":[{"href":"https:\/\/www.aiyin.com\/fr\/wp-json\/wp\/v2\/product\/4773","targetHints":{"allow":["GET"]}}],"collection":[{"href":"https:\/\/www.aiyin.com\/fr\/wp-json\/wp\/v2\/product"}],"about":[{"href":"https:\/\/www.aiyin.com\/fr\/wp-json\/wp\/v2\/types\/product"}],"replies":[{"embeddable":true,"href":"https:\/\/www.aiyin.com\/fr\/wp-json\/wp\/v2\/comments?post=4773"}],"wp:featuredmedia":[{"embeddable":true,"href":"https:\/\/www.aiyin.com\/fr\/wp-json\/wp\/v2\/media\/4817"}],"wp:attachment":[{"href":"https:\/\/www.aiyin.com\/fr\/wp-json\/wp\/v2\/media?parent=4773"}],"wp:term":[{"taxonomy":"product_brand","embeddable":true,"href":"https:\/\/www.aiyin.com\/fr\/wp-json\/wp\/v2\/product_brand?post=4773"},{"taxonomy":"product_cat","embeddable":true,"href":"https:\/\/www.aiyin.com\/fr\/wp-json\/wp\/v2\/product_cat?post=4773"},{"taxonomy":"product_tag","embeddable":true,"href":"https:\/\/www.aiyin.com\/fr\/wp-json\/wp\/v2\/product_tag?post=4773"}],"curies":[{"name":"wp","href":"https:\/\/api.w.org\/{rel}","templated":true}]}}