{"id":4746,"date":"2025-02-20T10:00:48","date_gmt":"2025-02-20T10:00:48","guid":{"rendered":"https:\/\/www.aiyin.com\/?post_type=product&#038;p=4746"},"modified":"2025-06-16T02:19:43","modified_gmt":"2025-06-16T02:19:43","slug":"wholesale-a4-portable-thermal-printer-a42","status":"publish","type":"product","link":"https:\/\/www.aiyin.com\/fr\/product\/wholesale-a4-portable-thermal-printer-a42\/","title":{"rendered":"Wholesale A4 Portable Thermal Printer - A42, Inkless Printing, Low Operating Costs, Offers Edit Software"},"content":{"rendered":"<h2 class=\"wp-block-heading\">D\u00e9tails de l'imprimante thermique portable A4 - A42<\/h2>\n\n\n\n<hr class=\"wp-block-separator has-alpha-channel-opacity\"\/>\n\n\n\n<figure class=\"wp-block-image size-full\"><img decoding=\"async\" width=\"905\" height=\"1280\" src=\"https:\/\/www.aiyin.com\/wp-content\/uploads\/2025\/02\/Details-of-A4-Portable-Thermal-Printer-\u2013-A421.webp\" alt=\"D\u00e9tails de l&#039;imprimante thermique portable A4 - A42(1)\" class=\"wp-image-4798\" srcset=\"https:\/\/www.aiyin.com\/wp-content\/uploads\/2025\/02\/Details-of-A4-Portable-Thermal-Printer-\u2013-A421.webp 905w, https:\/\/www.aiyin.com\/wp-content\/uploads\/2025\/02\/Details-of-A4-Portable-Thermal-Printer-\u2013-A421-768x1086.webp 768w, https:\/\/www.aiyin.com\/wp-content\/uploads\/2025\/02\/Details-of-A4-Portable-Thermal-Printer-\u2013-A421-8x12.webp 8w, https:\/\/www.aiyin.com\/wp-content\/uploads\/2025\/02\/Details-of-A4-Portable-Thermal-Printer-\u2013-A421-600x849.webp 600w\" sizes=\"(max-width: 905px) 100vw, 905px\" \/><\/figure>","protected":false},"excerpt":{"rendered":"<p>L'imprimante thermique portable A4 A42 wholesale est con\u00e7ue pour les professionnels et les \u00e9tudiants qui recherchent une imprimante de maintenance fiable et peu co\u00fbteuse. Cette imprimante est petite et l\u00e9g\u00e8re, \u00e9quip\u00e9e d'une puissante batterie de 1800 mAh et d'un port de charge rapide Type-C, parfaite pour le bureau mobile. Ce produit prend en charge OEM et ODM, contactez-nous pour un devis.<\/p>\n<h2>Caract\u00e9ristiques de l'imprimante thermique portable A4 - A42<\/h2>\n<div>\n<p><strong>Faible co\u00fbt d'entretien :<\/strong> L'imprimante thermique portable A4 peut imprimer sans encre, ce qui \u00e9limine les probl\u00e8mes de nettoyage des buses et de colmatage de l'encre. Elle est particuli\u00e8rement adapt\u00e9e \u00e0 l'apprentissage ou aux bureaux o\u00f9 l'impression est fr\u00e9quente.<\/p>\n<p><strong>Portable et facile \u00e0 utiliser :<\/strong> L'imprimante thermique portable A4 - A42 est compacte et ne p\u00e8se que 680 g (environ deux canettes de Coca), ce qui permet de la glisser facilement dans un sac \u00e0 dos et de l'emporter en voyage d'affaires ou en cours.<\/p>\n<p><strong>Batterie int\u00e9gr\u00e9e :<\/strong> Batterie int\u00e9gr\u00e9e de grande capacit\u00e9 de 1800mAh, \u00e9quip\u00e9e de la charge rapide Type-C, pour obtenir une autonomie de longue dur\u00e9e.<\/p>\n<p><strong>Divers sc\u00e9narios d'utilisation :<\/strong> Il permet d'imprimer des documents, des motifs, des photos, des illustrations et m\u00eame des autocollants de tatouage.<\/p>\n<\/div>","protected":false},"featured_media":4800,"comment_status":"closed","ping_status":"closed","template":"","meta":{"_acf_changed":true},"product_brand":[],"product_cat":[21],"product_tag":[],"class_list":{"0":"post-4746","1":"product","2":"type-product","3":"status-publish","4":"has-post-thumbnail","6":"product_cat-home-office-printer","7":"pa_function-letter-a4-thermal-printer","8":"pa_print-width-8-inches","10":"first","11":"instock","12":"shipping-taxable","13":"product-type-simple"},"acf":[],"_links":{"self":[{"href":"https:\/\/www.aiyin.com\/fr\/wp-json\/wp\/v2\/product\/4746","targetHints":{"allow":["GET"]}}],"collection":[{"href":"https:\/\/www.aiyin.com\/fr\/wp-json\/wp\/v2\/product"}],"about":[{"href":"https:\/\/www.aiyin.com\/fr\/wp-json\/wp\/v2\/types\/product"}],"replies":[{"embeddable":true,"href":"https:\/\/www.aiyin.com\/fr\/wp-json\/wp\/v2\/comments?post=4746"}],"wp:featuredmedia":[{"embeddable":true,"href":"https:\/\/www.aiyin.com\/fr\/wp-json\/wp\/v2\/media\/4800"}],"wp:attachment":[{"href":"https:\/\/www.aiyin.com\/fr\/wp-json\/wp\/v2\/media?parent=4746"}],"wp:term":[{"taxonomy":"product_brand","embeddable":true,"href":"https:\/\/www.aiyin.com\/fr\/wp-json\/wp\/v2\/product_brand?post=4746"},{"taxonomy":"product_cat","embeddable":true,"href":"https:\/\/www.aiyin.com\/fr\/wp-json\/wp\/v2\/product_cat?post=4746"},{"taxonomy":"product_tag","embeddable":true,"href":"https:\/\/www.aiyin.com\/fr\/wp-json\/wp\/v2\/product_tag?post=4746"}],"curies":[{"name":"wp","href":"https:\/\/api.w.org\/{rel}","templated":true}]}}