{"id":4424,"date":"2025-02-21T09:00:50","date_gmt":"2025-02-21T09:00:50","guid":{"rendered":"https:\/\/www.aiyin.com\/?post_type=product&#038;p=4424"},"modified":"2025-04-21T02:25:27","modified_gmt":"2025-04-21T02:25:27","slug":"wholesale-4-inches-bluetooth-shipping-label-printer-e41","status":"publish","type":"product","link":"https:\/\/www.aiyin.com\/fr\/product\/wholesale-4-inches-bluetooth-shipping-label-printer-e41\/","title":{"rendered":"Imprimante d'\u00e9tiquettes d'exp\u00e9dition Bluetooth 4 pouces - E41, excellente imprimante d'\u00e9tiquettes UPS, imprimante d'\u00e9tiquettes FedEx"},"content":{"rendered":"<h2 class=\"wp-block-heading\">D\u00e9tails de l'imprimante d'\u00e9tiquettes d'exp\u00e9dition Bluetooth - E41<\/h2>\n\n\n\n<hr class=\"wp-block-separator has-alpha-channel-opacity\"\/>\n\n\n\n<figure class=\"wp-block-image size-large\"><img decoding=\"async\" width=\"1277\" height=\"1280\" src=\"https:\/\/www.aiyin.com\/wp-content\/uploads\/2025\/04\/E41-11-1277x1280.webp\" alt=\"\" class=\"wp-image-4425\" srcset=\"https:\/\/www.aiyin.com\/wp-content\/uploads\/2025\/04\/E41-11-1277x1280.webp 1277w, https:\/\/www.aiyin.com\/wp-content\/uploads\/2025\/04\/E41-11-150x150.webp 150w, https:\/\/www.aiyin.com\/wp-content\/uploads\/2025\/04\/E41-11-768x770.webp 768w, https:\/\/www.aiyin.com\/wp-content\/uploads\/2025\/04\/E41-11-12x12.webp 12w, https:\/\/www.aiyin.com\/wp-content\/uploads\/2025\/04\/E41-11-300x300.webp 300w, https:\/\/www.aiyin.com\/wp-content\/uploads\/2025\/04\/E41-11-600x602.webp 600w, https:\/\/www.aiyin.com\/wp-content\/uploads\/2025\/04\/E41-11-100x100.webp 100w\" sizes=\"(max-width: 1277px) 100vw, 1277px\" \/><\/figure>","protected":false},"excerpt":{"rendered":"<p>Imprimante professionnelle d'\u00e9tiquettes en rouleau de 4 pouces, E41 offre plus d'avantages pour l'impression d'\u00e9tiquettes \u00e0 forte demande. Elle est dot\u00e9e d'un alignement intelligent et d'une technologie de capteur pr\u00e9cise qui garantissent un fonctionnement efficace et sans heurts. Compatible avec une large gamme de mat\u00e9riaux et de syst\u00e8mes d'exploitation, con\u00e7ue pour \u00eatre fiable et facile \u00e0 utiliser, c'est la solution parfaite pour l'impression d'\u00e9tiquettes en vrac (y compris les \u00e9tiquettes UPS et FedEx). Le fabricant d'\u00e9tiquettes AiYin fournit des services professionnels OEM et ODM, contactez-nous pour obtenir un devis.<\/p>\n<h2>Caract\u00e9ristiques de l'imprimante professionnelle d'\u00e9tiquettes en rouleau 4 pouces - E41<\/h2>\n<div>\n<p><strong>Impression \u00e0 grande vitesse : <\/strong>Imprimante d'\u00e9tiquettes d'exp\u00e9dition - E41 prend en charge l'impression rapide d'\u00e9tiquettes, adapt\u00e9e aux environnements o\u00f9 les commandes d'exp\u00e9dition et l'impression de commandes sont de gros volumes.<\/p>\n<p><strong>Large compatibilit\u00e9 :<\/strong> Compatible avec les principales plateformes logistiques telles que UPS et FedEx, ainsi qu'avec les plateformes de commerce \u00e9lectronique les plus populaires telles que Shopify, Amazon et eBay. Il s'agit donc d'un outil flexible qui r\u00e9pond aux diff\u00e9rents besoins des entreprises.<\/p>\n<p><strong>Fiable et durable :<\/strong> L'E41 est con\u00e7u pour des performances durables et peut faire face \u00e0 une utilisation quotidienne dans des environnements tr\u00e8s fr\u00e9quent\u00e9s. Il est robuste et durable, ce qui lui permet de r\u00e9pondre aux besoins d'op\u00e9rations d'exp\u00e9dition rapides.<\/p>\n<p><strong>Facilit\u00e9 d'installation et d'utilisation :<\/strong> M\u00eame les utilisateurs ayant peu d'exp\u00e9rience technique peuvent facilement l'installer et l'utiliser. L'appairage Bluetooth est rapide et la conception intuitive permet d'imprimer sans probl\u00e8me.<\/p>\n<p><strong>Prise en charge des OEM et ODM :<\/strong> Le fabricant d'imprimantes d'\u00e9tiquettes d'exp\u00e9dition AiYin fournit un support OEM et ODM pour vous aider \u00e0 cr\u00e9er votre marque d'imprimante d'\u00e9tiquettes d'exp\u00e9dition.<\/p>\n<\/div>","protected":false},"featured_media":4427,"comment_status":"closed","ping_status":"closed","template":"","meta":{"_acf_changed":true},"product_brand":[],"product_cat":[38],"product_tag":[],"class_list":{"0":"post-4424","1":"product","2":"type-product","3":"status-publish","4":"has-post-thumbnail","6":"product_cat-shipping-label-printer","7":"pa_industrial-grade-no","8":"pa_paper-bin-without-paper-bin","9":"pa_print-width-4-inches","11":"first","12":"instock","13":"shipping-taxable","14":"product-type-simple"},"acf":[],"_links":{"self":[{"href":"https:\/\/www.aiyin.com\/fr\/wp-json\/wp\/v2\/product\/4424","targetHints":{"allow":["GET"]}}],"collection":[{"href":"https:\/\/www.aiyin.com\/fr\/wp-json\/wp\/v2\/product"}],"about":[{"href":"https:\/\/www.aiyin.com\/fr\/wp-json\/wp\/v2\/types\/product"}],"replies":[{"embeddable":true,"href":"https:\/\/www.aiyin.com\/fr\/wp-json\/wp\/v2\/comments?post=4424"}],"wp:featuredmedia":[{"embeddable":true,"href":"https:\/\/www.aiyin.com\/fr\/wp-json\/wp\/v2\/media\/4427"}],"wp:attachment":[{"href":"https:\/\/www.aiyin.com\/fr\/wp-json\/wp\/v2\/media?parent=4424"}],"wp:term":[{"taxonomy":"product_brand","embeddable":true,"href":"https:\/\/www.aiyin.com\/fr\/wp-json\/wp\/v2\/product_brand?post=4424"},{"taxonomy":"product_cat","embeddable":true,"href":"https:\/\/www.aiyin.com\/fr\/wp-json\/wp\/v2\/product_cat?post=4424"},{"taxonomy":"product_tag","embeddable":true,"href":"https:\/\/www.aiyin.com\/fr\/wp-json\/wp\/v2\/product_tag?post=4424"}],"curies":[{"name":"wp","href":"https:\/\/api.w.org\/{rel}","templated":true}]}}