{"id":4418,"date":"2025-02-17T04:01:25","date_gmt":"2025-02-17T04:01:25","guid":{"rendered":"https:\/\/www.aiyin.com\/?post_type=product&#038;p=4418"},"modified":"2025-04-21T02:29:34","modified_gmt":"2025-04-21T02:29:34","slug":"wholesale-4-inches-desktop-thermal-transfer-printer-at241-341","status":"publish","type":"product","link":"https:\/\/www.aiyin.com\/fr\/product\/wholesale-4-inches-desktop-thermal-transfer-printer-at241-341\/","title":{"rendered":"Wholesale 4 inches Desktop Thermal Transfer Printer - AT241 \/ 341, supporte le transfert thermique et l'impression thermique directe"},"content":{"rendered":"<h2 class=\"wp-block-heading\">D\u00e9tails de l'imprimante \u00e0 ruban \u00e0 transfert thermique de bureau - AT241 \/ 341 <\/h2>\n\n\n\n<hr class=\"wp-block-separator has-alpha-channel-opacity\"\/>\n\n\n\n<figure class=\"wp-block-image size-large\"><img decoding=\"async\" width=\"1273\" height=\"1280\" src=\"https:\/\/www.aiyin.com\/wp-content\/uploads\/2025\/04\/AT241-11-1273x1280.webp\" alt=\"\" class=\"wp-image-4419\" srcset=\"https:\/\/www.aiyin.com\/wp-content\/uploads\/2025\/04\/AT241-11-1273x1280.webp 1273w, https:\/\/www.aiyin.com\/wp-content\/uploads\/2025\/04\/AT241-11-150x150.webp 150w, https:\/\/www.aiyin.com\/wp-content\/uploads\/2025\/04\/AT241-11-768x772.webp 768w, https:\/\/www.aiyin.com\/wp-content\/uploads\/2025\/04\/AT241-11-12x12.webp 12w, https:\/\/www.aiyin.com\/wp-content\/uploads\/2025\/04\/AT241-11-600x603.webp 600w, https:\/\/www.aiyin.com\/wp-content\/uploads\/2025\/04\/AT241-11-100x100.webp 100w\" sizes=\"(max-width: 1273px) 100vw, 1273px\" \/><\/figure>","protected":false},"excerpt":{"rendered":"<p>wholesale 4-inch Desktop Thermal Transfer Printer, prend en charge les modes d'impression par transfert thermique et thermique direct, dispose d'un bac \u00e0 papier de grande capacit\u00e9, d'une t\u00eate d'impression de haute qualit\u00e9 et offre de multiples options de connexion. Elle constitue une solution fiable pour les besoins d'impression d'\u00e9tiquettes en grand volume. Support OEM et ODM, contactez-nous pour un devis.<\/p>\n<h2>Caract\u00e9ristiques de l'imprimante \u00e0 transfert thermique de bureau - AT241 \/ 341\u00a0<\/h2>\n<div>\n<p><strong>Double mode d'impression :<\/strong> L'AT241\/341 offre les modes d'impression transfert thermique et thermique direct, ce qui permet aux entreprises de passer facilement d'un mode d'impression \u00e0 l'autre sur un seul appareil en fonction de leurs besoins sp\u00e9cifiques.<\/p>\n<p><strong>T\u00eate d'impression de haute qualit\u00e9 :<\/strong> L'AT241\/341 est \u00e9quip\u00e9 d'une t\u00eate d'impression haut de gamme qui permet une impression claire et \u00e0 haute r\u00e9solution, garantissant que les codes-barres, le texte et les graphiques sont clairs et faciles \u00e0 lire.<\/p>\n<p><strong>Bac \u00e0 papier de grande capacit\u00e9 :<\/strong> L'imprimante \u00e0 transfert thermique est \u00e9quip\u00e9e d'un bac \u00e0 papier de grande capacit\u00e9 pour r\u00e9duire la fr\u00e9quence des changements de papier, ce qui la rend id\u00e9ale pour les entrep\u00f4ts, les usines de fabrication ou les centres de distribution de d\u00e9tail.<\/p>\n<p><strong>Interfaces de communication multiples :<\/strong> L'imprimante \u00e0 transfert thermique AT241\/341 est \u00e9quip\u00e9e d'une gamme d'options de communication, notamment USB, Bluetooth, ports s\u00e9rie et ports r\u00e9seau, qui s'adaptent facilement \u00e0 vos param\u00e8tres et fournissent toujours une connexion fiable.<\/p>\n<\/div>","protected":false},"featured_media":4422,"comment_status":"closed","ping_status":"closed","template":"","meta":{"_acf_changed":true},"product_brand":[],"product_cat":[20],"product_tag":[],"class_list":{"0":"post-4418","1":"product","2":"type-product","3":"status-publish","4":"has-post-thumbnail","6":"product_cat-thermal-transfer-printer","7":"pa_industrial-grade-no","8":"pa_paper-bin-with-paper-bin","9":"pa_print-width-4-inches","11":"first","12":"instock","13":"shipping-taxable","14":"product-type-simple"},"acf":[],"_links":{"self":[{"href":"https:\/\/www.aiyin.com\/fr\/wp-json\/wp\/v2\/product\/4418","targetHints":{"allow":["GET"]}}],"collection":[{"href":"https:\/\/www.aiyin.com\/fr\/wp-json\/wp\/v2\/product"}],"about":[{"href":"https:\/\/www.aiyin.com\/fr\/wp-json\/wp\/v2\/types\/product"}],"replies":[{"embeddable":true,"href":"https:\/\/www.aiyin.com\/fr\/wp-json\/wp\/v2\/comments?post=4418"}],"wp:featuredmedia":[{"embeddable":true,"href":"https:\/\/www.aiyin.com\/fr\/wp-json\/wp\/v2\/media\/4422"}],"wp:attachment":[{"href":"https:\/\/www.aiyin.com\/fr\/wp-json\/wp\/v2\/media?parent=4418"}],"wp:term":[{"taxonomy":"product_brand","embeddable":true,"href":"https:\/\/www.aiyin.com\/fr\/wp-json\/wp\/v2\/product_brand?post=4418"},{"taxonomy":"product_cat","embeddable":true,"href":"https:\/\/www.aiyin.com\/fr\/wp-json\/wp\/v2\/product_cat?post=4418"},{"taxonomy":"product_tag","embeddable":true,"href":"https:\/\/www.aiyin.com\/fr\/wp-json\/wp\/v2\/product_tag?post=4418"}],"curies":[{"name":"wp","href":"https:\/\/api.w.org\/{rel}","templated":true}]}}