{"id":4409,"date":"2025-04-19T02:41:34","date_gmt":"2025-04-19T02:41:34","guid":{"rendered":"https:\/\/www.aiyin.com\/?post_type=product&#038;p=4409"},"modified":"2025-06-09T08:48:59","modified_gmt":"2025-06-09T08:48:59","slug":"wholesale-0-5-inches-mini-handheld-label-printer-d110","status":"publish","type":"product","link":"https:\/\/www.aiyin.com\/fr\/product\/wholesale-0-5-inches-mini-handheld-label-printer-d110\/","title":{"rendered":"Wholesale 0.5 inches Mini Handheld Label Printer - D110, Bluetooth Connection, Supports Stickers, Barcodes, QR codes, and More"},"content":{"rendered":"<h2 class=\"wp-block-heading\">D\u00e9tails de l'imprimante d'\u00e9tiquettes miniature - D110<\/h2>\n\n\n\n<hr class=\"wp-block-separator has-alpha-channel-opacity\"\/>\n\n\n\n<figure class=\"wp-block-image size-full\"><img decoding=\"async\" width=\"1722\" height=\"2436\" src=\"https:\/\/www.aiyin.com\/wp-content\/uploads\/2025\/04\/details_mini-label-printer-D110-1.webp\" alt=\"mini imprimante d&#039;\u00e9tiquettes D110 d\u00e9tails\" class=\"wp-image-4705\" srcset=\"https:\/\/www.aiyin.com\/wp-content\/uploads\/2025\/04\/details_mini-label-printer-D110-1.webp 1722w, https:\/\/www.aiyin.com\/wp-content\/uploads\/2025\/04\/details_mini-label-printer-D110-1-905x1280.webp 905w, https:\/\/www.aiyin.com\/wp-content\/uploads\/2025\/04\/details_mini-label-printer-D110-1-768x1086.webp 768w, https:\/\/www.aiyin.com\/wp-content\/uploads\/2025\/04\/details_mini-label-printer-D110-1-8x12.webp 8w, https:\/\/www.aiyin.com\/wp-content\/uploads\/2025\/04\/details_mini-label-printer-D110-1-600x849.webp 600w\" sizes=\"(max-width: 1722px) 100vw, 1722px\" \/><\/figure>","protected":false},"excerpt":{"rendered":"<p>Imprimante d'\u00e9tiquettes portative miniature en gros, adapt\u00e9e \u00e0 l'organisation des fournitures de bureau et de l'inventaire, ainsi qu'\u00e0 diverses applications telles que l'\u00e9tiquetage de produits, d'articles personnels, l'ajout de codes-barres de produits, etc. C'est un choix id\u00e9al pour la maison, le bureau, l'organisation et d'autres endroits. Nous prenons en charge les OEM et ODM, contactez-nous pour un devis.<\/p>\n<h2>Caract\u00e9ristiques de la mini-imprimante d'\u00e9tiquettes portable - D110<\/h2>\n<div>\n<p><strong>Conception compacte et portable :<\/strong> L\u00e9ger et portable, le D110 est facile \u00e0 transporter et \u00e0 ranger, et peut \u00eatre facilement mis dans votre main, votre sac ou votre poche pour imprimer des \u00e9tiquettes \u00e0 tout moment et en tout lieu.<\/p>\n<p><strong>Plusieurs options d'\u00e9tiquetage :<\/strong> La Mini Handheld Label Printer convient \u00e0 l'impression de nombreux types d'\u00e9tiquettes, telles que les \u00e9tiquettes de produits, les codes-barres, les \u00e9tiquettes d'adresses, etc.<\/p>\n<p><strong>Convient pour les petits travaux d'\u00e9tiquetage :<\/strong> Avec une largeur d'\u00e9tiquette de 0,5 pouce, la Mini Handheld Label Printer D110 convient \u00e0 l'\u00e9tiquetage de petits articles tels que les bocaux, les r\u00e9cipients \u00e0 \u00e9pices, les carnets ou les dossiers.<\/p>\n<p><strong>Options d'emballage personnalisables :<\/strong> La disponibilit\u00e9 de diff\u00e9rents styles d'emballage (conventionnel et de supermarch\u00e9) offre une certaine flexibilit\u00e9 aux d\u00e9taillants ou \u00e0 l'usage personnel.<\/p>\n<p><strong>Prise en charge de la personnalisation OEM et ODM :<\/strong> Le fabricant d'imprimantes d'\u00e9tiquettes AiYIn prend en charge la personnalisation OEM et ODM. Les clients peuvent personnaliser des solutions d'impression d'\u00e9tiquettes uniques en fonction de leur propre image de marque et de leurs exigences sp\u00e9cifiques.<\/p>\n<\/div>","protected":false},"featured_media":4708,"comment_status":"closed","ping_status":"closed","template":"","meta":{"_acf_changed":true},"product_brand":[],"product_cat":[21],"product_tag":[],"class_list":{"0":"post-4409","1":"product","2":"type-product","3":"status-publish","4":"has-post-thumbnail","6":"product_cat-home-office-printer","7":"pa_function-home-label-maker","8":"pa_function-mini-printer","9":"pa_print-width-0-5-inches","11":"first","12":"instock","13":"shipping-taxable","14":"product-type-simple"},"acf":[],"_links":{"self":[{"href":"https:\/\/www.aiyin.com\/fr\/wp-json\/wp\/v2\/product\/4409","targetHints":{"allow":["GET"]}}],"collection":[{"href":"https:\/\/www.aiyin.com\/fr\/wp-json\/wp\/v2\/product"}],"about":[{"href":"https:\/\/www.aiyin.com\/fr\/wp-json\/wp\/v2\/types\/product"}],"replies":[{"embeddable":true,"href":"https:\/\/www.aiyin.com\/fr\/wp-json\/wp\/v2\/comments?post=4409"}],"wp:featuredmedia":[{"embeddable":true,"href":"https:\/\/www.aiyin.com\/fr\/wp-json\/wp\/v2\/media\/4708"}],"wp:attachment":[{"href":"https:\/\/www.aiyin.com\/fr\/wp-json\/wp\/v2\/media?parent=4409"}],"wp:term":[{"taxonomy":"product_brand","embeddable":true,"href":"https:\/\/www.aiyin.com\/fr\/wp-json\/wp\/v2\/product_brand?post=4409"},{"taxonomy":"product_cat","embeddable":true,"href":"https:\/\/www.aiyin.com\/fr\/wp-json\/wp\/v2\/product_cat?post=4409"},{"taxonomy":"product_tag","embeddable":true,"href":"https:\/\/www.aiyin.com\/fr\/wp-json\/wp\/v2\/product_tag?post=4409"}],"curies":[{"name":"wp","href":"https:\/\/api.w.org\/{rel}","templated":true}]}}