{"id":4400,"date":"2025-04-19T03:15:28","date_gmt":"2025-04-19T03:15:28","guid":{"rendered":"https:\/\/www.aiyin.com\/?post_type=product&#038;p=4400"},"modified":"2025-06-09T08:25:45","modified_gmt":"2025-06-09T08:25:45","slug":"wholesale-0-5-inches-mini-handheld-barcode-label-printer-d12","status":"publish","type":"product","link":"https:\/\/www.aiyin.com\/fr\/product\/wholesale-0-5-inches-mini-handheld-barcode-label-printer-d12\/","title":{"rendered":"Imprimante d'\u00e9tiquettes de codes-barres miniature de 0,5 pouces - D12, connexion Bluetooth, supporte les autocollants, les codes-barres, les codes QR et plus encore"},"content":{"rendered":"<h2 class=\"wp-block-heading\">D\u00e9tails de l'imprimante miniature d'\u00e9tiquettes code-barres - D12<\/h2>\n\n\n\n<hr class=\"wp-block-separator has-alpha-channel-opacity\"\/>\n\n\n\n<figure class=\"wp-block-image size-full\"><img decoding=\"async\" width=\"905\" height=\"1280\" src=\"https:\/\/www.aiyin.com\/wp-content\/uploads\/2025\/04\/Details_Mini-Handheld-Printer-D12-1.webp\" alt=\"Details_Mini Handheld Printer D12 (1)\" class=\"wp-image-4690\" srcset=\"https:\/\/www.aiyin.com\/wp-content\/uploads\/2025\/04\/Details_Mini-Handheld-Printer-D12-1.webp 905w, https:\/\/www.aiyin.com\/wp-content\/uploads\/2025\/04\/Details_Mini-Handheld-Printer-D12-1-768x1086.webp 768w, https:\/\/www.aiyin.com\/wp-content\/uploads\/2025\/04\/Details_Mini-Handheld-Printer-D12-1-8x12.webp 8w, https:\/\/www.aiyin.com\/wp-content\/uploads\/2025\/04\/Details_Mini-Handheld-Printer-D12-1-600x849.webp 600w\" sizes=\"(max-width: 905px) 100vw, 905px\" \/><\/figure>","protected":false},"excerpt":{"rendered":"<p>L'imprimante d'\u00e9tiquettes portative D12 est adapt\u00e9e \u00e0 la maison, au bureau, \u00e0 l'organisation et \u00e0 d'autres endroits, vous aidant \u00e0 g\u00e9rer les articles de mani\u00e8re efficace. L'application Aiyin fournit des mod\u00e8les riches, y compris des \u00e9tiquettes \u00e0 code-barres, des \u00e9tiquettes de prix et des textes personnalis\u00e9s, et prend en charge la connexion Bluetooth. Elle vous aide \u00e0 cr\u00e9er des \u00e9tiquettes de mani\u00e8re efficace. Contactez-nous pour un achat en gros.<\/p>\n<h2>Caract\u00e9ristiques de la mini imprimante portable d'\u00e9tiquettes de codes-barres - D12<\/h2>\n<div>\n<p><strong>Large \u00e9ventail d'applications :<\/strong> La mini imprimante portable d'\u00e9tiquettes de codes-barres est adapt\u00e9e \u00e0 l'impression de petites \u00e9tiquettes concises \u00e0 des fins diverses, telles que la cr\u00e9ation d'\u00e9tiquettes de codes-barres, l'impression d'\u00e9tiquettes de prix de produits alimentaires, etc.<\/p>\n<p><strong>\u00c9tiquetage personnalisable :<\/strong> Nous fournissons une assistance App professionnelle qui vous permet d'imprimer des codes-barres, du texte et des logos sur divers mat\u00e9riaux d'\u00e9tiquetage.<\/p>\n<p><strong>Conception portable :<\/strong> La D12 est de petite taille, et cette mini imprimante est facile \u00e0 transporter dans diff\u00e9rents endroits et peut \u00eatre facilement rang\u00e9e lorsqu'elle n'est pas utilis\u00e9e.<\/p>\n<p><strong>Prise en charge des OEM et ODM :<\/strong> Nous proposons des services d'impression d'\u00e9tiquettes personnalis\u00e9es OEM et ODM pour vous aider \u00e0 cr\u00e9er une imprimante d'\u00e9tiquettes de marque.<\/p>\n<\/div>","protected":false},"featured_media":4692,"comment_status":"closed","ping_status":"closed","template":"","meta":{"_acf_changed":true},"product_brand":[],"product_cat":[21],"product_tag":[130,129],"class_list":{"0":"post-4400","1":"product","2":"type-product","3":"status-publish","4":"has-post-thumbnail","6":"product_cat-home-office-printer","7":"product_tag-0-5inch","8":"product_tag-stylish-printer","9":"pa_function-home-label-maker","10":"pa_function-mini-printer","11":"pa_print-width-0-5-inches","13":"first","14":"instock","15":"shipping-taxable","16":"product-type-simple"},"acf":[],"_links":{"self":[{"href":"https:\/\/www.aiyin.com\/fr\/wp-json\/wp\/v2\/product\/4400","targetHints":{"allow":["GET"]}}],"collection":[{"href":"https:\/\/www.aiyin.com\/fr\/wp-json\/wp\/v2\/product"}],"about":[{"href":"https:\/\/www.aiyin.com\/fr\/wp-json\/wp\/v2\/types\/product"}],"replies":[{"embeddable":true,"href":"https:\/\/www.aiyin.com\/fr\/wp-json\/wp\/v2\/comments?post=4400"}],"wp:featuredmedia":[{"embeddable":true,"href":"https:\/\/www.aiyin.com\/fr\/wp-json\/wp\/v2\/media\/4692"}],"wp:attachment":[{"href":"https:\/\/www.aiyin.com\/fr\/wp-json\/wp\/v2\/media?parent=4400"}],"wp:term":[{"taxonomy":"product_brand","embeddable":true,"href":"https:\/\/www.aiyin.com\/fr\/wp-json\/wp\/v2\/product_brand?post=4400"},{"taxonomy":"product_cat","embeddable":true,"href":"https:\/\/www.aiyin.com\/fr\/wp-json\/wp\/v2\/product_cat?post=4400"},{"taxonomy":"product_tag","embeddable":true,"href":"https:\/\/www.aiyin.com\/fr\/wp-json\/wp\/v2\/product_tag?post=4400"}],"curies":[{"name":"wp","href":"https:\/\/api.w.org\/{rel}","templated":true}]}}