{"id":4382,"date":"2025-02-24T01:34:06","date_gmt":"2025-02-24T01:34:06","guid":{"rendered":"https:\/\/www.aiyin.com\/?post_type=product&#038;p=4382"},"modified":"2025-06-09T09:55:28","modified_gmt":"2025-06-09T09:55:28","slug":"wholesale-2-inches-inkless-instant-photo-and-label-printer-b22s","status":"publish","type":"product","link":"https:\/\/www.aiyin.com\/fr\/product\/wholesale-2-inches-inkless-instant-photo-and-label-printer-b22s\/","title":{"rendered":"Imprimante photo instantan\u00e9e et d'\u00e9tiquettes 2 pouces sans encre - B22s, Support OEM et ODM"},"content":{"rendered":"<h2 class=\"wp-block-heading\">D\u00e9tails de l'imprimante photo instantan\u00e9e et d'\u00e9tiquettes sans encre - B22s<\/h2>\n\n\n\n<hr class=\"wp-block-separator has-alpha-channel-opacity\"\/>\n\n\n\n<figure class=\"wp-block-image size-large\"><img decoding=\"async\" width=\"905\" height=\"1280\" src=\"https:\/\/www.aiyin.com\/wp-content\/uploads\/2025\/04\/B22s-11-905x1280.webp\" alt=\"\" class=\"wp-image-4383\" srcset=\"https:\/\/www.aiyin.com\/wp-content\/uploads\/2025\/04\/B22s-11-905x1280.webp 905w, https:\/\/www.aiyin.com\/wp-content\/uploads\/2025\/04\/B22s-11-768x1086.webp 768w, https:\/\/www.aiyin.com\/wp-content\/uploads\/2025\/04\/B22s-11-8x12.webp 8w, https:\/\/www.aiyin.com\/wp-content\/uploads\/2025\/04\/B22s-11-600x849.webp 600w, https:\/\/www.aiyin.com\/wp-content\/uploads\/2025\/04\/B22s-11.webp 1722w\" sizes=\"(max-width: 905px) 100vw, 905px\" \/><\/figure>","protected":false},"excerpt":{"rendered":"<p>Imprimante photo et d'\u00e9tiquettes 2 pouces sans encre - B22s. R\u00e9pondant efficacement \u00e0 tous vos besoins d'impression mobile, avec la connectivit\u00e9 sans fil Bluetooth, les utilisateurs peuvent facilement imprimer directement \u00e0 partir de leurs smartphones ou tablettes. L'imprimante d'\u00e9tiquettes B22s est disponible dans des couleurs \u00e0 la mode telles que le blanc pur, le vert vibrant et le rose p\u00eache. Nous supportons les OEM et ODM, n'h\u00e9sitez pas \u00e0 nous contacter pour un devis.<\/p>\n<h2>Caract\u00e9ristiques de l'imprimante instantan\u00e9e de photos et d'\u00e9tiquettes sans fil - B22s<\/h2>\n<div>\n<p><strong>Polyvalent :<\/strong> Cette imprimante instantan\u00e9e d'\u00e9tiquettes et de photos sans encre peut imprimer des \u00e9tiquettes, des motifs, des photos, etc., et une seule machine peut accomplir plusieurs t\u00e2ches.<\/p>\n<p><strong>Connexion sans fil Bluetooth :<\/strong> Notre imprimante instantan\u00e9e de photos et d'\u00e9tiquettes sans encre prend en charge la connexion Bluetooth, ce qui permet d'imprimer sans fil \u00e0 partir de smartphones ou de tablettes, offrant ainsi une plus grande flexibilit\u00e9 et une plus grande libert\u00e9.<\/p>\n<p><strong>Plusieurs mod\u00e8les :<\/strong> AiYin propose une application intelligente qui prend en charge une vari\u00e9t\u00e9 de mod\u00e8les, enrichissant ainsi les possibilit\u00e9s cr\u00e9atives des utilisateurs en mati\u00e8re de journalisme, d'organisation et de production.<\/p>\n<p><strong>Autonomie suffisante :<\/strong> L'imprimante d'\u00e9tiquettes est \u00e9quip\u00e9e d'une batterie d'une capacit\u00e9 de 1200 mAh, qui fournit suffisamment d'\u00e9nergie pour une utilisation \u00e0 long terme, permettant aux utilisateurs d'imprimer plusieurs projets avant d'avoir besoin d'\u00eatre recharg\u00e9e.<\/p>\n<p><strong>Options de couleurs \u00e9l\u00e9gantes :<\/strong> L'imprimante d'\u00e9tiquettes est disponible dans une vari\u00e9t\u00e9 de couleurs telles que le blanc pur, le vert vibrant et la p\u00eache pour r\u00e9pondre au style et aux pr\u00e9f\u00e9rences de chacun.<\/p>\n<\/div>","protected":false},"featured_media":4717,"comment_status":"closed","ping_status":"closed","template":"","meta":{"_acf_changed":true},"product_brand":[],"product_cat":[21],"product_tag":[],"class_list":{"0":"post-4382","1":"product","2":"type-product","3":"status-publish","4":"has-post-thumbnail","6":"product_cat-home-office-printer","7":"pa_function-mini-printer","8":"pa_print-width-2-inches","10":"first","11":"instock","12":"shipping-taxable","13":"product-type-simple"},"acf":[],"_links":{"self":[{"href":"https:\/\/www.aiyin.com\/fr\/wp-json\/wp\/v2\/product\/4382","targetHints":{"allow":["GET"]}}],"collection":[{"href":"https:\/\/www.aiyin.com\/fr\/wp-json\/wp\/v2\/product"}],"about":[{"href":"https:\/\/www.aiyin.com\/fr\/wp-json\/wp\/v2\/types\/product"}],"replies":[{"embeddable":true,"href":"https:\/\/www.aiyin.com\/fr\/wp-json\/wp\/v2\/comments?post=4382"}],"wp:featuredmedia":[{"embeddable":true,"href":"https:\/\/www.aiyin.com\/fr\/wp-json\/wp\/v2\/media\/4717"}],"wp:attachment":[{"href":"https:\/\/www.aiyin.com\/fr\/wp-json\/wp\/v2\/media?parent=4382"}],"wp:term":[{"taxonomy":"product_brand","embeddable":true,"href":"https:\/\/www.aiyin.com\/fr\/wp-json\/wp\/v2\/product_brand?post=4382"},{"taxonomy":"product_cat","embeddable":true,"href":"https:\/\/www.aiyin.com\/fr\/wp-json\/wp\/v2\/product_cat?post=4382"},{"taxonomy":"product_tag","embeddable":true,"href":"https:\/\/www.aiyin.com\/fr\/wp-json\/wp\/v2\/product_tag?post=4382"}],"curies":[{"name":"wp","href":"https:\/\/api.w.org\/{rel}","templated":true}]}}