{"id":4375,"date":"2025-02-20T09:58:11","date_gmt":"2025-02-20T09:58:11","guid":{"rendered":"https:\/\/www.aiyin.com\/?post_type=product&#038;p=4375"},"modified":"2025-06-16T02:25:49","modified_gmt":"2025-06-16T02:25:49","slug":"wholesale-portable-a4-thermal-printer-a43","status":"publish","type":"product","link":"https:\/\/www.aiyin.com\/fr\/product\/wholesale-portable-a4-thermal-printer-a43\/","title":{"rendered":"Wholesale Portable A4 Thermal Printer - A43 , Support USB, Bluetooth, Offer Edit Software"},"content":{"rendered":"<h2 class=\"wp-block-heading\">D\u00e9tails de l'imprimante thermique portable A4 - A43<\/h2>\n\n\n\n<hr class=\"wp-block-separator has-alpha-channel-opacity\"\/>\n\n\n\n<figure class=\"wp-block-image size-large\"><img decoding=\"async\" width=\"905\" height=\"1280\" src=\"https:\/\/www.aiyin.com\/wp-content\/uploads\/2025\/04\/A43-11-905x1280.webp\" alt=\"\" class=\"wp-image-4376\" srcset=\"https:\/\/www.aiyin.com\/wp-content\/uploads\/2025\/04\/A43-11-905x1280.webp 905w, https:\/\/www.aiyin.com\/wp-content\/uploads\/2025\/04\/A43-11-768x1086.webp 768w, https:\/\/www.aiyin.com\/wp-content\/uploads\/2025\/04\/A43-11-8x12.webp 8w, https:\/\/www.aiyin.com\/wp-content\/uploads\/2025\/04\/A43-11-600x849.webp 600w, https:\/\/www.aiyin.com\/wp-content\/uploads\/2025\/04\/A43-11.webp 1722w\" sizes=\"(max-width: 905px) 100vw, 905px\" \/><\/figure>","protected":false},"excerpt":{"rendered":"<p>Imprimante thermique portable A4 en gros, con\u00e7ue pour les bureaux \u00e0 domicile et les petites entreprises. Elle fournit des r\u00e9sultats d'impression clairs et rapides, prend en charge l'impression sans fil et peut facilement ajuster la largeur du papier pour r\u00e9pondre \u00e0 diff\u00e9rents besoins d'impression. Sa batterie longue dur\u00e9e garantit une utilisation stable \u00e0 long terme et est compatible avec de nombreux appareils, ce qui en fait un choix id\u00e9al pour le travail quotidien \u00e0 domicile. Contactez-nous pour un devis.<\/p>\n<h2>Caract\u00e9ristiques de l'imprimante thermique portable A4 - A43<\/h2>\n<div>\n<p><strong>Impression sans encre :<\/strong> Gr\u00e2ce \u00e0 la technologie d'impression thermique, il n'est pas n\u00e9cessaire de remplacer les cartouches d'encre ou les rubans, ce qui \u00e9limine les probl\u00e8mes li\u00e9s au remplacement de l'encre et \u00e0 la maintenance, et convient donc parfaitement \u00e0 une utilisation quotidienne \u00e0 domicile ou au bureau.<\/p>\n<p><strong>Compatibilit\u00e9 d'application :<\/strong> Les utilisateurs peuvent t\u00e9l\u00e9charger les applications d'AiYin sur des plateformes telles que l'App Store et Google Play pour g\u00e9rer facilement les t\u00e2ches d'impression.<\/p>\n<p><strong>Autonomie de la batterie longue dur\u00e9e :<\/strong> L'imprimante thermique portable est dot\u00e9e d'une batterie d'une capacit\u00e9 de 1800 mAh, ce qui garantit une utilisation \u00e0 long terme et permet d'effectuer facilement diverses t\u00e2ches \u00e0 la maison et au bureau.<\/p>\n<p><strong>R\u00e9glage pratique de la largeur du papier :<\/strong> Permet d'ajuster la largeur du papier de 56 mm \u00e0 216 mm pour s'adapter aux diff\u00e9rentes tailles d'\u00e9tiquettes et de re\u00e7us.<\/p>\n<p><strong>Impression \u00e0 grande vitesse et haute d\u00e9finition :<\/strong> La vitesse d'impression peut atteindre 20 mm\/s (maximum) et la r\u00e9solution est de 203 dpi, ce qui garantit une impression claire et efficace.<\/p>\n<\/div>","protected":false},"featured_media":4378,"comment_status":"closed","ping_status":"closed","template":"","meta":{"_acf_changed":true},"product_brand":[],"product_cat":[21],"product_tag":[],"class_list":{"0":"post-4375","1":"product","2":"type-product","3":"status-publish","4":"has-post-thumbnail","6":"product_cat-home-office-printer","7":"pa_function-letter-a4-thermal-printer","8":"pa_print-width-8-inches","10":"first","11":"instock","12":"shipping-taxable","13":"product-type-simple"},"acf":[],"_links":{"self":[{"href":"https:\/\/www.aiyin.com\/fr\/wp-json\/wp\/v2\/product\/4375","targetHints":{"allow":["GET"]}}],"collection":[{"href":"https:\/\/www.aiyin.com\/fr\/wp-json\/wp\/v2\/product"}],"about":[{"href":"https:\/\/www.aiyin.com\/fr\/wp-json\/wp\/v2\/types\/product"}],"replies":[{"embeddable":true,"href":"https:\/\/www.aiyin.com\/fr\/wp-json\/wp\/v2\/comments?post=4375"}],"wp:featuredmedia":[{"embeddable":true,"href":"https:\/\/www.aiyin.com\/fr\/wp-json\/wp\/v2\/media\/4378"}],"wp:attachment":[{"href":"https:\/\/www.aiyin.com\/fr\/wp-json\/wp\/v2\/media?parent=4375"}],"wp:term":[{"taxonomy":"product_brand","embeddable":true,"href":"https:\/\/www.aiyin.com\/fr\/wp-json\/wp\/v2\/product_brand?post=4375"},{"taxonomy":"product_cat","embeddable":true,"href":"https:\/\/www.aiyin.com\/fr\/wp-json\/wp\/v2\/product_cat?post=4375"},{"taxonomy":"product_tag","embeddable":true,"href":"https:\/\/www.aiyin.com\/fr\/wp-json\/wp\/v2\/product_tag?post=4375"}],"curies":[{"name":"wp","href":"https:\/\/api.w.org\/{rel}","templated":true}]}}