{"id":4360,"date":"2025-02-20T09:20:51","date_gmt":"2025-02-20T09:20:51","guid":{"rendered":"https:\/\/www.aiyin.com\/?post_type=product&#038;p=4360"},"modified":"2025-06-16T02:11:44","modified_gmt":"2025-06-16T02:11:44","slug":"wholesale-thermal-printer-for-tattoos-a9","status":"publish","type":"product","link":"https:\/\/www.aiyin.com\/fr\/product\/wholesale-thermal-printer-for-tattoos-a9\/","title":{"rendered":"Imprimante thermique de gros pour tatouages A9s - avec options de conception personnalisables et vaste biblioth\u00e8que de mod\u00e8les"},"content":{"rendered":"<h2 class=\"wp-block-heading\" id=\"block-6f2e5961-43bf-4743-b305-1d1915b1225b\">D\u00e9tails de l'imprimante thermique pour tatouages - A9s<\/h2>\n\n\n\n<hr class=\"wp-block-separator has-alpha-channel-opacity\"\/>\n\n\n<style>.kb-image4360_910a4a-ee .kb-image-has-overlay:after{opacity:0.3;}<\/style>\n<figure class=\"wp-block-kadence-image kb-image4360_910a4a-ee size-large\"><img decoding=\"async\" width=\"905\" height=\"1280\" src=\"https:\/\/www.aiyin.com\/wp-content\/uploads\/2025\/02\/A9s-1-905x1280.webp\" alt=\"\" class=\"kb-img wp-image-4745\" srcset=\"https:\/\/www.aiyin.com\/wp-content\/uploads\/2025\/02\/A9s-1-905x1280.webp 905w, https:\/\/www.aiyin.com\/wp-content\/uploads\/2025\/02\/A9s-1-768x1086.webp 768w, https:\/\/www.aiyin.com\/wp-content\/uploads\/2025\/02\/A9s-1-8x12.webp 8w, https:\/\/www.aiyin.com\/wp-content\/uploads\/2025\/02\/A9s-1-600x848.webp 600w\" sizes=\"(max-width: 905px) 100vw, 905px\" \/><\/figure>","protected":false},"excerpt":{"rendered":"<p>Imprimante de tatouage thermique en gros A9s, imprimer en se connectant \u00e0 l'application, l'application dispose d'une riche biblioth\u00e8que de mod\u00e8les de tatouage pr\u00e9-faits, simplifiant le processus de cr\u00e9ation de tatouage. Nous offrons des prix de gros tr\u00e8s comp\u00e9titifs et des options personnalisables, n'h\u00e9sitez pas \u00e0 nous contacter.<\/p>\n<h2>Caract\u00e9ristiques de l'imprimante thermique pour tatouages - A9s<\/h2>\n<div><strong>Impression \u00e0 grande vitesse :<\/strong> L'imprimante thermique de tatouage A9s peut imprimer rapidement des motifs de tatouage haute d\u00e9finition, ce qui permet aux utilisateurs de gagner du temps et d'obtenir rapidement les meilleurs r\u00e9sultats.<\/div>\n<div><strong>Riche biblioth\u00e8que de mod\u00e8les :<\/strong> A9s fournit un mod\u00e8le de tatouage riche, qui permet aux utilisateurs de s\u00e9lectionner et d'imprimer divers motifs pour r\u00e9pondre aux besoins de diff\u00e9rents clients.<\/div>\n<div><strong>Facile \u00e0 utiliser :<\/strong> AiYin fournit un contr\u00f4le App des imprimantes de tatouage thermique, avec une interface de fonctionnement simple, les utilisateurs peuvent facilement r\u00e9gler et contr\u00f4ler le processus d'impression, r\u00e9duisant ainsi la complexit\u00e9 de l'op\u00e9ration.<\/div>\n<div><strong>Effet d'impression haute d\u00e9finition :<\/strong> L'impression en haute r\u00e9solution permet de pr\u00e9senter chaque motif de tatouage de mani\u00e8re d\u00e9taill\u00e9e et claire, r\u00e9duisant ainsi la possibilit\u00e9 d'avoir des motifs flous.<\/div>\n<div><strong>Fiable et durable :<\/strong> Le produit a obtenu de nombreuses certifications internationales telles que CE, ISO, UKCA, etc. et offre un service apr\u00e8s-vente professionnel.<\/div>","protected":false},"featured_media":4361,"comment_status":"closed","ping_status":"closed","template":"","meta":{"_acf_changed":true},"product_brand":[],"product_cat":[21],"product_tag":[],"class_list":{"0":"post-4360","1":"product","2":"type-product","3":"status-publish","4":"has-post-thumbnail","6":"product_cat-home-office-printer","7":"pa_function-tattoo-stencil-printer","8":"pa_print-width-8-inches","10":"first","11":"instock","12":"shipping-taxable","13":"product-type-simple"},"acf":[],"_links":{"self":[{"href":"https:\/\/www.aiyin.com\/fr\/wp-json\/wp\/v2\/product\/4360","targetHints":{"allow":["GET"]}}],"collection":[{"href":"https:\/\/www.aiyin.com\/fr\/wp-json\/wp\/v2\/product"}],"about":[{"href":"https:\/\/www.aiyin.com\/fr\/wp-json\/wp\/v2\/types\/product"}],"replies":[{"embeddable":true,"href":"https:\/\/www.aiyin.com\/fr\/wp-json\/wp\/v2\/comments?post=4360"}],"wp:featuredmedia":[{"embeddable":true,"href":"https:\/\/www.aiyin.com\/fr\/wp-json\/wp\/v2\/media\/4361"}],"wp:attachment":[{"href":"https:\/\/www.aiyin.com\/fr\/wp-json\/wp\/v2\/media?parent=4360"}],"wp:term":[{"taxonomy":"product_brand","embeddable":true,"href":"https:\/\/www.aiyin.com\/fr\/wp-json\/wp\/v2\/product_brand?post=4360"},{"taxonomy":"product_cat","embeddable":true,"href":"https:\/\/www.aiyin.com\/fr\/wp-json\/wp\/v2\/product_cat?post=4360"},{"taxonomy":"product_tag","embeddable":true,"href":"https:\/\/www.aiyin.com\/fr\/wp-json\/wp\/v2\/product_tag?post=4360"}],"curies":[{"name":"wp","href":"https:\/\/api.w.org\/{rel}","templated":true}]}}