{"id":4339,"date":"2025-02-20T09:29:46","date_gmt":"2025-02-20T09:29:46","guid":{"rendered":"https:\/\/www.aiyin.com\/?post_type=product&#038;p=4339"},"modified":"2025-06-16T01:08:10","modified_gmt":"2025-06-16T01:08:10","slug":"wholesale-thermal-tattoo-printer-a8","status":"publish","type":"product","link":"https:\/\/www.aiyin.com\/fr\/product\/wholesale-thermal-tattoo-printer-a8\/","title":{"rendered":"Imprimante de tatouage thermique en gros - A8s, fournir des mod\u00e8les en abondance"},"content":{"rendered":"<h2 class=\"wp-block-heading\" id=\"block-6f2e5961-43bf-4743-b305-1d1915b1225b\">D\u00e9tails de l'imprimante de tatouage thermique - A8s<\/h2>\n\n\n\n<hr class=\"wp-block-separator has-alpha-channel-opacity\"\/>\n\n\n\n<figure class=\"wp-block-image size-large\"><img decoding=\"async\" width=\"905\" height=\"1280\" src=\"https:\/\/www.aiyin.com\/wp-content\/uploads\/2025\/02\/A8s-1-905x1280.webp\" alt=\"\" class=\"wp-image-4741\" srcset=\"https:\/\/www.aiyin.com\/wp-content\/uploads\/2025\/02\/A8s-1-905x1280.webp 905w, https:\/\/www.aiyin.com\/wp-content\/uploads\/2025\/02\/A8s-1-768x1086.webp 768w, https:\/\/www.aiyin.com\/wp-content\/uploads\/2025\/02\/A8s-1-8x12.webp 8w, https:\/\/www.aiyin.com\/wp-content\/uploads\/2025\/02\/A8s-1-600x848.webp 600w\" sizes=\"(max-width: 905px) 100vw, 905px\" \/><\/figure>","protected":false},"excerpt":{"rendered":"<p>Imprimante thermique de tatouage en gros, cette imprimante thermique de tatouage A8s a une vitesse ultra \u00e9lev\u00e9e et des capacit\u00e9s d'impression \u00e0 haute r\u00e9solution, garantissant que chaque d\u00e9tail du dessin de tatouage est clairement pr\u00e9sent\u00e9. L'APP est \u00e9quip\u00e9e d'une riche biblioth\u00e8que de mod\u00e8les de tatouage, les utilisateurs peuvent facilement s\u00e9lectionner et imprimer des mod\u00e8les de conception, ce qui am\u00e9liore grandement l'efficacit\u00e9 du travail. Nous fournissons des services professionnels de vente en gros et des options personnalis\u00e9es, veuillez nous contacter pour un devis.<\/p>\n<h2>Caract\u00e9ristiques de l'imprimante thermique de tatouage - A8s<\/h2>\n<div>\n<p><strong>Interface utilisateur conviviale :<\/strong> L'imprimante thermique de tatouage A8s est facile \u00e0 utiliser. L'application est simple et pratique \u00e0 utiliser, de sorte que les utilisateurs peuvent choisir et imprimer facilement et en un rien de temps. L'interface facile \u00e0 utiliser pour les d\u00e9butants offre une exp\u00e9rience ininterrompue.<\/p>\n<p><strong>Fonctions de personnalisation :<\/strong> Outre les mod\u00e8les propos\u00e9s dans l'application, l'A8s prend \u00e9galement en charge l'importation de motifs personnalis\u00e9s, ce qui est parfait pour ceux qui souhaitent imprimer leur propre \u0153uvre. Cela ouvre la porte \u00e0 de nombreux styles de tatouages diff\u00e9rents et \u00e0 des pr\u00e9f\u00e9rences personnelles.<\/p>\n<p><strong>Simplicit\u00e9 d'installation et d'utilisation :<\/strong> Gr\u00e2ce \u00e0 une configuration simple et \u00e0 une interface intuitive, les utilisateurs peuvent facilement commencer \u00e0 imprimer des dessins, avec des taux de productivit\u00e9 \u00e9lev\u00e9s.<\/p>\n<p><strong>Durable et stable :<\/strong> Le produit a obtenu un certain nombre de certifications internationales telles que CE, ISO, UKCA, etc. et fournit un service apr\u00e8s-vente professionnel.<\/p>\n<\/div>","protected":false},"featured_media":4342,"comment_status":"closed","ping_status":"closed","template":"","meta":{"_acf_changed":true},"product_brand":[],"product_cat":[21],"product_tag":[],"class_list":{"0":"post-4339","1":"product","2":"type-product","3":"status-publish","4":"has-post-thumbnail","6":"product_cat-home-office-printer","7":"pa_function-tattoo-stencil-printer","8":"pa_print-width-8-inches","10":"first","11":"instock","12":"shipping-taxable","13":"product-type-simple"},"acf":[],"_links":{"self":[{"href":"https:\/\/www.aiyin.com\/fr\/wp-json\/wp\/v2\/product\/4339","targetHints":{"allow":["GET"]}}],"collection":[{"href":"https:\/\/www.aiyin.com\/fr\/wp-json\/wp\/v2\/product"}],"about":[{"href":"https:\/\/www.aiyin.com\/fr\/wp-json\/wp\/v2\/types\/product"}],"replies":[{"embeddable":true,"href":"https:\/\/www.aiyin.com\/fr\/wp-json\/wp\/v2\/comments?post=4339"}],"wp:featuredmedia":[{"embeddable":true,"href":"https:\/\/www.aiyin.com\/fr\/wp-json\/wp\/v2\/media\/4342"}],"wp:attachment":[{"href":"https:\/\/www.aiyin.com\/fr\/wp-json\/wp\/v2\/media?parent=4339"}],"wp:term":[{"taxonomy":"product_brand","embeddable":true,"href":"https:\/\/www.aiyin.com\/fr\/wp-json\/wp\/v2\/product_brand?post=4339"},{"taxonomy":"product_cat","embeddable":true,"href":"https:\/\/www.aiyin.com\/fr\/wp-json\/wp\/v2\/product_cat?post=4339"},{"taxonomy":"product_tag","embeddable":true,"href":"https:\/\/www.aiyin.com\/fr\/wp-json\/wp\/v2\/product_tag?post=4339"}],"curies":[{"name":"wp","href":"https:\/\/api.w.org\/{rel}","templated":true}]}}