{"id":3522,"date":"2025-02-20T01:51:54","date_gmt":"2025-02-20T01:51:54","guid":{"rendered":"https:\/\/www.jinghuaceramic.com\/?post_type=product&#038;p=3522"},"modified":"2025-07-08T07:05:03","modified_gmt":"2025-07-08T07:05:03","slug":"wholesale-a4-thermal-paper","status":"publish","type":"product","link":"https:\/\/www.aiyin.com\/fr\/product\/wholesale-a4-thermal-paper\/","title":{"rendered":"Papier thermique A4 en gros - Convient \u00e0 la s\u00e9rie d'imprimantes thermiques A4 AiYin"},"content":{"rendered":"<h2 class=\"wp-block-heading\">D\u00e9tails du papier thermique A4<\/h2>\n\n\n\n<hr class=\"wp-block-separator has-alpha-channel-opacity\"\/>\n\n\n\n<div class=\"wp-block-columns is-layout-flex wp-container-core-columns-is-layout-9d6595d7 wp-block-columns-is-layout-flex\">\n<div class=\"wp-block-column is-layout-flow wp-block-column-is-layout-flow\">\n<figure class=\"wp-block-image size-large\"><img decoding=\"async\" width=\"1280\" height=\"1280\" src=\"https:\/\/www.aiyin.com\/wp-content\/uploads\/2025\/03\/Wholesale-A4-thermal-paper-1-1280x1280.webp\" alt=\"Papier thermique A4 en gros (1)\" class=\"wp-image-3523\" srcset=\"https:\/\/www.aiyin.com\/wp-content\/uploads\/2025\/03\/Wholesale-A4-thermal-paper-1-1280x1280.webp 1280w, https:\/\/www.aiyin.com\/wp-content\/uploads\/2025\/03\/Wholesale-A4-thermal-paper-1-150x150.webp 150w, https:\/\/www.aiyin.com\/wp-content\/uploads\/2025\/03\/Wholesale-A4-thermal-paper-1-768x768.webp 768w, https:\/\/www.aiyin.com\/wp-content\/uploads\/2025\/03\/Wholesale-A4-thermal-paper-1-300x300.webp 300w, https:\/\/www.aiyin.com\/wp-content\/uploads\/2025\/03\/Wholesale-A4-thermal-paper-1-600x600.webp 600w, https:\/\/www.aiyin.com\/wp-content\/uploads\/2025\/03\/Wholesale-A4-thermal-paper-1-100x100.webp 100w, https:\/\/www.aiyin.com\/wp-content\/uploads\/2025\/03\/Wholesale-A4-thermal-paper-1.webp 1500w\" sizes=\"(max-width: 1280px) 100vw, 1280px\" \/><\/figure>\n<\/div>\n\n\n\n<div class=\"wp-block-column is-layout-flow wp-block-column-is-layout-flow\">\n<figure class=\"wp-block-image size-large\"><img decoding=\"async\" width=\"1280\" height=\"1280\" src=\"https:\/\/www.aiyin.com\/wp-content\/uploads\/2025\/03\/Wholesale-A4-thermal-paper-2-1280x1280.webp\" alt=\"Papier thermique A4 en gros (2)\" class=\"wp-image-3524\" srcset=\"https:\/\/www.aiyin.com\/wp-content\/uploads\/2025\/03\/Wholesale-A4-thermal-paper-2-1280x1280.webp 1280w, https:\/\/www.aiyin.com\/wp-content\/uploads\/2025\/03\/Wholesale-A4-thermal-paper-2-150x150.webp 150w, https:\/\/www.aiyin.com\/wp-content\/uploads\/2025\/03\/Wholesale-A4-thermal-paper-2-768x768.webp 768w, https:\/\/www.aiyin.com\/wp-content\/uploads\/2025\/03\/Wholesale-A4-thermal-paper-2-300x300.webp 300w, https:\/\/www.aiyin.com\/wp-content\/uploads\/2025\/03\/Wholesale-A4-thermal-paper-2-600x600.webp 600w, https:\/\/www.aiyin.com\/wp-content\/uploads\/2025\/03\/Wholesale-A4-thermal-paper-2-100x100.webp 100w, https:\/\/www.aiyin.com\/wp-content\/uploads\/2025\/03\/Wholesale-A4-thermal-paper-2.webp 1500w\" sizes=\"(max-width: 1280px) 100vw, 1280px\" \/><\/figure>\n<\/div>\n<\/div>\n\n\n\n<figure class=\"wp-block-image size-large\"><img decoding=\"async\" width=\"1280\" height=\"960\" src=\"https:\/\/www.aiyin.com\/wp-content\/uploads\/2025\/02\/\u5fae\u4fe1\u56fe\u7247_20250311103900-1280x960.webp\" alt=\"\" class=\"wp-image-4090\" srcset=\"https:\/\/www.aiyin.com\/wp-content\/uploads\/2025\/02\/\u5fae\u4fe1\u56fe\u7247_20250311103900-1280x960.webp 1280w, https:\/\/www.aiyin.com\/wp-content\/uploads\/2025\/02\/\u5fae\u4fe1\u56fe\u7247_20250311103900-768x576.webp 768w, https:\/\/www.aiyin.com\/wp-content\/uploads\/2025\/02\/\u5fae\u4fe1\u56fe\u7247_20250311103900-600x450.webp 600w\" sizes=\"(max-width: 1280px) 100vw, 1280px\" \/><\/figure>\n\n\n\n<figure class=\"wp-block-image size-full\"><img decoding=\"async\" width=\"800\" height=\"800\" src=\"https:\/\/www.aiyin.com\/wp-content\/uploads\/2025\/02\/Thermal-Paper-Roll-Use-for-A4-Thermal-Printer1-2.webp\" alt=\"\" class=\"wp-image-4957\" srcset=\"https:\/\/www.aiyin.com\/wp-content\/uploads\/2025\/02\/Thermal-Paper-Roll-Use-for-A4-Thermal-Printer1-2.webp 800w, https:\/\/www.aiyin.com\/wp-content\/uploads\/2025\/02\/Thermal-Paper-Roll-Use-for-A4-Thermal-Printer1-2-150x150.webp 150w, https:\/\/www.aiyin.com\/wp-content\/uploads\/2025\/02\/Thermal-Paper-Roll-Use-for-A4-Thermal-Printer1-2-768x768.webp 768w, https:\/\/www.aiyin.com\/wp-content\/uploads\/2025\/02\/Thermal-Paper-Roll-Use-for-A4-Thermal-Printer1-2-12x12.webp 12w, https:\/\/www.aiyin.com\/wp-content\/uploads\/2025\/02\/Thermal-Paper-Roll-Use-for-A4-Thermal-Printer1-2-300x300.webp 300w, https:\/\/www.aiyin.com\/wp-content\/uploads\/2025\/02\/Thermal-Paper-Roll-Use-for-A4-Thermal-Printer1-2-600x600.webp 600w, https:\/\/www.aiyin.com\/wp-content\/uploads\/2025\/02\/Thermal-Paper-Roll-Use-for-A4-Thermal-Printer1-2-100x100.webp 100w\" sizes=\"(max-width: 800px) 100vw, 800px\" \/><\/figure>","protected":false},"excerpt":{"rendered":"<p>Papier thermique A4 en gros, parfait pour les entreprises et les bureaux, id\u00e9al pour produire des documents, des rapports et des \u00e9tiquettes clairs et nets. Achetez en gros pour b\u00e9n\u00e9ficier d'un prix r\u00e9duit, n'h\u00e9sitez pas \u00e0 nous contacter.<\/p>\n<h2>Caract\u00e9ristiques du papier thermique A4<\/h2>\n<div>\n<p><strong>Large \u00e9ventail d'utilisations :<\/strong> Ce papier thermique convient \u00e0 une vari\u00e9t\u00e9 d'applications, il peut \u00eatre utilis\u00e9 non seulement pour les croquis et la cr\u00e9ation artistique, mais aussi pour l'impression de factures, de rapports d'entretien, de re\u00e7us et d'autres documents.<\/p>\n<p><strong>Impression claire et durable :<\/strong> Notre papier thermique est fabriqu\u00e9 \u00e0 partir de mat\u00e9riaux adapt\u00e9s \u00e0 l'impression thermique. Il imprime donc clairement et se conserve facilement pendant longtemps.<\/p>\n<p><strong>Polyvalent :<\/strong> Ce papier thermique convient \u00e0 une grande vari\u00e9t\u00e9 d'applications. Il peut \u00eatre utilis\u00e9 non seulement pour les croquis et la cr\u00e9ation artistique, mais aussi pour l'impression de factures, de rapports d'entretien, de re\u00e7us et d'autres documents.<\/p>\n<p><strong>Respectueux de l'environnement :<\/strong> L'impression thermique ne n\u00e9cessitant pas d'encre ni de toner, c'est un choix respectueux de l'environnement qui r\u00e9duit les d\u00e9chets et le besoin de consommables suppl\u00e9mentaires.<\/p>\n<\/div>","protected":false},"featured_media":4958,"comment_status":"closed","ping_status":"closed","template":"","meta":{"_acf_changed":false},"product_brand":[],"product_cat":[120],"product_tag":[],"class_list":{"0":"post-3522","1":"product","2":"type-product","3":"status-publish","4":"has-post-thumbnail","6":"product_cat-wholesale-thermal-paper-rolls","7":"pa_paper-for-letter-a4-thermal-printer","9":"first","10":"instock","11":"shipping-taxable","12":"product-type-simple"},"acf":[],"_links":{"self":[{"href":"https:\/\/www.aiyin.com\/fr\/wp-json\/wp\/v2\/product\/3522","targetHints":{"allow":["GET"]}}],"collection":[{"href":"https:\/\/www.aiyin.com\/fr\/wp-json\/wp\/v2\/product"}],"about":[{"href":"https:\/\/www.aiyin.com\/fr\/wp-json\/wp\/v2\/types\/product"}],"replies":[{"embeddable":true,"href":"https:\/\/www.aiyin.com\/fr\/wp-json\/wp\/v2\/comments?post=3522"}],"wp:featuredmedia":[{"embeddable":true,"href":"https:\/\/www.aiyin.com\/fr\/wp-json\/wp\/v2\/media\/4958"}],"wp:attachment":[{"href":"https:\/\/www.aiyin.com\/fr\/wp-json\/wp\/v2\/media?parent=3522"}],"wp:term":[{"taxonomy":"product_brand","embeddable":true,"href":"https:\/\/www.aiyin.com\/fr\/wp-json\/wp\/v2\/product_brand?post=3522"},{"taxonomy":"product_cat","embeddable":true,"href":"https:\/\/www.aiyin.com\/fr\/wp-json\/wp\/v2\/product_cat?post=3522"},{"taxonomy":"product_tag","embeddable":true,"href":"https:\/\/www.aiyin.com\/fr\/wp-json\/wp\/v2\/product_tag?post=3522"}],"curies":[{"name":"wp","href":"https:\/\/api.w.org\/{rel}","templated":true}]}}