{"id":3498,"date":"2025-02-20T08:59:32","date_gmt":"2025-02-20T08:59:32","guid":{"rendered":"https:\/\/www.jinghuaceramic.com\/?post_type=product&#038;p=3498"},"modified":"2025-07-08T05:20:02","modified_gmt":"2025-07-08T05:20:02","slug":"wholesale-mini-thermal-printer-paper-rolls-15-x-30mm","status":"publish","type":"product","link":"https:\/\/www.aiyin.com\/fr\/product\/wholesale-mini-thermal-printer-paper-rolls-15-x-30mm\/","title":{"rendered":"Rouleaux de papier pour imprimante thermique 15\u00d730mm \/ 15x40mm \/ 15x50mm- Convient \u00e0 l'\u00e9tiqueteuse domestique AiYin"},"content":{"rendered":"<h2 class=\"wp-block-heading\">D\u00e9tails du rouleau de papier pour imprimante thermique miniature<\/h2>\n\n\n\n<hr class=\"wp-block-separator has-alpha-channel-opacity\"\/>\n\n\n\n<div class=\"wp-block-columns is-layout-flex wp-container-core-columns-is-layout-9d6595d7 wp-block-columns-is-layout-flex\">\n<div class=\"wp-block-column is-layout-flow wp-block-column-is-layout-flow\" style=\"flex-basis:25%\"><\/div>\n<\/div>\n\n\n\n<figure class=\"wp-block-image size-large\"><img decoding=\"async\" width=\"1280\" height=\"1280\" src=\"https:\/\/www.aiyin.com\/wp-content\/uploads\/2025\/03\/Wholesale-Mini-Thermal-Printer-Paper\u200b-Rolls-15-\u00d7-30mm-1-1280x1280.webp\" alt=\"Rouleaux de papier pour imprimante thermique 15 \u00d7 30mm (1)\" class=\"wp-image-3499\" srcset=\"https:\/\/www.aiyin.com\/wp-content\/uploads\/2025\/03\/Wholesale-Mini-Thermal-Printer-Paper\u200b-Rolls-15-\u00d7-30mm-1-1280x1280.webp 1280w, https:\/\/www.aiyin.com\/wp-content\/uploads\/2025\/03\/Wholesale-Mini-Thermal-Printer-Paper\u200b-Rolls-15-\u00d7-30mm-1-150x150.webp 150w, https:\/\/www.aiyin.com\/wp-content\/uploads\/2025\/03\/Wholesale-Mini-Thermal-Printer-Paper\u200b-Rolls-15-\u00d7-30mm-1-768x768.webp 768w, https:\/\/www.aiyin.com\/wp-content\/uploads\/2025\/03\/Wholesale-Mini-Thermal-Printer-Paper\u200b-Rolls-15-\u00d7-30mm-1-300x300.webp 300w, https:\/\/www.aiyin.com\/wp-content\/uploads\/2025\/03\/Wholesale-Mini-Thermal-Printer-Paper\u200b-Rolls-15-\u00d7-30mm-1-600x600.webp 600w, https:\/\/www.aiyin.com\/wp-content\/uploads\/2025\/03\/Wholesale-Mini-Thermal-Printer-Paper\u200b-Rolls-15-\u00d7-30mm-1-100x100.webp 100w, https:\/\/www.aiyin.com\/wp-content\/uploads\/2025\/03\/Wholesale-Mini-Thermal-Printer-Paper\u200b-Rolls-15-\u00d7-30mm-1.webp 1500w\" sizes=\"(max-width: 1280px) 100vw, 1280px\" \/><\/figure>\n\n\n\n<div class=\"wp-block-columns is-layout-flex wp-container-core-columns-is-layout-9d6595d7 wp-block-columns-is-layout-flex\">\n<div class=\"wp-block-column is-layout-flow wp-block-column-is-layout-flow\">\n<figure class=\"wp-block-image size-large\"><img decoding=\"async\" width=\"1280\" height=\"1280\" src=\"https:\/\/www.aiyin.com\/wp-content\/uploads\/2025\/03\/Wholesale-Mini-Thermal-Printer-Paper\u200b-Rolls-15-\u00d7-30mm-6-1280x1280.webp\" alt=\"Rouleaux de papier pour imprimante thermique 15 \u00d7 30mm (6)\" class=\"wp-image-3504\" srcset=\"https:\/\/www.aiyin.com\/wp-content\/uploads\/2025\/03\/Wholesale-Mini-Thermal-Printer-Paper\u200b-Rolls-15-\u00d7-30mm-6-1280x1280.webp 1280w, https:\/\/www.aiyin.com\/wp-content\/uploads\/2025\/03\/Wholesale-Mini-Thermal-Printer-Paper\u200b-Rolls-15-\u00d7-30mm-6-150x150.webp 150w, https:\/\/www.aiyin.com\/wp-content\/uploads\/2025\/03\/Wholesale-Mini-Thermal-Printer-Paper\u200b-Rolls-15-\u00d7-30mm-6-768x768.webp 768w, https:\/\/www.aiyin.com\/wp-content\/uploads\/2025\/03\/Wholesale-Mini-Thermal-Printer-Paper\u200b-Rolls-15-\u00d7-30mm-6-300x300.webp 300w, https:\/\/www.aiyin.com\/wp-content\/uploads\/2025\/03\/Wholesale-Mini-Thermal-Printer-Paper\u200b-Rolls-15-\u00d7-30mm-6-600x600.webp 600w, https:\/\/www.aiyin.com\/wp-content\/uploads\/2025\/03\/Wholesale-Mini-Thermal-Printer-Paper\u200b-Rolls-15-\u00d7-30mm-6-100x100.webp 100w, https:\/\/www.aiyin.com\/wp-content\/uploads\/2025\/03\/Wholesale-Mini-Thermal-Printer-Paper\u200b-Rolls-15-\u00d7-30mm-6.webp 1500w\" sizes=\"(max-width: 1280px) 100vw, 1280px\" \/><\/figure>\n<\/div>\n\n\n\n<div class=\"wp-block-column is-layout-flow wp-block-column-is-layout-flow\">\n<figure class=\"wp-block-image size-large\"><img decoding=\"async\" width=\"1280\" height=\"1280\" src=\"https:\/\/www.aiyin.com\/wp-content\/uploads\/2025\/03\/Wholesale-Mini-Thermal-Printer-Paper\u200b-Rolls-15-\u00d7-30mm-5-1280x1280.webp\" alt=\"Rouleaux de papier pour imprimante thermique 15 \u00d7 30mm (5)\" class=\"wp-image-3503\" srcset=\"https:\/\/www.aiyin.com\/wp-content\/uploads\/2025\/03\/Wholesale-Mini-Thermal-Printer-Paper\u200b-Rolls-15-\u00d7-30mm-5-1280x1280.webp 1280w, https:\/\/www.aiyin.com\/wp-content\/uploads\/2025\/03\/Wholesale-Mini-Thermal-Printer-Paper\u200b-Rolls-15-\u00d7-30mm-5-150x150.webp 150w, https:\/\/www.aiyin.com\/wp-content\/uploads\/2025\/03\/Wholesale-Mini-Thermal-Printer-Paper\u200b-Rolls-15-\u00d7-30mm-5-768x768.webp 768w, https:\/\/www.aiyin.com\/wp-content\/uploads\/2025\/03\/Wholesale-Mini-Thermal-Printer-Paper\u200b-Rolls-15-\u00d7-30mm-5-300x300.webp 300w, https:\/\/www.aiyin.com\/wp-content\/uploads\/2025\/03\/Wholesale-Mini-Thermal-Printer-Paper\u200b-Rolls-15-\u00d7-30mm-5-600x600.webp 600w, https:\/\/www.aiyin.com\/wp-content\/uploads\/2025\/03\/Wholesale-Mini-Thermal-Printer-Paper\u200b-Rolls-15-\u00d7-30mm-5-100x100.webp 100w\" sizes=\"(max-width: 1280px) 100vw, 1280px\" \/><\/figure>\n<\/div>\n<\/div>\n\n\n\n<div class=\"wp-block-columns is-layout-flex wp-container-core-columns-is-layout-9d6595d7 wp-block-columns-is-layout-flex\">\n<div class=\"wp-block-column is-layout-flow wp-block-column-is-layout-flow\">\n<figure class=\"wp-block-image size-large\"><img decoding=\"async\" width=\"1280\" height=\"1280\" src=\"https:\/\/www.aiyin.com\/wp-content\/uploads\/2025\/03\/Wholesale-Mini-Thermal-Printer-Paper\u200b-Rolls-15-\u00d7-30mm-3-1280x1280.webp\" alt=\"Rouleaux de papier pour imprimante thermique 15 \u00d7 30mm (3)\" class=\"wp-image-3501\" srcset=\"https:\/\/www.aiyin.com\/wp-content\/uploads\/2025\/03\/Wholesale-Mini-Thermal-Printer-Paper\u200b-Rolls-15-\u00d7-30mm-3-1280x1280.webp 1280w, https:\/\/www.aiyin.com\/wp-content\/uploads\/2025\/03\/Wholesale-Mini-Thermal-Printer-Paper\u200b-Rolls-15-\u00d7-30mm-3-150x150.webp 150w, https:\/\/www.aiyin.com\/wp-content\/uploads\/2025\/03\/Wholesale-Mini-Thermal-Printer-Paper\u200b-Rolls-15-\u00d7-30mm-3-768x768.webp 768w, https:\/\/www.aiyin.com\/wp-content\/uploads\/2025\/03\/Wholesale-Mini-Thermal-Printer-Paper\u200b-Rolls-15-\u00d7-30mm-3-300x300.webp 300w, https:\/\/www.aiyin.com\/wp-content\/uploads\/2025\/03\/Wholesale-Mini-Thermal-Printer-Paper\u200b-Rolls-15-\u00d7-30mm-3-600x600.webp 600w, https:\/\/www.aiyin.com\/wp-content\/uploads\/2025\/03\/Wholesale-Mini-Thermal-Printer-Paper\u200b-Rolls-15-\u00d7-30mm-3-100x100.webp 100w, https:\/\/www.aiyin.com\/wp-content\/uploads\/2025\/03\/Wholesale-Mini-Thermal-Printer-Paper\u200b-Rolls-15-\u00d7-30mm-3.webp 1500w\" sizes=\"(max-width: 1280px) 100vw, 1280px\" \/><\/figure>\n<\/div>\n\n\n\n<div class=\"wp-block-column is-layout-flow wp-block-column-is-layout-flow\">\n<figure class=\"wp-block-image size-large\"><img decoding=\"async\" width=\"1280\" height=\"1280\" src=\"https:\/\/www.aiyin.com\/wp-content\/uploads\/2025\/03\/Wholesale-Mini-Thermal-Printer-Paper\u200b-Rolls-15-\u00d7-30mm-4-1280x1280.webp\" alt=\"Rouleaux de papier pour imprimante thermique 15 \u00d7 30mm (4)\" class=\"wp-image-3502\" srcset=\"https:\/\/www.aiyin.com\/wp-content\/uploads\/2025\/03\/Wholesale-Mini-Thermal-Printer-Paper\u200b-Rolls-15-\u00d7-30mm-4-1280x1280.webp 1280w, https:\/\/www.aiyin.com\/wp-content\/uploads\/2025\/03\/Wholesale-Mini-Thermal-Printer-Paper\u200b-Rolls-15-\u00d7-30mm-4-150x150.webp 150w, https:\/\/www.aiyin.com\/wp-content\/uploads\/2025\/03\/Wholesale-Mini-Thermal-Printer-Paper\u200b-Rolls-15-\u00d7-30mm-4-768x768.webp 768w, https:\/\/www.aiyin.com\/wp-content\/uploads\/2025\/03\/Wholesale-Mini-Thermal-Printer-Paper\u200b-Rolls-15-\u00d7-30mm-4-300x300.webp 300w, https:\/\/www.aiyin.com\/wp-content\/uploads\/2025\/03\/Wholesale-Mini-Thermal-Printer-Paper\u200b-Rolls-15-\u00d7-30mm-4-600x600.webp 600w, https:\/\/www.aiyin.com\/wp-content\/uploads\/2025\/03\/Wholesale-Mini-Thermal-Printer-Paper\u200b-Rolls-15-\u00d7-30mm-4-100x100.webp 100w, https:\/\/www.aiyin.com\/wp-content\/uploads\/2025\/03\/Wholesale-Mini-Thermal-Printer-Paper\u200b-Rolls-15-\u00d7-30mm-4.webp 1500w\" sizes=\"(max-width: 1280px) 100vw, 1280px\" \/><\/figure>\n<\/div>\n\n\n\n<div class=\"wp-block-column is-layout-flow wp-block-column-is-layout-flow\">\n<figure class=\"wp-block-image size-large\"><img decoding=\"async\" width=\"1280\" height=\"1280\" src=\"https:\/\/www.aiyin.com\/wp-content\/uploads\/2025\/03\/Wholesale-Mini-Thermal-Printer-Paper\u200b-Rolls-15-\u00d7-30mm-2-1280x1280.webp\" alt=\"Rouleaux de papier pour imprimante thermique 15 \u00d7 30mm (2)\" class=\"wp-image-3500\" srcset=\"https:\/\/www.aiyin.com\/wp-content\/uploads\/2025\/03\/Wholesale-Mini-Thermal-Printer-Paper\u200b-Rolls-15-\u00d7-30mm-2-1280x1280.webp 1280w, https:\/\/www.aiyin.com\/wp-content\/uploads\/2025\/03\/Wholesale-Mini-Thermal-Printer-Paper\u200b-Rolls-15-\u00d7-30mm-2-150x150.webp 150w, https:\/\/www.aiyin.com\/wp-content\/uploads\/2025\/03\/Wholesale-Mini-Thermal-Printer-Paper\u200b-Rolls-15-\u00d7-30mm-2-768x768.webp 768w, https:\/\/www.aiyin.com\/wp-content\/uploads\/2025\/03\/Wholesale-Mini-Thermal-Printer-Paper\u200b-Rolls-15-\u00d7-30mm-2-300x300.webp 300w, https:\/\/www.aiyin.com\/wp-content\/uploads\/2025\/03\/Wholesale-Mini-Thermal-Printer-Paper\u200b-Rolls-15-\u00d7-30mm-2-600x600.webp 600w, https:\/\/www.aiyin.com\/wp-content\/uploads\/2025\/03\/Wholesale-Mini-Thermal-Printer-Paper\u200b-Rolls-15-\u00d7-30mm-2-100x100.webp 100w, https:\/\/www.aiyin.com\/wp-content\/uploads\/2025\/03\/Wholesale-Mini-Thermal-Printer-Paper\u200b-Rolls-15-\u00d7-30mm-2.webp 1500w\" sizes=\"(max-width: 1280px) 100vw, 1280px\" \/><\/figure>\n<\/div>\n<\/div>\n\n\n\n<figure class=\"wp-block-image size-large\"><img decoding=\"async\" width=\"1280\" height=\"1280\" src=\"https:\/\/www.aiyin.com\/wp-content\/uploads\/2025\/02\/Mini-Thermal-Printer-Paper-4-1280x1280.webp\" alt=\"\" class=\"wp-image-4938\" srcset=\"https:\/\/www.aiyin.com\/wp-content\/uploads\/2025\/02\/Mini-Thermal-Printer-Paper-4-1280x1280.webp 1280w, https:\/\/www.aiyin.com\/wp-content\/uploads\/2025\/02\/Mini-Thermal-Printer-Paper-4-150x150.webp 150w, https:\/\/www.aiyin.com\/wp-content\/uploads\/2025\/02\/Mini-Thermal-Printer-Paper-4-768x768.webp 768w, https:\/\/www.aiyin.com\/wp-content\/uploads\/2025\/02\/Mini-Thermal-Printer-Paper-4-12x12.webp 12w, https:\/\/www.aiyin.com\/wp-content\/uploads\/2025\/02\/Mini-Thermal-Printer-Paper-4-300x300.webp 300w, https:\/\/www.aiyin.com\/wp-content\/uploads\/2025\/02\/Mini-Thermal-Printer-Paper-4-600x600.webp 600w, https:\/\/www.aiyin.com\/wp-content\/uploads\/2025\/02\/Mini-Thermal-Printer-Paper-4-100x100.webp 100w, https:\/\/www.aiyin.com\/wp-content\/uploads\/2025\/02\/Mini-Thermal-Printer-Paper-4.webp 1600w\" sizes=\"(max-width: 1280px) 100vw, 1280px\" \/><\/figure>","protected":false},"excerpt":{"rendered":"<p>Utilisez ce mini-papier thermique avec la machine \u00e0 \u00e9tiqueter domestique d'AiYin et connectez-vous \u00e0 l'application via Bluetooth pour cr\u00e9er du contenu imprim\u00e9.<\/p>\n<h2>Caract\u00e9ristiques du mini rouleau de papier pour imprimante thermique 15 \u00d7 30 mm<\/h2>\n<div>\n<p><strong>Taille compacte :<\/strong> Ces mini-rouleaux de papier pour imprimante thermique sont con\u00e7us pour l'impression d'\u00e9tiquettes \u00e0 petite \u00e9chelle. Ils sont parfaits pour un usage domestique, les environnements de bureau et les petites entreprises.<\/p>\n<p><strong>Facile \u00e0 utiliser :<\/strong> Le support autocollant permet un \u00e9tiquetage facile sur une vari\u00e9t\u00e9 de surfaces, et aucun outil suppl\u00e9mentaire n'est n\u00e9cessaire.<\/p>\n<p><strong>Sc\u00e9narios applicables :<\/strong> Cet autocollant peut \u00eatre utilis\u00e9 pour l'\u00e9tiquetage des cahiers, les notes autocollantes, l'\u00e9criture des noms et d'autres occasions.<\/p>\n<p><strong>Une application facile \u00e0 utiliser :<\/strong> En combinaison avec l'application mobile d'aiyin, nous fournissons une vari\u00e9t\u00e9 d'ic\u00f4nes, de polices et de cadres. Il suffit de combiner le texte saisi avec le texte de l'image pour que l'impression se fasse en douceur.<\/p>\n<\/div>","protected":false},"featured_media":4937,"comment_status":"closed","ping_status":"closed","template":"","meta":{"_acf_changed":true},"product_brand":[],"product_cat":[120],"product_tag":[],"class_list":{"0":"post-3498","1":"product","2":"type-product","3":"status-publish","4":"has-post-thumbnail","6":"product_cat-wholesale-thermal-paper-rolls","7":"pa_paper-for-home-label-maker","9":"first","10":"instock","11":"shipping-taxable","12":"product-type-simple"},"acf":[],"_links":{"self":[{"href":"https:\/\/www.aiyin.com\/fr\/wp-json\/wp\/v2\/product\/3498","targetHints":{"allow":["GET"]}}],"collection":[{"href":"https:\/\/www.aiyin.com\/fr\/wp-json\/wp\/v2\/product"}],"about":[{"href":"https:\/\/www.aiyin.com\/fr\/wp-json\/wp\/v2\/types\/product"}],"replies":[{"embeddable":true,"href":"https:\/\/www.aiyin.com\/fr\/wp-json\/wp\/v2\/comments?post=3498"}],"wp:featuredmedia":[{"embeddable":true,"href":"https:\/\/www.aiyin.com\/fr\/wp-json\/wp\/v2\/media\/4937"}],"wp:attachment":[{"href":"https:\/\/www.aiyin.com\/fr\/wp-json\/wp\/v2\/media?parent=3498"}],"wp:term":[{"taxonomy":"product_brand","embeddable":true,"href":"https:\/\/www.aiyin.com\/fr\/wp-json\/wp\/v2\/product_brand?post=3498"},{"taxonomy":"product_cat","embeddable":true,"href":"https:\/\/www.aiyin.com\/fr\/wp-json\/wp\/v2\/product_cat?post=3498"},{"taxonomy":"product_tag","embeddable":true,"href":"https:\/\/www.aiyin.com\/fr\/wp-json\/wp\/v2\/product_tag?post=3498"}],"curies":[{"name":"wp","href":"https:\/\/api.w.org\/{rel}","templated":true}]}}