{"id":2454,"date":"2025-02-20T02:44:36","date_gmt":"2025-02-20T02:44:36","guid":{"rendered":"https:\/\/www.jinghuaceramic.com\/?post_type=product&#038;p=2454"},"modified":"2025-02-22T07:22:35","modified_gmt":"2025-02-22T07:22:35","slug":"wireless-2d-handheld-barcode-scanner-s14","status":"publish","type":"product","link":"https:\/\/www.aiyin.com\/fr\/product\/wireless-2d-handheld-barcode-scanner-s14\/","title":{"rendered":"Lecteur de codes-barres 2D sans fil - S14, grande batterie, capacit\u00e9 de reconnaissance puissante"},"content":{"rendered":"<h2 class=\"wp-block-heading\">D\u00e9tails du lecteur de codes-barres 2D portable sans fil - S14<\/h2>\n\n\n\n<hr class=\"wp-block-separator has-alpha-channel-opacity\"\/>\n\n\n\n<figure class=\"wp-block-image size-large\"><img decoding=\"async\" width=\"1239\" height=\"1280\" src=\"https:\/\/www.aiyin.com\/wp-content\/uploads\/2025\/02\/Wireless-2D-Handheld-Barcode-Scanner\u200b-1-1239x1280.webp\" alt=\"Lecteur de codes-barres 2D portatif sans fil (1)\" class=\"wp-image-2458\" srcset=\"https:\/\/www.aiyin.com\/wp-content\/uploads\/2025\/02\/Wireless-2D-Handheld-Barcode-Scanner\u200b-1-1239x1280.webp 1239w, https:\/\/www.aiyin.com\/wp-content\/uploads\/2025\/02\/Wireless-2D-Handheld-Barcode-Scanner\u200b-1-768x794.webp 768w, https:\/\/www.aiyin.com\/wp-content\/uploads\/2025\/02\/Wireless-2D-Handheld-Barcode-Scanner\u200b-1-600x620.webp 600w\" sizes=\"(max-width: 1239px) 100vw, 1239px\" \/><\/figure>","protected":false},"excerpt":{"rendered":"<p>Lecteur de codes-barres 2D sans fil - S14 La fonction de lecture de codes-barres efficace permet de simplifier la gestion de l'inventaire. Gr\u00e2ce \u00e0 la connexion sans fil Bluetooth, le personnel peut se d\u00e9placer librement dans l'entrep\u00f4t et scanner rapidement les codes-barres des produits. En outre, le S14 est \u00e9galement performant dans les secteurs de la vente au d\u00e9tail, de la m\u00e9decine et de la livraison express, et constitue un assistant puissant pour la gestion de l'information. Contactez-nous pour un devis.<\/p>\n<h2>Caract\u00e9ristiques du lecteur de codes-barres portatif 2D sans fil - S14<\/h2>\n<div>\n<p><strong>Forte capacit\u00e9 \u00e0 reconna\u00eetre les codes d'\u00e9cran :<\/strong> Le lecteur de codes-barres portatif sans fil 2d S14 peut non seulement reconna\u00eetre les codes-barres traditionnels sur papier, mais aussi scanner avec pr\u00e9cision les codes-barres sur les t\u00e9l\u00e9phones portables ou les \u00e9crans d'ordinateur (tels que les codes QR).<\/p>\n<p><strong>Haute pr\u00e9cision de reconnaissance :<\/strong> La pr\u00e9cision de reconnaissance des codes-barres du S14 atteint 4 millim\u00e8tres (code-barres 1d) et 7 millim\u00e8tres (code-barres 2d), ce qui permet de reconna\u00eetre avec pr\u00e9cision divers codes-barres de petite taille et flous et d'am\u00e9liorer le taux de r\u00e9ussite de la num\u00e9risation.<\/p>\n<p><strong>Conception l\u00e9g\u00e8re :<\/strong> Le lecteur de codes-barres portatif sans fil 2d S14 ne p\u00e8se que 190 g et sa conception l\u00e9g\u00e8re permet de le tenir facilement pendant de longues p\u00e9riodes.<\/p>\n<p><strong>Connexion sans fil :<\/strong> Gr\u00e2ce \u00e0 la fonction Bluetooth, les utilisateurs peuvent utiliser le lecteur de codes-barres sans connexion physique, ce qui rend l'op\u00e9ration plus libre et plus flexible.<\/p>\n<\/div>","protected":false},"featured_media":2460,"comment_status":"closed","ping_status":"closed","template":"","meta":{"_acf_changed":true},"product_brand":[],"product_cat":[18],"product_tag":[],"class_list":{"0":"post-2454","1":"product","2":"type-product","3":"status-publish","4":"has-post-thumbnail","6":"product_cat-scanning-terminal","7":"pa_connection-method-wireless","8":"pa_product-type-scanner","10":"first","11":"instock","12":"shipping-taxable","13":"product-type-simple"},"acf":[],"_links":{"self":[{"href":"https:\/\/www.aiyin.com\/fr\/wp-json\/wp\/v2\/product\/2454","targetHints":{"allow":["GET"]}}],"collection":[{"href":"https:\/\/www.aiyin.com\/fr\/wp-json\/wp\/v2\/product"}],"about":[{"href":"https:\/\/www.aiyin.com\/fr\/wp-json\/wp\/v2\/types\/product"}],"replies":[{"embeddable":true,"href":"https:\/\/www.aiyin.com\/fr\/wp-json\/wp\/v2\/comments?post=2454"}],"wp:featuredmedia":[{"embeddable":true,"href":"https:\/\/www.aiyin.com\/fr\/wp-json\/wp\/v2\/media\/2460"}],"wp:attachment":[{"href":"https:\/\/www.aiyin.com\/fr\/wp-json\/wp\/v2\/media?parent=2454"}],"wp:term":[{"taxonomy":"product_brand","embeddable":true,"href":"https:\/\/www.aiyin.com\/fr\/wp-json\/wp\/v2\/product_brand?post=2454"},{"taxonomy":"product_cat","embeddable":true,"href":"https:\/\/www.aiyin.com\/fr\/wp-json\/wp\/v2\/product_cat?post=2454"},{"taxonomy":"product_tag","embeddable":true,"href":"https:\/\/www.aiyin.com\/fr\/wp-json\/wp\/v2\/product_tag?post=2454"}],"curies":[{"name":"wp","href":"https:\/\/api.w.org\/{rel}","templated":true}]}}