{"id":2450,"date":"2025-02-20T02:23:14","date_gmt":"2025-02-20T02:23:14","guid":{"rendered":"https:\/\/www.jinghuaceramic.com\/?post_type=product&#038;p=2450"},"modified":"2025-02-22T07:33:07","modified_gmt":"2025-02-22T07:33:07","slug":"wholesale-2d-wired-barcode-scanner-s13","status":"publish","type":"product","link":"https:\/\/www.aiyin.com\/fr\/product\/wholesale-2d-wired-barcode-scanner-s13\/","title":{"rendered":"Wholesale Wired Barcode Scanner 2D - S13, Scanning rapide, d\u00e9codage intelligent"},"content":{"rendered":"<h2 class=\"wp-block-heading\">D\u00e9tails du lecteur de codes-barres filaire 2D - S13 <\/h2>\n\n\n\n<hr class=\"wp-block-separator has-alpha-channel-opacity\"\/>\n\n\n\n<figure class=\"wp-block-image size-large\"><img decoding=\"async\" width=\"1225\" height=\"1280\" src=\"https:\/\/www.aiyin.com\/wp-content\/uploads\/2025\/02\/Wired-2D-Barcode-Scanner\u200b-Details-1-1225x1280.webp\" alt=\"Lecteur de codes-barres 2D filaire D\u00e9tails (1)\" class=\"wp-image-2452\" srcset=\"https:\/\/www.aiyin.com\/wp-content\/uploads\/2025\/02\/Wired-2D-Barcode-Scanner\u200b-Details-1-1225x1280.webp 1225w, https:\/\/www.aiyin.com\/wp-content\/uploads\/2025\/02\/Wired-2D-Barcode-Scanner\u200b-Details-1-768x803.webp 768w, https:\/\/www.aiyin.com\/wp-content\/uploads\/2025\/02\/Wired-2D-Barcode-Scanner\u200b-Details-1-600x627.webp 600w\" sizes=\"(max-width: 1225px) 100vw, 1225px\" \/><\/figure>","protected":false},"excerpt":{"rendered":"<p>Le lecteur de codes-barres 2D S13 est \u00e9quip\u00e9 d'une technologie de d\u00e9codage avanc\u00e9e et d'une lentille de balayage de haute qualit\u00e9. Il peut fonctionner de mani\u00e8re stable dans diverses conditions d'\u00e9clairage et identifier avec pr\u00e9cision divers types de codes-barres 1D et 2D, ce qui convient au commerce de d\u00e9tail, \u00e0 l'entreposage, \u00e0 la logistique, au secteur m\u00e9dical et \u00e0 d'autres secteurs d'activit\u00e9. Support OEM et ODM, contactez-nous pour un devis.<\/p>\n<h2>Caract\u00e9ristiques du lecteur de codes-barres 2D filaire - S13<\/h2>\n<div>\n<p><strong>Excellente performance de d\u00e9codage :<\/strong> Le lecteur de codes-barres 2D c\u00e2bl\u00e9 S13 a une vitesse de d\u00e9codage rapide et une pr\u00e9cision de reconnaissance extr\u00eamement \u00e9lev\u00e9e, ce qui permet de traiter efficacement certains codes-barres flous et d'am\u00e9liorer l'efficacit\u00e9 de la num\u00e9risation.<\/p>\n<p><strong>Capacit\u00e9s \u00e9tendues de reconnaissance des codes-barres :<\/strong> Le lecteur de codes-barres filaire S13 prend en charge une vari\u00e9t\u00e9 de codes-barres unidimensionnels (tels que UPC, EAN, Code128, etc.) et bidimensionnels (tels que QR code, PDF417, Data Matrix, etc.), ce qui permet de traiter facilement les codes-barres des marchandises vendues au d\u00e9tail et les codes bidimensionnels dans le cadre de la gestion de la logistique.<\/p>\n<p><strong>Vitesse de num\u00e9risation rapide :<\/strong> Le lecteur de codes-barres 2D c\u00e2bl\u00e9 S13 a une vitesse de lecture rapide, ce qui permet de r\u00e9duire consid\u00e9rablement le temps de passage en caisse, d'entreposage, de sortie et d'autres processus, et d'am\u00e9liorer la fluidit\u00e9 des op\u00e9rations commerciales.<\/p>\n<p><strong>Bonne source d'\u00e9clairage :<\/strong> \u00c9quip\u00e9 d'un \u00e9clairage LED blanc 360nm-830nm, le lecteur de codes-barres S11 peut conserver un effet de reconnaissance stable dans diff\u00e9rentes conditions d'\u00e9clairage.<\/p>\n<\/div>","protected":false},"featured_media":2451,"comment_status":"closed","ping_status":"closed","template":"","meta":{"_acf_changed":true},"product_brand":[],"product_cat":[18],"product_tag":[],"class_list":{"0":"post-2450","1":"product","2":"type-product","3":"status-publish","4":"has-post-thumbnail","6":"product_cat-scanning-terminal","7":"pa_connection-method-wired","8":"pa_product-type-scanner","10":"first","11":"instock","12":"shipping-taxable","13":"product-type-simple"},"acf":[],"_links":{"self":[{"href":"https:\/\/www.aiyin.com\/fr\/wp-json\/wp\/v2\/product\/2450","targetHints":{"allow":["GET"]}}],"collection":[{"href":"https:\/\/www.aiyin.com\/fr\/wp-json\/wp\/v2\/product"}],"about":[{"href":"https:\/\/www.aiyin.com\/fr\/wp-json\/wp\/v2\/types\/product"}],"replies":[{"embeddable":true,"href":"https:\/\/www.aiyin.com\/fr\/wp-json\/wp\/v2\/comments?post=2450"}],"wp:featuredmedia":[{"embeddable":true,"href":"https:\/\/www.aiyin.com\/fr\/wp-json\/wp\/v2\/media\/2451"}],"wp:attachment":[{"href":"https:\/\/www.aiyin.com\/fr\/wp-json\/wp\/v2\/media?parent=2450"}],"wp:term":[{"taxonomy":"product_brand","embeddable":true,"href":"https:\/\/www.aiyin.com\/fr\/wp-json\/wp\/v2\/product_brand?post=2450"},{"taxonomy":"product_cat","embeddable":true,"href":"https:\/\/www.aiyin.com\/fr\/wp-json\/wp\/v2\/product_cat?post=2450"},{"taxonomy":"product_tag","embeddable":true,"href":"https:\/\/www.aiyin.com\/fr\/wp-json\/wp\/v2\/product_tag?post=2450"}],"curies":[{"name":"wp","href":"https:\/\/api.w.org\/{rel}","templated":true}]}}