{"id":2443,"date":"2025-02-20T01:58:52","date_gmt":"2025-02-20T01:58:52","guid":{"rendered":"https:\/\/www.jinghuaceramic.com\/?post_type=product&#038;p=2443"},"modified":"2025-02-22T07:39:03","modified_gmt":"2025-02-22T07:39:03","slug":"wholesale-handheld-products-barcode-scanner-s12","status":"publish","type":"product","link":"https:\/\/www.aiyin.com\/fr\/product\/wholesale-handheld-products-barcode-scanner-s12\/","title":{"rendered":"Produits portatifs en gros Scanner de code-barres - S12 - AiYin Barcode Scanner Manufacturer"},"content":{"rendered":"<h2 class=\"wp-block-heading\">D\u00e9tails du lecteur de codes-barres pour produits portables<\/h2>\n\n\n\n<hr class=\"wp-block-separator has-alpha-channel-opacity\"\/>\n\n\n\n<figure class=\"wp-block-image size-large\"><img decoding=\"async\" width=\"1231\" height=\"1280\" src=\"https:\/\/www.aiyin.com\/wp-content\/uploads\/2025\/02\/Handheld-Products-Barcode-Scanner\u200b-Details-1-1231x1280.webp\" alt=\"Produits portables Scanner de codes \u00e0 barres D\u00e9tails (1)\" class=\"wp-image-2447\" srcset=\"https:\/\/www.aiyin.com\/wp-content\/uploads\/2025\/02\/Handheld-Products-Barcode-Scanner\u200b-Details-1-1231x1280.webp 1231w, https:\/\/www.aiyin.com\/wp-content\/uploads\/2025\/02\/Handheld-Products-Barcode-Scanner\u200b-Details-1-768x799.webp 768w, https:\/\/www.aiyin.com\/wp-content\/uploads\/2025\/02\/Handheld-Products-Barcode-Scanner\u200b-Details-1-600x624.webp 600w\" sizes=\"(max-width: 1231px) 100vw, 1231px\" \/><\/figure>","protected":false},"excerpt":{"rendered":"<p>Le lecteur de codes-barres portatif S12, avec des capacit\u00e9s de d\u00e9codage efficaces, fournit une exp\u00e9rience de lecture pr\u00e9cise et rapide, adapt\u00e9e \u00e0 tous les types d'entreprises, d'entreposage, de logistique, de vente au d\u00e9tail et d'autres sc\u00e9narios. En choisissant notre lecteur de codes-barres portatif en gros, vous b\u00e9n\u00e9ficierez de produits rentables et d'un service apr\u00e8s-vente professionnel. Contactez-nous pour un devis.<\/p>\n<h2>Caract\u00e9ristiques du lecteur de codes-barres pour produits portables - S12<\/h2>\n<div>\n<p><strong>Reconnaissance rapide :<\/strong> Le lecteur de codes-barres portable S12 permet de scanner rapidement et avec pr\u00e9cision des codes-barres denses, ce qui am\u00e9liore grandement l'efficacit\u00e9 du travail.<\/p>\n<p><strong>Large compatibilit\u00e9 :<\/strong> Le lecteur de codes-barres S12 est compatible avec les interfaces USB 1.1 et sup\u00e9rieures, et peut \u00eatre connect\u00e9 de mani\u00e8re flexible et pratique \u00e0 une vari\u00e9t\u00e9 d'appareils, tels que les ordinateurs, les syst\u00e8mes de point de vente, les appareils mobiles, etc.<\/p>\n<p><strong>Angle de reconnaissance \u00e9lev\u00e9 :<\/strong> Le lecteur de codes-barres S12 poss\u00e8de un grand angle de reconnaissance (70\u00b0 vers le haut et le bas, 70\u00b0 vers la gauche et la droite), ce qui permet aux utilisateurs de scanner facilement sous diff\u00e9rents angles, et convient particuli\u00e8rement aux commerces de d\u00e9tail, aux entrep\u00f4ts et aux sites logistiques tr\u00e8s fr\u00e9quent\u00e9s.<\/p>\n<p><strong>Service professionnel et p\u00e9riode de garantie :<\/strong> AiYin fournit une assistance professionnelle \u00e0 la client\u00e8le et un service apr\u00e8s-vente. Le lecteur de codes-barres S11 est \u00e9galement assorti d'une longue p\u00e9riode de garantie, et les acheteurs finaux peuvent b\u00e9n\u00e9ficier d'un service de r\u00e9paration ou de remplacement gratuit en cas d'endommagement ou de dysfonctionnement de l'appareil.<\/p>\n<\/div>","protected":false},"featured_media":2449,"comment_status":"closed","ping_status":"closed","template":"","meta":{"_acf_changed":true},"product_brand":[],"product_cat":[18],"product_tag":[],"class_list":{"0":"post-2443","1":"product","2":"type-product","3":"status-publish","4":"has-post-thumbnail","6":"product_cat-scanning-terminal","7":"pa_connection-method-wired","8":"pa_product-type-scanner","10":"first","11":"instock","12":"shipping-taxable","13":"product-type-simple"},"acf":[],"_links":{"self":[{"href":"https:\/\/www.aiyin.com\/fr\/wp-json\/wp\/v2\/product\/2443","targetHints":{"allow":["GET"]}}],"collection":[{"href":"https:\/\/www.aiyin.com\/fr\/wp-json\/wp\/v2\/product"}],"about":[{"href":"https:\/\/www.aiyin.com\/fr\/wp-json\/wp\/v2\/types\/product"}],"replies":[{"embeddable":true,"href":"https:\/\/www.aiyin.com\/fr\/wp-json\/wp\/v2\/comments?post=2443"}],"wp:featuredmedia":[{"embeddable":true,"href":"https:\/\/www.aiyin.com\/fr\/wp-json\/wp\/v2\/media\/2449"}],"wp:attachment":[{"href":"https:\/\/www.aiyin.com\/fr\/wp-json\/wp\/v2\/media?parent=2443"}],"wp:term":[{"taxonomy":"product_brand","embeddable":true,"href":"https:\/\/www.aiyin.com\/fr\/wp-json\/wp\/v2\/product_brand?post=2443"},{"taxonomy":"product_cat","embeddable":true,"href":"https:\/\/www.aiyin.com\/fr\/wp-json\/wp\/v2\/product_cat?post=2443"},{"taxonomy":"product_tag","embeddable":true,"href":"https:\/\/www.aiyin.com\/fr\/wp-json\/wp\/v2\/product_tag?post=2443"}],"curies":[{"name":"wp","href":"https:\/\/api.w.org\/{rel}","templated":true}]}}