{"id":2400,"date":"2025-02-19T06:26:56","date_gmt":"2025-02-19T06:26:56","guid":{"rendered":"https:\/\/www.jinghuaceramic.com\/?post_type=product&#038;p=2400"},"modified":"2025-02-28T14:25:26","modified_gmt":"2025-02-28T14:25:26","slug":"1d-and-2d-barcode-scanner-h10","status":"publish","type":"product","link":"https:\/\/www.aiyin.com\/fr\/product\/1d-and-2d-barcode-scanner-h10\/","title":{"rendered":"Lecteur de codes \u00e0 barres 1D et 2D OEM - H10, compatible avec plusieurs interfaces, compatible avec les ordinateurs, les machines POS, les appareils mobiles, etc."},"content":{"rendered":"<h2 class=\"wp-block-heading\">D\u00e9tails du lecteur de codes-barres 1D et 2D - H10<\/h2>\n\n\n\n<hr class=\"wp-block-separator has-alpha-channel-opacity\"\/>\n\n\n\n<figure class=\"wp-block-image size-large\"><img decoding=\"async\" width=\"1254\" height=\"1280\" src=\"https:\/\/www.aiyin.com\/wp-content\/uploads\/2025\/02\/1D-and-2D-Barcode-Scanner\u200b-Details-1-1254x1280.webp\" alt=\"D\u00e9tails sur les lecteurs de codes-barres 1D et 2D (1)\" class=\"wp-image-2402\" srcset=\"https:\/\/www.aiyin.com\/wp-content\/uploads\/2025\/02\/1D-and-2D-Barcode-Scanner\u200b-Details-1-1254x1280.webp 1254w, https:\/\/www.aiyin.com\/wp-content\/uploads\/2025\/02\/1D-and-2D-Barcode-Scanner\u200b-Details-1-768x784.webp 768w, https:\/\/www.aiyin.com\/wp-content\/uploads\/2025\/02\/1D-and-2D-Barcode-Scanner\u200b-Details-1-600x612.webp 600w\" sizes=\"(max-width: 1254px) 100vw, 1254px\" \/><\/figure>","protected":false},"excerpt":{"rendered":"<p>Lecteur de codes-barres 1D et 2D en gros - H10, avec les avantages d'un d\u00e9codage efficace et d'une large compatibilit\u00e9. Le scanner prend en charge de nombreux types de codes-barres, y compris les codes-barres 1D et la plupart des codes-barres 2D, et constitue un choix id\u00e9al pour tous les types d'entreprises afin d'am\u00e9liorer la productivit\u00e9. AiYin fournit un service OEM et un support apr\u00e8s-vente, contactez-nous pour un devis.<\/p>\n<h2>Caract\u00e9ristiques du lecteur de codes-barres 1D et 2D - H10<\/h2>\n<div>\n<p><strong>D\u00e9codage efficace :<\/strong> Le scanner de codes-barres 1D et 2D h10 poss\u00e8de des capacit\u00e9s de d\u00e9codage rapide, ce qui permet d'interpr\u00e9ter les donn\u00e9es des codes-barres en peu de temps et d'am\u00e9liorer l'efficacit\u00e9 op\u00e9rationnelle globale.<\/p>\n<p><strong>Reconnaissance de codes-barres multiples :<\/strong> Le lecteur de codes-barres H10 permet de lire plusieurs types de codes-barres, y compris les codes-barres 1d courants et la plupart des codes-barres 2d (tels que le code qr et le pdf417, etc.), afin de r\u00e9pondre aux besoins des diff\u00e9rentes industries.<\/p>\n<p><strong>Facile \u00e0 utiliser :<\/strong> Le lecteur de codes-barres H10 est dot\u00e9 d'une interface simple et intuitive, et les utilisateurs peuvent commencer \u00e0 l'utiliser rapidement sans avoir \u00e0 effectuer de r\u00e9glages compliqu\u00e9s. Cela r\u00e9duit consid\u00e9rablement les co\u00fbts et le temps de formation des employ\u00e9s.<\/p>\n<p><strong>Lumi\u00e8re LED int\u00e9gr\u00e9e :<\/strong> Le scanner de codes-barres de la plate-forme H10 2d est dot\u00e9 de quatre LED blanches int\u00e9gr\u00e9es pour am\u00e9liorer les performances de lecture dans les environnements peu \u00e9clair\u00e9s. M\u00eame dans les endroits faiblement \u00e9clair\u00e9s, le scanner peut assurer une lecture fluide des codes-barres.<\/p>\n<\/div>","protected":false},"featured_media":2401,"comment_status":"closed","ping_status":"closed","template":"","meta":{"_acf_changed":true},"product_brand":[],"product_cat":[18],"product_tag":[],"class_list":{"0":"post-2400","1":"product","2":"type-product","3":"status-publish","4":"has-post-thumbnail","6":"product_cat-scanning-terminal","7":"pa_product-type-barcode-scanner","9":"first","10":"instock","11":"shipping-taxable","12":"product-type-simple"},"acf":[],"_links":{"self":[{"href":"https:\/\/www.aiyin.com\/fr\/wp-json\/wp\/v2\/product\/2400","targetHints":{"allow":["GET"]}}],"collection":[{"href":"https:\/\/www.aiyin.com\/fr\/wp-json\/wp\/v2\/product"}],"about":[{"href":"https:\/\/www.aiyin.com\/fr\/wp-json\/wp\/v2\/types\/product"}],"replies":[{"embeddable":true,"href":"https:\/\/www.aiyin.com\/fr\/wp-json\/wp\/v2\/comments?post=2400"}],"wp:featuredmedia":[{"embeddable":true,"href":"https:\/\/www.aiyin.com\/fr\/wp-json\/wp\/v2\/media\/2401"}],"wp:attachment":[{"href":"https:\/\/www.aiyin.com\/fr\/wp-json\/wp\/v2\/media?parent=2400"}],"wp:term":[{"taxonomy":"product_brand","embeddable":true,"href":"https:\/\/www.aiyin.com\/fr\/wp-json\/wp\/v2\/product_brand?post=2400"},{"taxonomy":"product_cat","embeddable":true,"href":"https:\/\/www.aiyin.com\/fr\/wp-json\/wp\/v2\/product_cat?post=2400"},{"taxonomy":"product_tag","embeddable":true,"href":"https:\/\/www.aiyin.com\/fr\/wp-json\/wp\/v2\/product_tag?post=2400"}],"curies":[{"name":"wp","href":"https:\/\/api.w.org\/{rel}","templated":true}]}}