{"id":2391,"date":"2025-02-19T04:19:04","date_gmt":"2025-02-19T04:19:04","guid":{"rendered":"https:\/\/www.jinghuaceramic.com\/?post_type=product&#038;p=2391"},"modified":"2025-04-07T06:33:54","modified_gmt":"2025-04-07T06:33:54","slug":"3-inches-thermal-bluetooth-receipt-printer-an804","status":"publish","type":"product","link":"https:\/\/www.aiyin.com\/fr\/product\/3-inches-thermal-bluetooth-receipt-printer-an804\/","title":{"rendered":"Imprimante thermique de re\u00e7us Bluetooth 3 pouces - AN804, compatible iPhone \/ iPad, adapt\u00e9e \u00e0 la restauration, aux supermarch\u00e9s et au commerce de d\u00e9tail"},"content":{"rendered":"<h2 class=\"wp-block-heading\">D\u00e9tails de l'imprimante thermique de re\u00e7us Bluetooth - AN804<\/h2>\n\n\n\n<hr class=\"wp-block-separator has-alpha-channel-opacity\"\/>\n\n\n\n<figure class=\"wp-block-image size-large\"><img decoding=\"async\" width=\"1280\" height=\"1280\" src=\"https:\/\/www.aiyin.com\/wp-content\/uploads\/2025\/02\/Thermal-Bluetooth-Receipt-Printer-1-1280x1280.webp\" alt=\"Imprimante thermique de re\u00e7us Bluetooth (1)\" class=\"wp-image-2392\" srcset=\"https:\/\/www.aiyin.com\/wp-content\/uploads\/2025\/02\/Thermal-Bluetooth-Receipt-Printer-1-1280x1280.webp 1280w, https:\/\/www.aiyin.com\/wp-content\/uploads\/2025\/02\/Thermal-Bluetooth-Receipt-Printer-1-150x150.webp 150w, https:\/\/www.aiyin.com\/wp-content\/uploads\/2025\/02\/Thermal-Bluetooth-Receipt-Printer-1-768x769.webp 768w, https:\/\/www.aiyin.com\/wp-content\/uploads\/2025\/02\/Thermal-Bluetooth-Receipt-Printer-1-300x300.webp 300w, https:\/\/www.aiyin.com\/wp-content\/uploads\/2025\/02\/Thermal-Bluetooth-Receipt-Printer-1-600x601.webp 600w, https:\/\/www.aiyin.com\/wp-content\/uploads\/2025\/02\/Thermal-Bluetooth-Receipt-Printer-1-100x100.webp 100w\" sizes=\"(max-width: 1280px) 100vw, 1280px\" \/><\/figure>","protected":false},"excerpt":{"rendered":"<p>L'imprimante de re\u00e7us thermique Bluetooth - AN804 est dot\u00e9e d'une connexion Bluetooth et d'une application d'impression professionnelle, adapt\u00e9e \u00e0 l'iPhone et \u00e0 l'iPad. AN804 a une fonction d'impression rapide, une vitesse d'impression jusqu'\u00e0 200mm\/s, elle est id\u00e9ale pour les petits commer\u00e7ants, la restauration \u00e0 emporter, le paiement mobile et les ventes. Aiyin propose un service de personnalisation OEM et ODM, contactez-nous pour obtenir un devis.<\/p>\n<h2>Caract\u00e9ristiques de l'imprimante thermique de re\u00e7us Bluetooth - AN804<\/h2>\n<div>\n<p><strong>Impression sans fil :<\/strong> Nous fournissons une assistance logicielle, l'AN804 se connecte aux appareils mobiles via Bluetooth, qu'il s'agisse d'une imprimante de re\u00e7us pour iPhone ou d'une imprimante de re\u00e7us pour iPad.<\/p>\n<p><strong>Impression efficace :<\/strong> Sans encre ni ruban traditionnels, la vitesse d'impression est sup\u00e9rieure \u00e0 celle des imprimantes ordinaires, et les re\u00e7us peuvent \u00eatre g\u00e9n\u00e9r\u00e9s rapidement dans les supermarch\u00e9s ou les magasins de d\u00e9tail tr\u00e8s fr\u00e9quent\u00e9s.<\/p>\n<p><strong>Application multi-sc\u00e9narios :<\/strong> L'imprimante thermique de re\u00e7us Bluetooth AN804 convient \u00e0 de nombreux secteurs, tels que la restauration, les supermarch\u00e9s, le commerce de d\u00e9tail, la livraison express, etc., pour l'impression de commandes, de factures ou de re\u00e7us \u00e0 emporter.<\/p>\n<p><strong>Placement gratuit :<\/strong> L'imprimante thermique de re\u00e7us Bluetooth AN804 prend en charge une vari\u00e9t\u00e9 de m\u00e9thodes de sortie du papier, y compris \u00e0 plat, \u00e0 la verticale et au mur. Elle peut \u00eatre plac\u00e9e de mani\u00e8re flexible sur le comptoir, sous le comptoir ou sur le mur pour \u00e9conomiser de l'espace.<\/p>\n<p><strong>Service d'impression de re\u00e7us personnalis\u00e9s :<\/strong> AiYin fournit un soutien personnalis\u00e9 OEM et ODM, et peut personnaliser l'apparence et les fonctions en fonction des besoins de votre marque.<\/p>\n<\/div>","protected":false},"featured_media":4278,"comment_status":"closed","ping_status":"closed","template":"","meta":{"_acf_changed":false},"product_brand":[],"product_cat":[19],"product_tag":[],"class_list":{"0":"post-2391","1":"product","2":"type-product","3":"status-publish","4":"has-post-thumbnail","6":"product_cat-receipt-printer","7":"pa_device-type-desktop","8":"pa_print-width-3-inches","10":"first","11":"instock","12":"shipping-taxable","13":"product-type-simple"},"acf":[],"_links":{"self":[{"href":"https:\/\/www.aiyin.com\/fr\/wp-json\/wp\/v2\/product\/2391","targetHints":{"allow":["GET"]}}],"collection":[{"href":"https:\/\/www.aiyin.com\/fr\/wp-json\/wp\/v2\/product"}],"about":[{"href":"https:\/\/www.aiyin.com\/fr\/wp-json\/wp\/v2\/types\/product"}],"replies":[{"embeddable":true,"href":"https:\/\/www.aiyin.com\/fr\/wp-json\/wp\/v2\/comments?post=2391"}],"wp:featuredmedia":[{"embeddable":true,"href":"https:\/\/www.aiyin.com\/fr\/wp-json\/wp\/v2\/media\/4278"}],"wp:attachment":[{"href":"https:\/\/www.aiyin.com\/fr\/wp-json\/wp\/v2\/media?parent=2391"}],"wp:term":[{"taxonomy":"product_brand","embeddable":true,"href":"https:\/\/www.aiyin.com\/fr\/wp-json\/wp\/v2\/product_brand?post=2391"},{"taxonomy":"product_cat","embeddable":true,"href":"https:\/\/www.aiyin.com\/fr\/wp-json\/wp\/v2\/product_cat?post=2391"},{"taxonomy":"product_tag","embeddable":true,"href":"https:\/\/www.aiyin.com\/fr\/wp-json\/wp\/v2\/product_tag?post=2391"}],"curies":[{"name":"wp","href":"https:\/\/api.w.org\/{rel}","templated":true}]}}