{"id":2218,"date":"2025-02-17T14:52:06","date_gmt":"2025-02-17T14:52:06","guid":{"rendered":"https:\/\/www.jinghuaceramic.com\/?post_type=product&#038;p=2218"},"modified":"2025-02-22T07:04:14","modified_gmt":"2025-02-22T07:04:14","slug":"oem-80mm-thermal-receipt-printer","status":"publish","type":"product","link":"https:\/\/www.aiyin.com\/fr\/product\/oem-80mm-thermal-receipt-printer\/","title":{"rendered":"OEM 80mm Thermal Receipt Printer - AN803, AiYin Receipt Printer Manufacturer"},"content":{"rendered":"<h2 class=\"wp-block-heading\">D\u00e9tails de l'imprimante thermique de re\u00e7us de 80 mm <\/h2>\n\n\n\n<hr class=\"wp-block-separator has-alpha-channel-opacity\"\/>\n\n\n\n<figure class=\"wp-block-image size-large\"><img decoding=\"async\" width=\"1280\" height=\"1278\" src=\"https:\/\/www.aiyin.com\/wp-content\/uploads\/2025\/02\/Thermal-Receipt-Printer\u200b-Details-1-1280x1278.webp\" alt=\"D\u00e9tails de l&#039;imprimante thermique de re\u00e7us (1)\" class=\"wp-image-2388\" srcset=\"https:\/\/www.aiyin.com\/wp-content\/uploads\/2025\/02\/Thermal-Receipt-Printer\u200b-Details-1-1280x1278.webp 1280w, https:\/\/www.aiyin.com\/wp-content\/uploads\/2025\/02\/Thermal-Receipt-Printer\u200b-Details-1-150x150.webp 150w, https:\/\/www.aiyin.com\/wp-content\/uploads\/2025\/02\/Thermal-Receipt-Printer\u200b-Details-1-768x767.webp 768w, https:\/\/www.aiyin.com\/wp-content\/uploads\/2025\/02\/Thermal-Receipt-Printer\u200b-Details-1-300x300.webp 300w, https:\/\/www.aiyin.com\/wp-content\/uploads\/2025\/02\/Thermal-Receipt-Printer\u200b-Details-1-600x599.webp 600w, https:\/\/www.aiyin.com\/wp-content\/uploads\/2025\/02\/Thermal-Receipt-Printer\u200b-Details-1-100x100.webp 100w\" sizes=\"(max-width: 1280px) 100vw, 1280px\" \/><\/figure>","protected":false},"excerpt":{"rendered":"<p>Imprimante thermique de re\u00e7us 80mm, AN803 peut imprimer efficacement des tickets, des factures, des re\u00e7us, convenant aux supermarch\u00e9s, aux magasins de d\u00e9tail, aux restaurants, aux entreprises de messagerie. En tant que fournisseur en gros de l'imprimante AN803, nous fournissons un service apr\u00e8s-vente complet et un service OEM. Contactez-nous pour un devis.<\/p>\n<h2>Caract\u00e9ristiques de l'imprimante thermique de re\u00e7us 80 mm - AN803<\/h2>\n<div>\n<p><strong>Grande capacit\u00e9 de la corbeille \u00e0 papier :<\/strong> L'imprimante thermique de re\u00e7us AN803 80 mm est \u00e9quip\u00e9e d'un bac \u00e0 papier extra-large (supportant jusqu'\u00e0 80 mm de largeur de papier), qui peut accueillir plus de papier de re\u00e7us thermiques, \u00e9vitant ainsi les temps d'arr\u00eat \u00e0 mi-parcours ou les pertes de temps li\u00e9es au r\u00e9approvisionnement en papier.<\/p>\n<p><strong>Interfaces de communication multiples :<\/strong> L'imprimante thermique de re\u00e7us AN803 80 mm prend en charge plusieurs interfaces de communication telles que l'USB-B, le port r\u00e9seau, le port s\u00e9rie et le Bluetooth (en option), offrant ainsi une compatibilit\u00e9 et une flexibilit\u00e9 accrues. Elle peut \u00eatre connect\u00e9e \u00e0 des ordinateurs, des distributeurs automatiques de billets, des appareils mobiles, etc.<\/p>\n<p><strong>Longue dur\u00e9e de vie :<\/strong> L'appareil peut \u00e9galement maintenir de bons r\u00e9sultats d'impression dans les t\u00e2ches d'impression \u00e0 haute fr\u00e9quence. L'AN803 b\u00e9n\u00e9ficie d'une p\u00e9riode de garantie de 300 000 fois et d'une dur\u00e9e de vie de 500 000 fois.<\/p>\n<p><strong>Compatible avec plusieurs syst\u00e8mes d'exploitation :<\/strong> L'AN803 est compatible avec de nombreux syst\u00e8mes d'exploitation tels que Windows, Mac OS, Android et iOS, s'adaptant ainsi aux besoins de diff\u00e9rents sc\u00e9narios et am\u00e9liorant l'efficacit\u00e9 du travail.<\/p>\n<p><strong>Support OEM et ODM :<\/strong> AiYin Thermal Receipt Printer Manufacturer fournit des services professionnels d'imprimantes thermiques personnalis\u00e9es, adapt\u00e9es aux entreprises qui ont besoin de logos de marque uniques ou de fonctions sp\u00e9ciales.<\/p>\n<\/div>","protected":false},"featured_media":2387,"comment_status":"closed","ping_status":"closed","template":"","meta":{"_acf_changed":true},"product_brand":[],"product_cat":[19],"product_tag":[],"class_list":{"0":"post-2218","1":"product","2":"type-product","3":"status-publish","4":"has-post-thumbnail","6":"product_cat-receipt-printer","7":"pa_device-type-desktop","8":"pa_print-width-3-inches","10":"first","11":"instock","12":"shipping-taxable","13":"product-type-simple"},"acf":[],"_links":{"self":[{"href":"https:\/\/www.aiyin.com\/fr\/wp-json\/wp\/v2\/product\/2218","targetHints":{"allow":["GET"]}}],"collection":[{"href":"https:\/\/www.aiyin.com\/fr\/wp-json\/wp\/v2\/product"}],"about":[{"href":"https:\/\/www.aiyin.com\/fr\/wp-json\/wp\/v2\/types\/product"}],"replies":[{"embeddable":true,"href":"https:\/\/www.aiyin.com\/fr\/wp-json\/wp\/v2\/comments?post=2218"}],"wp:featuredmedia":[{"embeddable":true,"href":"https:\/\/www.aiyin.com\/fr\/wp-json\/wp\/v2\/media\/2387"}],"wp:attachment":[{"href":"https:\/\/www.aiyin.com\/fr\/wp-json\/wp\/v2\/media?parent=2218"}],"wp:term":[{"taxonomy":"product_brand","embeddable":true,"href":"https:\/\/www.aiyin.com\/fr\/wp-json\/wp\/v2\/product_brand?post=2218"},{"taxonomy":"product_cat","embeddable":true,"href":"https:\/\/www.aiyin.com\/fr\/wp-json\/wp\/v2\/product_cat?post=2218"},{"taxonomy":"product_tag","embeddable":true,"href":"https:\/\/www.aiyin.com\/fr\/wp-json\/wp\/v2\/product_tag?post=2218"}],"curies":[{"name":"wp","href":"https:\/\/api.w.org\/{rel}","templated":true}]}}