{"id":2210,"date":"2025-02-17T10:19:29","date_gmt":"2025-02-17T10:19:29","guid":{"rendered":"https:\/\/www.jinghuaceramic.com\/?post_type=product&#038;p=2210"},"modified":"2025-02-22T07:12:19","modified_gmt":"2025-02-22T07:12:19","slug":"3-inches-thermal-bluetooth-wifi-receipt-printer-an802","status":"publish","type":"product","link":"https:\/\/www.aiyin.com\/fr\/product\/3-inches-thermal-bluetooth-wifi-receipt-printer-an802\/","title":{"rendered":"Imprimante de re\u00e7us personnalis\u00e9e, 3 pouces Imprimante thermique de re\u00e7us Bluetooth \/ Wifi - AN802"},"content":{"rendered":"<h2 class=\"wp-block-heading\">D\u00e9tails de l'imprimante de re\u00e7us Bluetooth \/ Wifi - AN802<\/h2>\n\n\n\n<hr class=\"wp-block-separator has-alpha-channel-opacity\"\/>\n\n\n\n<figure class=\"wp-block-image size-large\"><img decoding=\"async\" width=\"1265\" height=\"1280\" src=\"https:\/\/www.aiyin.com\/wp-content\/uploads\/2025\/02\/Bluetooth-and-Wifi-Receipt-Printer-Details-1-1265x1280.webp\" alt=\"Imprimante de re\u00e7us Bluetooth et Wifi D\u00e9tails (1)\" class=\"wp-image-2216\" srcset=\"https:\/\/www.aiyin.com\/wp-content\/uploads\/2025\/02\/Bluetooth-and-Wifi-Receipt-Printer-Details-1-1265x1280.webp 1265w, https:\/\/www.aiyin.com\/wp-content\/uploads\/2025\/02\/Bluetooth-and-Wifi-Receipt-Printer-Details-1-768x777.webp 768w, https:\/\/www.aiyin.com\/wp-content\/uploads\/2025\/02\/Bluetooth-and-Wifi-Receipt-Printer-Details-1-600x607.webp 600w, https:\/\/www.aiyin.com\/wp-content\/uploads\/2025\/02\/Bluetooth-and-Wifi-Receipt-Printer-Details-1-100x100.webp 100w\" sizes=\"(max-width: 1265px) 100vw, 1265px\" \/><\/figure>","protected":false},"excerpt":{"rendered":"<p>Imprimante de re\u00e7us 3 pouces thermique bluetooth \/ wifi, AN802 vous aide \u00e0 r\u00e9duire vos co\u00fbts et \u00e0 am\u00e9liorer votre comp\u00e9titivit\u00e9 gr\u00e2ce \u00e0 ses hautes performances et ses faibles co\u00fbts de maintenance. Nous fournissons des solutions d'imprimantes d'\u00e9tiquettes personnalis\u00e9es, n'h\u00e9sitez pas \u00e0 nous contacter.<\/p>\n<h2>Caract\u00e9ristiques de l'imprimante de re\u00e7us Bluetooth \/ Wifi - AN802<\/h2>\n<div>\n<p><strong>Fonction de rappel de commande :<\/strong> Imprimante de re\u00e7us Bluetooth \/ Wifi - AN802 L'imprimante dispose d'une fonction de rappel de commande int\u00e9gr\u00e9e, qui peut \u00e9mettre un rappel lorsque la commande n'a pas \u00e9t\u00e9 collect\u00e9e ou imprim\u00e9e, garantissant ainsi qu'aucune commande importante ne sera manqu\u00e9e. Elle est particuli\u00e8rement adapt\u00e9e aux secteurs de la restauration et de la vente au d\u00e9tail.<\/p>\n<p><strong>Prise en charge du Bluetooth et du wifi :<\/strong> L'imprimante AN802 est disponible en version Bluetooth et wifi, et les utilisateurs peuvent facilement la connecter \u00e0 divers appareils (tels que les smartphones, les tablettes et les syst\u00e8mes de point de vente) afin d'am\u00e9liorer l'efficacit\u00e9 de leur travail.<\/p>\n<p><strong>Fonction de d\u00e9coupe automatique du papier :<\/strong> \u00c9quip\u00e9 d'un coupe-papier automatique d'une dur\u00e9e de vie de 1,5 million de fois, il am\u00e9liore l'efficacit\u00e9 du travail et garantit une coupe nette, adapt\u00e9e aux environnements d'impression d'\u00e9tiquettes \u00e0 haute fr\u00e9quence et \u00e0 forte demande.<\/p>\n<p><strong>Bonne durabilit\u00e9 :<\/strong> La dur\u00e9e de vie de l'imprimante de re\u00e7us AN802 est de 30 kilom\u00e8tres (pendant la p\u00e9riode de garantie) et de 50 kilom\u00e8tres (\u00e0 vie). M\u00eame dans un environnement o\u00f9 la fr\u00e9quence d'utilisation est \u00e9lev\u00e9e, l'appareil peut conserver des performances stables.<\/p>\n<\/div>","protected":false},"featured_media":2211,"comment_status":"closed","ping_status":"closed","template":"","meta":{"_acf_changed":true},"product_brand":[],"product_cat":[19],"product_tag":[],"class_list":{"0":"post-2210","1":"product","2":"type-product","3":"status-publish","4":"has-post-thumbnail","6":"product_cat-receipt-printer","7":"pa_device-type-desktop","8":"pa_print-width-3-inches","10":"first","11":"instock","12":"shipping-taxable","13":"product-type-simple"},"acf":[],"_links":{"self":[{"href":"https:\/\/www.aiyin.com\/fr\/wp-json\/wp\/v2\/product\/2210","targetHints":{"allow":["GET"]}}],"collection":[{"href":"https:\/\/www.aiyin.com\/fr\/wp-json\/wp\/v2\/product"}],"about":[{"href":"https:\/\/www.aiyin.com\/fr\/wp-json\/wp\/v2\/types\/product"}],"replies":[{"embeddable":true,"href":"https:\/\/www.aiyin.com\/fr\/wp-json\/wp\/v2\/comments?post=2210"}],"wp:featuredmedia":[{"embeddable":true,"href":"https:\/\/www.aiyin.com\/fr\/wp-json\/wp\/v2\/media\/2211"}],"wp:attachment":[{"href":"https:\/\/www.aiyin.com\/fr\/wp-json\/wp\/v2\/media?parent=2210"}],"wp:term":[{"taxonomy":"product_brand","embeddable":true,"href":"https:\/\/www.aiyin.com\/fr\/wp-json\/wp\/v2\/product_brand?post=2210"},{"taxonomy":"product_cat","embeddable":true,"href":"https:\/\/www.aiyin.com\/fr\/wp-json\/wp\/v2\/product_cat?post=2210"},{"taxonomy":"product_tag","embeddable":true,"href":"https:\/\/www.aiyin.com\/fr\/wp-json\/wp\/v2\/product_tag?post=2210"}],"curies":[{"name":"wp","href":"https:\/\/api.w.org\/{rel}","templated":true}]}}