{"id":2202,"date":"2025-02-17T09:31:34","date_gmt":"2025-02-17T09:31:34","guid":{"rendered":"https:\/\/www.jinghuaceramic.com\/?post_type=product&#038;p=2202"},"modified":"2025-02-22T07:09:14","modified_gmt":"2025-02-22T07:09:14","slug":"desktop-thermal-receipt-printer-an801","status":"publish","type":"product","link":"https:\/\/www.aiyin.com\/fr\/product\/desktop-thermal-receipt-printer-an801\/","title":{"rendered":"Imprimante thermique de re\u00e7us 3 pouces USB \/ sans fil \/ Bluetooth - AN801, compatible avec les logiciels et programmes courants de restauration et de caisse enregistreuse"},"content":{"rendered":"<h2 class=\"wp-block-heading\">D\u00e9tails de l'imprimante thermique de bureau Bluetooth - AN801<\/h2>\n\n\n\n<hr class=\"wp-block-separator has-alpha-channel-opacity\"\/>\n\n\n\n<figure class=\"wp-block-image size-large\"><img decoding=\"async\" width=\"1280\" height=\"1275\" src=\"https:\/\/www.aiyin.com\/wp-content\/uploads\/2025\/02\/Bluetooth-Thermal-Receipt-Printer\u200b-Details-1-1280x1275.webp\" alt=\"Imprimante thermique de re\u00e7us Bluetooth D\u00e9tails (1)\" class=\"wp-image-2208\" srcset=\"https:\/\/www.aiyin.com\/wp-content\/uploads\/2025\/02\/Bluetooth-Thermal-Receipt-Printer\u200b-Details-1-1280x1275.webp 1280w, https:\/\/www.aiyin.com\/wp-content\/uploads\/2025\/02\/Bluetooth-Thermal-Receipt-Printer\u200b-Details-1-150x150.webp 150w, https:\/\/www.aiyin.com\/wp-content\/uploads\/2025\/02\/Bluetooth-Thermal-Receipt-Printer\u200b-Details-1-768x765.webp 768w, https:\/\/www.aiyin.com\/wp-content\/uploads\/2025\/02\/Bluetooth-Thermal-Receipt-Printer\u200b-Details-1-300x300.webp 300w, https:\/\/www.aiyin.com\/wp-content\/uploads\/2025\/02\/Bluetooth-Thermal-Receipt-Printer\u200b-Details-1-600x598.webp 600w, https:\/\/www.aiyin.com\/wp-content\/uploads\/2025\/02\/Bluetooth-Thermal-Receipt-Printer\u200b-Details-1-100x100.webp 100w\" sizes=\"(max-width: 1280px) 100vw, 1280px\" \/><\/figure>","protected":false},"excerpt":{"rendered":"<p>Les imprimantes thermiques de re\u00e7us en gros, disponibles en mod\u00e8les Bluetooth et WiFi, pratiques pour une connexion transparente avec divers appareils, largement utilis\u00e9es dans le commerce de d\u00e9tail, la restauration, les supermarch\u00e9s, les h\u00f4tels, le transport et d'autres industries. Contactez-nous d\u00e8s maintenant pour en savoir plus sur les imprimantes thermiques de re\u00e7us ou pour obtenir un devis en gros.<\/p>\n<h2>Caract\u00e9ristiques de l'imprimante thermique de bureau pour re\u00e7us - AN801<\/h2>\n<div>\n<p><strong>Impression rapide et efficace :<\/strong> Avec une capacit\u00e9 d'impression \u00e0 grande vitesse de 200 mm par seconde, l'imprimante peut rapidement r\u00e9aliser les t\u00e2ches d'impression d'un grand nombre de re\u00e7us. Elle est \u00e9quip\u00e9e d'un coupe-papier automatique d'une dur\u00e9e de vie de 1,5 million de fois, qui am\u00e9liore la fluidit\u00e9 et l'efficacit\u00e9 du travail apr\u00e8s chaque impression.<\/p>\n<p><strong>Protection IP42 :<\/strong> L'imprimante thermique de bureau pour re\u00e7us - AN801, avec un niveau de protection IP42, peut prot\u00e9ger efficacement l'appareil de l'humidit\u00e9, de la poussi\u00e8re et des insectes, r\u00e9duisant ainsi le risque de maintenance et de d\u00e9faillance.<\/p>\n<p><strong>Conception l\u00e9g\u00e8re :<\/strong> L'imprimante thermique de bureau AN801 est compacte et l\u00e9g\u00e8re, avec un poids net de seulement 0,84 kg. Elle convient aux petits magasins et peut \u00eatre facilement d\u00e9plac\u00e9e et plac\u00e9e dans un endroit appropri\u00e9.<\/p>\n<p><strong>Bluetooth et support sans fil :<\/strong> L'AN801 est compatible avec les technologies Bluetooth et Wifi. Gr\u00e2ce \u00e0 la connexion sans fil, les utilisateurs peuvent imprimer \u00e0 distance sans \u00eatre li\u00e9s par des c\u00e2bles, ce qui convient aux sc\u00e9narios qui n\u00e9cessitent un fonctionnement mobile.<\/p>\n<p><strong>Service OEM et ODM :<\/strong> Le fabricant d'imprimantes d'\u00e9tiquettes AiYin fournit un service complet d'imprimantes de re\u00e7us personnalis\u00e9es pour r\u00e9pondre aux exigences personnalis\u00e9es des clients en termes de fonction, d'apparence et de marque.<\/p>\n<\/div>","protected":false},"featured_media":2203,"comment_status":"closed","ping_status":"closed","template":"","meta":{"_acf_changed":true},"product_brand":[],"product_cat":[19],"product_tag":[],"class_list":{"0":"post-2202","1":"product","2":"type-product","3":"status-publish","4":"has-post-thumbnail","6":"product_cat-receipt-printer","7":"pa_device-type-desktop","8":"pa_print-width-3-inches","10":"first","11":"instock","12":"shipping-taxable","13":"product-type-simple"},"acf":[],"_links":{"self":[{"href":"https:\/\/www.aiyin.com\/fr\/wp-json\/wp\/v2\/product\/2202","targetHints":{"allow":["GET"]}}],"collection":[{"href":"https:\/\/www.aiyin.com\/fr\/wp-json\/wp\/v2\/product"}],"about":[{"href":"https:\/\/www.aiyin.com\/fr\/wp-json\/wp\/v2\/types\/product"}],"replies":[{"embeddable":true,"href":"https:\/\/www.aiyin.com\/fr\/wp-json\/wp\/v2\/comments?post=2202"}],"wp:featuredmedia":[{"embeddable":true,"href":"https:\/\/www.aiyin.com\/fr\/wp-json\/wp\/v2\/media\/2203"}],"wp:attachment":[{"href":"https:\/\/www.aiyin.com\/fr\/wp-json\/wp\/v2\/media?parent=2202"}],"wp:term":[{"taxonomy":"product_brand","embeddable":true,"href":"https:\/\/www.aiyin.com\/fr\/wp-json\/wp\/v2\/product_brand?post=2202"},{"taxonomy":"product_cat","embeddable":true,"href":"https:\/\/www.aiyin.com\/fr\/wp-json\/wp\/v2\/product_cat?post=2202"},{"taxonomy":"product_tag","embeddable":true,"href":"https:\/\/www.aiyin.com\/fr\/wp-json\/wp\/v2\/product_tag?post=2202"}],"curies":[{"name":"wp","href":"https:\/\/api.w.org\/{rel}","templated":true}]}}