{"id":2187,"date":"2025-02-17T08:13:17","date_gmt":"2025-02-17T08:13:17","guid":{"rendered":"https:\/\/www.jinghuaceramic.com\/?post_type=product&#038;p=2187"},"modified":"2025-04-18T08:21:10","modified_gmt":"2025-04-18T08:21:10","slug":"industrial-label-thermal-transfer-printer-t200","status":"publish","type":"product","link":"https:\/\/www.aiyin.com\/fr\/product\/industrial-label-thermal-transfer-printer-t200\/","title":{"rendered":"Imprimante \u00e0 transfert thermique pour \u00e9tiquettes industrielles 4 pouces - T200 \/ T300 - AiYin Thermal Transfer Printer Manufacturer"},"content":{"rendered":"<h2 class=\"wp-block-heading\">D\u00e9tails de l'imprimante transfert thermique pour \u00e9tiquettes industrielles - T200<\/h2>\n\n\n\n<hr class=\"wp-block-separator has-alpha-channel-opacity\" \/>\n\n\n\n<figure class=\"wp-block-image size-large\"><img decoding=\"async\" width=\"615\" height=\"1280\" src=\"https:\/\/www.aiyin.com\/wp-content\/uploads\/2025\/02\/1-615x1280.webp\" alt=\"\" class=\"wp-image-4133\" srcset=\"https:\/\/www.aiyin.com\/wp-content\/uploads\/2025\/02\/1-615x1280.webp 615w, https:\/\/www.aiyin.com\/wp-content\/uploads\/2025\/02\/1-768x1598.webp 768w, https:\/\/www.aiyin.com\/wp-content\/uploads\/2025\/02\/1-600x1248.webp 600w, https:\/\/www.aiyin.com\/wp-content\/uploads\/2025\/02\/1.webp 1920w\" sizes=\"(max-width: 615px) 100vw, 615px\" \/><\/figure>\n\n\n\n<figure class=\"wp-block-image size-large\"><img decoding=\"async\" width=\"592\" height=\"1280\" src=\"https:\/\/www.aiyin.com\/wp-content\/uploads\/2025\/02\/2-592x1280.webp\" alt=\"\" class=\"wp-image-4135\" srcset=\"https:\/\/www.aiyin.com\/wp-content\/uploads\/2025\/02\/2-592x1280.webp 592w, https:\/\/www.aiyin.com\/wp-content\/uploads\/2025\/02\/2-768x1660.webp 768w, https:\/\/www.aiyin.com\/wp-content\/uploads\/2025\/02\/2-600x1297.webp 600w, https:\/\/www.aiyin.com\/wp-content\/uploads\/2025\/02\/2.webp 1920w\" sizes=\"(max-width: 592px) 100vw, 592px\" \/><\/figure>\n\n\n\n<figure class=\"wp-block-image size-large\"><img decoding=\"async\" width=\"434\" height=\"1280\" src=\"https:\/\/www.aiyin.com\/wp-content\/uploads\/2025\/02\/3-1-434x1280.webp\" alt=\"\" class=\"wp-image-4137\" srcset=\"https:\/\/www.aiyin.com\/wp-content\/uploads\/2025\/02\/3-1-434x1280.webp 434w, https:\/\/www.aiyin.com\/wp-content\/uploads\/2025\/02\/3-1-768x2264.webp 768w, https:\/\/www.aiyin.com\/wp-content\/uploads\/2025\/02\/3-1-600x1768.webp 600w, https:\/\/www.aiyin.com\/wp-content\/uploads\/2025\/02\/3-1.webp 1920w\" sizes=\"(max-width: 434px) 100vw, 434px\" \/><\/figure>\n\n\n<style>.kb-image2187_c43eb4-25 .kb-image-has-overlay:after{opacity:0.3;}<\/style>\n<figure class=\"wp-block-kadence-image kb-image2187_c43eb4-25 size-large\"><img decoding=\"async\" width=\"383\" height=\"1280\" src=\"https:\/\/www.aiyin.com\/wp-content\/uploads\/2025\/02\/4-1-383x1280.webp\" alt=\"\" class=\"kb-img wp-image-4140\" srcset=\"https:\/\/www.aiyin.com\/wp-content\/uploads\/2025\/02\/4-1-383x1280.webp 383w, https:\/\/www.aiyin.com\/wp-content\/uploads\/2025\/02\/4-1-768x2566.webp 768w, https:\/\/www.aiyin.com\/wp-content\/uploads\/2025\/02\/4-1-600x2005.webp 600w, https:\/\/www.aiyin.com\/wp-content\/uploads\/2025\/02\/4-1.webp 1920w\" sizes=\"(max-width: 383px) 100vw, 383px\" \/><\/figure>\n\n\n<style>.kb-image2187_a18f1b-86 .kb-image-has-overlay:after{opacity:0.3;}<\/style>\n<figure class=\"wp-block-kadence-image kb-image2187_a18f1b-86 size-large\"><img decoding=\"async\" width=\"1275\" height=\"1280\" src=\"https:\/\/www.aiyin.com\/wp-content\/uploads\/2025\/02\/5-1275x1280.webp\" alt=\"\" class=\"kb-img wp-image-4139\" srcset=\"https:\/\/www.aiyin.com\/wp-content\/uploads\/2025\/02\/5-1275x1280.webp 1275w, https:\/\/www.aiyin.com\/wp-content\/uploads\/2025\/02\/5-150x150.webp 150w, https:\/\/www.aiyin.com\/wp-content\/uploads\/2025\/02\/5-768x771.webp 768w, https:\/\/www.aiyin.com\/wp-content\/uploads\/2025\/02\/5-300x300.webp 300w, https:\/\/www.aiyin.com\/wp-content\/uploads\/2025\/02\/5-600x602.webp 600w, https:\/\/www.aiyin.com\/wp-content\/uploads\/2025\/02\/5-100x100.webp 100w, https:\/\/www.aiyin.com\/wp-content\/uploads\/2025\/02\/5.webp 1920w\" sizes=\"(max-width: 1275px) 100vw, 1275px\" \/><\/figure>\n\n\n\n<p><\/p>","protected":false},"excerpt":{"rendered":"<p>Imprimante d'\u00e9tiquettes industrielles \u00e0 transfert thermique en gros - T200, fournissant des solutions d'impression d'\u00e9tiquettes industrielles efficaces et stables, adapt\u00e9es \u00e0 la production de masse, \u00e0 la gestion d'entrep\u00f4t, \u00e0 la distribution logistique et \u00e0 d'autres domaines. Que vous soyez un fabricant, un distributeur ou un d\u00e9taillant, la T200 peut fournir des r\u00e9sultats d'impression de haute qualit\u00e9 et des performances puissantes. N'h\u00e9sitez pas \u00e0 nous contacter pour obtenir un devis.<\/p>\n<h2>Caract\u00e9ristiques de l'imprimante transfert thermique pour \u00e9tiquettes industrielles - T200<\/h2>\n<div>\n<p><strong>Prise en charge de plusieurs m\u00e9thodes d'impression :<\/strong> L'imprimante industrielle d'\u00e9tiquettes \u00e0 transfert thermique T200 prend en charge les \u00e9tiquettes en rouleau, les papiers d'\u00e9tiquettes, les rubans \u00e0 transfert thermique, etc. Pour diverses industries afin de r\u00e9pondre aux diff\u00e9rentes demandes.<\/p>\n<p><strong>Support logiciel :<\/strong> Le fabricant d'imprimantes \u00e0 transfert thermique Aiyin fournit des logiciels et des pilotes qui prennent en charge de nombreux syst\u00e8mes d'exploitation, tels que Windows, Mac OS, Linux, IOS et Android, ce qui permet aux utilisateurs de concevoir et d'imprimer des \u00e9tiquettes en toute simplicit\u00e9.<\/p>\n<p><strong>Durable et stable :<\/strong> L'imprimante industrielle d'\u00e9tiquettes \u00e0 transfert thermique T200 est durable et r\u00e9sistante, et peut fonctionner de mani\u00e8re stable pendant une longue p\u00e9riode, convenant aux travaux industriels \u00e0 forte charge.<\/p>\n<p><strong>Utilisation multifonctionnelle :<\/strong> Il est largement utilis\u00e9 dans des sc\u00e9narios tels que les codes-barres, les codes QR, l'\u00e9tiquetage des produits, la gestion des entrep\u00f4ts, etc., pour r\u00e9pondre aux besoins d'\u00e9tiquetage de diff\u00e9rentes industries.<\/p>\n<p><strong>OEM et ODM :<\/strong> AiYin poss\u00e8de de bonnes capacit\u00e9s de fabrication et de conception, propose des services oem et odm et aide les clients \u00e0 personnaliser l'apparence, les fonctionnalit\u00e9s, les accessoires, etc. de l'imprimante \u00e0 leur mani\u00e8re.<\/p>\n<\/div>","protected":false},"featured_media":2188,"comment_status":"closed","ping_status":"closed","template":"","meta":{"_acf_changed":true},"product_brand":[],"product_cat":[20],"product_tag":[],"class_list":{"0":"post-2187","1":"product","2":"type-product","3":"status-publish","4":"has-post-thumbnail","6":"product_cat-thermal-transfer-printer","7":"pa_industrial-grade-no","8":"pa_paper-bin-without-paper-bin","9":"pa_print-width-4-inches","11":"first","12":"instock","13":"shipping-taxable","14":"product-type-simple"},"acf":[],"_links":{"self":[{"href":"https:\/\/www.aiyin.com\/fr\/wp-json\/wp\/v2\/product\/2187","targetHints":{"allow":["GET"]}}],"collection":[{"href":"https:\/\/www.aiyin.com\/fr\/wp-json\/wp\/v2\/product"}],"about":[{"href":"https:\/\/www.aiyin.com\/fr\/wp-json\/wp\/v2\/types\/product"}],"replies":[{"embeddable":true,"href":"https:\/\/www.aiyin.com\/fr\/wp-json\/wp\/v2\/comments?post=2187"}],"wp:featuredmedia":[{"embeddable":true,"href":"https:\/\/www.aiyin.com\/fr\/wp-json\/wp\/v2\/media\/2188"}],"wp:attachment":[{"href":"https:\/\/www.aiyin.com\/fr\/wp-json\/wp\/v2\/media?parent=2187"}],"wp:term":[{"taxonomy":"product_brand","embeddable":true,"href":"https:\/\/www.aiyin.com\/fr\/wp-json\/wp\/v2\/product_brand?post=2187"},{"taxonomy":"product_cat","embeddable":true,"href":"https:\/\/www.aiyin.com\/fr\/wp-json\/wp\/v2\/product_cat?post=2187"},{"taxonomy":"product_tag","embeddable":true,"href":"https:\/\/www.aiyin.com\/fr\/wp-json\/wp\/v2\/product_tag?post=2187"}],"curies":[{"name":"wp","href":"https:\/\/api.w.org\/{rel}","templated":true}]}}