{"id":2147,"date":"2025-02-15T06:16:25","date_gmt":"2025-02-15T06:16:25","guid":{"rendered":"https:\/\/www.jinghuaceramic.com\/?post_type=product&#038;p=2147"},"modified":"2025-03-28T05:20:21","modified_gmt":"2025-03-28T05:20:21","slug":"wholesale-label-thermal-transfer-printer-ay320-320bt-320p","status":"publish","type":"product","link":"https:\/\/www.aiyin.com\/fr\/product\/wholesale-label-thermal-transfer-printer-ay320-320bt-320p\/","title":{"rendered":"Wholesale 3 inches Label Thermal Transfer Printer - AY320 \/ 320BT \/ 320P, supporte l'impression thermique et le transfert thermique"},"content":{"rendered":"<h2 class=\"wp-block-heading\">D\u00e9tails de l'imprimante \u00e0 transfert thermique pour \u00e9tiquettes - AY-320 \/ 320BT \/ 320P<\/h2>\n\n\n\n<hr class=\"wp-block-separator has-alpha-channel-opacity\" \/>\n\n\n\n<figure class=\"wp-block-image size-large\"><img decoding=\"async\" width=\"1242\" height=\"1280\" src=\"https:\/\/www.aiyin.com\/wp-content\/uploads\/2025\/02\/Label-Thermal-Transfer-Printer\u200b-Details-3-1242x1280.webp\" alt=\"D\u00e9tails de l&#039;imprimante \u00e0 transfert thermique (3)\" class=\"wp-image-2164\" srcset=\"https:\/\/www.aiyin.com\/wp-content\/uploads\/2025\/02\/Label-Thermal-Transfer-Printer\u200b-Details-3-1242x1280.webp 1242w, https:\/\/www.aiyin.com\/wp-content\/uploads\/2025\/02\/Label-Thermal-Transfer-Printer\u200b-Details-3-768x792.webp 768w, https:\/\/www.aiyin.com\/wp-content\/uploads\/2025\/02\/Label-Thermal-Transfer-Printer\u200b-Details-3-600x618.webp 600w\" sizes=\"(max-width: 1242px) 100vw, 1242px\" \/><\/figure>\n\n\n\n<figure class=\"wp-block-image size-large\"><img decoding=\"async\" width=\"1242\" height=\"1280\" src=\"https:\/\/www.aiyin.com\/wp-content\/uploads\/2025\/02\/Label-Thermal-Transfer-Printer\u200b-Details-1-1242x1280.webp\" alt=\"D\u00e9tails de l&#039;imprimante \u00e0 transfert thermique (1)\" class=\"wp-image-2162\" srcset=\"https:\/\/www.aiyin.com\/wp-content\/uploads\/2025\/02\/Label-Thermal-Transfer-Printer\u200b-Details-1-1242x1280.webp 1242w, https:\/\/www.aiyin.com\/wp-content\/uploads\/2025\/02\/Label-Thermal-Transfer-Printer\u200b-Details-1-768x792.webp 768w, https:\/\/www.aiyin.com\/wp-content\/uploads\/2025\/02\/Label-Thermal-Transfer-Printer\u200b-Details-1-600x618.webp 600w\" sizes=\"(max-width: 1242px) 100vw, 1242px\" \/><\/figure>\n\n\n\n<figure class=\"wp-block-image size-large\"><img decoding=\"async\" width=\"1242\" height=\"1280\" src=\"https:\/\/www.aiyin.com\/wp-content\/uploads\/2025\/02\/Label-Thermal-Transfer-Printer\u200b-Details-2-1242x1280.webp\" alt=\"D\u00e9tails de l&#039;imprimante \u00e0 transfert thermique (2)\" class=\"wp-image-2163\" srcset=\"https:\/\/www.aiyin.com\/wp-content\/uploads\/2025\/02\/Label-Thermal-Transfer-Printer\u200b-Details-2-1242x1280.webp 1242w, https:\/\/www.aiyin.com\/wp-content\/uploads\/2025\/02\/Label-Thermal-Transfer-Printer\u200b-Details-2-768x792.webp 768w, https:\/\/www.aiyin.com\/wp-content\/uploads\/2025\/02\/Label-Thermal-Transfer-Printer\u200b-Details-2-600x618.webp 600w\" sizes=\"(max-width: 1242px) 100vw, 1242px\" \/><\/figure>","protected":false},"excerpt":{"rendered":"<p>Imprimante \u00e0 transfert thermique pour \u00e9tiquettes en gros - AY320 \/ 320BT \/ 320P, adapt\u00e9e \u00e0 de multiples syst\u00e8mes d'exploitation tels que windows, mac os, android et ios, tr\u00e8s adapt\u00e9e \u00e0 l'utilisation dans diff\u00e9rents environnements de travail, \u00e9quip\u00e9e de t\u00eates d'impression de haute qualit\u00e9 pour assurer une impression claire et durable, tr\u00e8s adapt\u00e9e aux besoins de composition \u00e0 grande \u00e9chelle. Support OEM et ODM, contactez-nous pour un devis.<\/p>\n<h2>Caract\u00e9ristiques de l'imprimante \u00e0 transfert thermique pour \u00e9tiquettes - AY320 \/ 320BT \/ 320P<\/h2>\n<div>\n<p><strong>Impression de qualit\u00e9 :<\/strong> L'imprimante \u00e0 transfert thermique pour \u00e9tiquettes est capable d'imprimer des textes et des images d\u00e9licats et clairs avec des d\u00e9tails pr\u00e9cis.<\/p>\n<p><strong>Bonne durabilit\u00e9 :<\/strong> Le texte et les codes-barres imprim\u00e9s par transfert thermique sont tr\u00e8s r\u00e9sistants \u00e0 l'usure et difficiles \u00e0 d\u00e9coller ou \u00e0 d\u00e9colorer. Ils peuvent \u00eatre utilis\u00e9s pour imprimer des \u00e9tiquettes de v\u00eatements, des \u00e9tiquettes de lavage, des \u00e9tiquettes m\u00e9dicales, des \u00e9tiquettes de produits, etc.<\/p>\n<p><strong>Vitesse d'impression \u00e9lev\u00e9e :<\/strong> L'imprimante \u00e0 transfert thermique pour \u00e9tiquettes prend en charge une vitesse d'impression maximale de 180 mm\/s, ce qui am\u00e9liore consid\u00e9rablement l'efficacit\u00e9 du travail et convient \u00e0 un lieu de travail rapide et efficace.<\/p>\n<p><strong>Conception robuste de capteurs :<\/strong> Avec divers capteurs, tels que la d\u00e9tection de manque de papier et la d\u00e9tection de la temp\u00e9rature de la t\u00eate d'impression, pour un processus d'impression fluide et une r\u00e9duction des d\u00e9fauts.<\/p>\n<p><strong>Interfaces de communication multiples :<\/strong> Les interfaces de communication sont multiples : USB, Bluetooth (en option), port s\u00e9rie et port r\u00e9seau, ce qui permet de connecter plusieurs appareils et d'am\u00e9liorer la souplesse d'utilisation.<\/p>\n<\/div>","protected":false},"featured_media":2157,"comment_status":"closed","ping_status":"closed","template":"","meta":{"_acf_changed":false},"product_brand":[],"product_cat":[20],"product_tag":[],"class_list":{"0":"post-2147","1":"product","2":"type-product","3":"status-publish","4":"has-post-thumbnail","6":"product_cat-thermal-transfer-printer","7":"pa_industrial-grade-no","8":"pa_paper-bin-with-paper-bin","9":"pa_print-width-3-inches","11":"first","12":"instock","13":"shipping-taxable","14":"product-type-simple"},"acf":[],"_links":{"self":[{"href":"https:\/\/www.aiyin.com\/fr\/wp-json\/wp\/v2\/product\/2147","targetHints":{"allow":["GET"]}}],"collection":[{"href":"https:\/\/www.aiyin.com\/fr\/wp-json\/wp\/v2\/product"}],"about":[{"href":"https:\/\/www.aiyin.com\/fr\/wp-json\/wp\/v2\/types\/product"}],"replies":[{"embeddable":true,"href":"https:\/\/www.aiyin.com\/fr\/wp-json\/wp\/v2\/comments?post=2147"}],"wp:featuredmedia":[{"embeddable":true,"href":"https:\/\/www.aiyin.com\/fr\/wp-json\/wp\/v2\/media\/2157"}],"wp:attachment":[{"href":"https:\/\/www.aiyin.com\/fr\/wp-json\/wp\/v2\/media?parent=2147"}],"wp:term":[{"taxonomy":"product_brand","embeddable":true,"href":"https:\/\/www.aiyin.com\/fr\/wp-json\/wp\/v2\/product_brand?post=2147"},{"taxonomy":"product_cat","embeddable":true,"href":"https:\/\/www.aiyin.com\/fr\/wp-json\/wp\/v2\/product_cat?post=2147"},{"taxonomy":"product_tag","embeddable":true,"href":"https:\/\/www.aiyin.com\/fr\/wp-json\/wp\/v2\/product_tag?post=2147"}],"curies":[{"name":"wp","href":"https:\/\/api.w.org\/{rel}","templated":true}]}}