{"id":2130,"date":"2025-02-17T01:33:29","date_gmt":"2025-02-17T01:33:29","guid":{"rendered":"https:\/\/www.jinghuaceramic.com\/?post_type=product&#038;p=2130"},"modified":"2025-03-28T05:15:05","modified_gmt":"2025-03-28T05:15:05","slug":"desktop-thermal-transfer-ribbon-printer-at240-340-640","status":"publish","type":"product","link":"https:\/\/www.aiyin.com\/fr\/product\/desktop-thermal-transfer-ribbon-printer-at240-340-640\/","title":{"rendered":"OEM 4 pouces Desktop Thermal Transfer Ribbon Printer - AT240 \/ 340 \/ 640 , Support pour \u00e9tiquettes, codes-barres, rubans, etc."},"content":{"rendered":"<h2 class=\"wp-block-heading\">D\u00e9tails de l'imprimante \u00e0 ruban \u00e0 transfert thermique de bureau - AT240 \/ 340 \/ 640 <\/h2>\n\n\n\n<hr class=\"wp-block-separator has-alpha-channel-opacity\" \/>\n\n\n\n<figure class=\"wp-block-image size-large\"><img decoding=\"async\" width=\"1242\" height=\"1280\" src=\"https:\/\/www.aiyin.com\/wp-content\/uploads\/2025\/02\/Desktop-Thermal-Transfer-Ribbon-Printer-Details-3-1242x1280.webp\" alt=\"Imprimante \u00e0 ruban \u00e0 transfert thermique de bureau D\u00e9tails (3)\" class=\"wp-image-2145\" srcset=\"https:\/\/www.aiyin.com\/wp-content\/uploads\/2025\/02\/Desktop-Thermal-Transfer-Ribbon-Printer-Details-3-1242x1280.webp 1242w, https:\/\/www.aiyin.com\/wp-content\/uploads\/2025\/02\/Desktop-Thermal-Transfer-Ribbon-Printer-Details-3-768x792.webp 768w, https:\/\/www.aiyin.com\/wp-content\/uploads\/2025\/02\/Desktop-Thermal-Transfer-Ribbon-Printer-Details-3-600x618.webp 600w\" sizes=\"(max-width: 1242px) 100vw, 1242px\" \/><\/figure>\n\n\n\n<figure class=\"wp-block-image size-large\"><img decoding=\"async\" width=\"1242\" height=\"1280\" src=\"https:\/\/www.aiyin.com\/wp-content\/uploads\/2025\/02\/Desktop-Thermal-Transfer-Ribbon-Printer-Details-1-1242x1280.webp\" alt=\"Imprimante \u00e0 ruban \u00e0 transfert thermique de bureau D\u00e9tails (1)\" class=\"wp-image-2143\" srcset=\"https:\/\/www.aiyin.com\/wp-content\/uploads\/2025\/02\/Desktop-Thermal-Transfer-Ribbon-Printer-Details-1-1242x1280.webp 1242w, https:\/\/www.aiyin.com\/wp-content\/uploads\/2025\/02\/Desktop-Thermal-Transfer-Ribbon-Printer-Details-1-768x792.webp 768w, https:\/\/www.aiyin.com\/wp-content\/uploads\/2025\/02\/Desktop-Thermal-Transfer-Ribbon-Printer-Details-1-600x618.webp 600w\" sizes=\"(max-width: 1242px) 100vw, 1242px\" \/><\/figure>\n\n\n\n<figure class=\"wp-block-image size-large\"><img decoding=\"async\" width=\"1242\" height=\"1280\" src=\"https:\/\/www.aiyin.com\/wp-content\/uploads\/2025\/02\/Desktop-Thermal-Transfer-Ribbon-Printer-Details-2-1242x1280.webp\" alt=\"Imprimante \u00e0 ruban \u00e0 transfert thermique de bureau D\u00e9tails (2)\" class=\"wp-image-2144\" srcset=\"https:\/\/www.aiyin.com\/wp-content\/uploads\/2025\/02\/Desktop-Thermal-Transfer-Ribbon-Printer-Details-2-1242x1280.webp 1242w, https:\/\/www.aiyin.com\/wp-content\/uploads\/2025\/02\/Desktop-Thermal-Transfer-Ribbon-Printer-Details-2-768x792.webp 768w, https:\/\/www.aiyin.com\/wp-content\/uploads\/2025\/02\/Desktop-Thermal-Transfer-Ribbon-Printer-Details-2-600x618.webp 600w\" sizes=\"(max-width: 1242px) 100vw, 1242px\" \/><\/figure>","protected":false},"excerpt":{"rendered":"<p>Imprimante \u00e0 ruban \u00e0 transfert thermique de bureau en gros, adapt\u00e9e \u00e0 une vari\u00e9t\u00e9 de besoins industriels, tels que le m\u00e9dical, la vente au d\u00e9tail, le commerce \u00e9lectronique, la logistique, etc. Supporte les m\u00e9thodes d'impression thermique et de transfert thermique, peut imprimer des \u00e9tiquettes sur une vari\u00e9t\u00e9 de mat\u00e9riaux, tels que les rubans, le papier thermique, offrant plus de flexibilit\u00e9. Possibilit\u00e9 de personnalisation oem et odm, contactez-nous pour un devis.<\/p>\n<h2>Caract\u00e9ristiques de l'imprimante \u00e0 ruban \u00e0 transfert thermique de bureau - AT240 \/ 340 \/ 640<\/h2>\n<div>\n<p><strong>Double mode d'impression :<\/strong> Prend en charge l'impression thermique et l'impression par transfert thermique. Le transfert thermique n\u00e9cessite des rubans et convient mieux au stockage \u00e0 long terme, tandis que le transfert thermique ne n\u00e9cessite pas de rubans et utilise du papier pour \u00e9tiquettes thermiques, ce qui est plus efficace.<\/p>\n<p><strong>Applicable \u00e0 un large \u00e9ventail d'industries :<\/strong> L'imprimante \u00e0 ruban \u00e0 transfert thermique de bureau convient aux secteurs de la m\u00e9decine, du travail, de la vente au d\u00e9tail, du commerce \u00e9lectronique, de la fabrication et de la circulation des mat\u00e9riaux.<\/p>\n<p><strong>Plusieurs options d'interface :<\/strong> Prend en charge plusieurs interfaces de communication telles que USB, Bluetooth et les ports s\u00e9rie, ce qui est pratique pour la connexion avec divers appareils.<\/p>\n<p><strong>S'adapter \u00e0 diff\u00e9rents syst\u00e8mes d'exploitation :<\/strong> Compatible avec plusieurs syst\u00e8mes d'exploitation tels que windows, macos et ios, ce qui am\u00e9liore la compatibilit\u00e9 des appareils.<\/p>\n<p><strong>Stockage stable :<\/strong> L'imprimante \u00e0 ruban \u00e0 transfert thermique de bureau utilise la technologie du transfert thermique, qui convient aux \u00e9tiquettes stock\u00e9es pendant une longue p\u00e9riode, peut \u00eatre utilis\u00e9e pendant longtemps et am\u00e9liore la durabilit\u00e9 de l'effet d'impression.<\/p>\n<\/div>","protected":false},"featured_media":2138,"comment_status":"closed","ping_status":"closed","template":"","meta":{"_acf_changed":true},"product_brand":[],"product_cat":[20],"product_tag":[],"class_list":{"0":"post-2130","1":"product","2":"type-product","3":"status-publish","4":"has-post-thumbnail","6":"product_cat-thermal-transfer-printer","7":"pa_industrial-grade-no","8":"pa_paper-bin-with-paper-bin","9":"pa_print-width-4-inches","11":"first","12":"instock","13":"shipping-taxable","14":"product-type-simple"},"acf":[],"_links":{"self":[{"href":"https:\/\/www.aiyin.com\/fr\/wp-json\/wp\/v2\/product\/2130","targetHints":{"allow":["GET"]}}],"collection":[{"href":"https:\/\/www.aiyin.com\/fr\/wp-json\/wp\/v2\/product"}],"about":[{"href":"https:\/\/www.aiyin.com\/fr\/wp-json\/wp\/v2\/types\/product"}],"replies":[{"embeddable":true,"href":"https:\/\/www.aiyin.com\/fr\/wp-json\/wp\/v2\/comments?post=2130"}],"wp:featuredmedia":[{"embeddable":true,"href":"https:\/\/www.aiyin.com\/fr\/wp-json\/wp\/v2\/media\/2138"}],"wp:attachment":[{"href":"https:\/\/www.aiyin.com\/fr\/wp-json\/wp\/v2\/media?parent=2130"}],"wp:term":[{"taxonomy":"product_brand","embeddable":true,"href":"https:\/\/www.aiyin.com\/fr\/wp-json\/wp\/v2\/product_brand?post=2130"},{"taxonomy":"product_cat","embeddable":true,"href":"https:\/\/www.aiyin.com\/fr\/wp-json\/wp\/v2\/product_cat?post=2130"},{"taxonomy":"product_tag","embeddable":true,"href":"https:\/\/www.aiyin.com\/fr\/wp-json\/wp\/v2\/product_tag?post=2130"}],"curies":[{"name":"wp","href":"https:\/\/api.w.org\/{rel}","templated":true}]}}