{"id":2114,"date":"2025-02-23T11:37:57","date_gmt":"2025-02-23T11:37:57","guid":{"rendered":"https:\/\/www.jinghuaceramic.com\/?post_type=product&#038;p=2114"},"modified":"2025-08-16T06:15:51","modified_gmt":"2025-08-16T06:15:51","slug":"wholesale-portable-pocket-thermal-label-printer-q2","status":"publish","type":"product","link":"https:\/\/www.aiyin.com\/fr\/product\/wholesale-portable-pocket-thermal-label-printer-q2\/","title":{"rendered":"Wholesale 2-inch Portable Pocket Thermal Label Printer - Q2, Imprimez rapidement des photos, des codes-barres et des notes"},"content":{"rendered":"<h2 class=\"wp-block-heading\">D\u00e9tails de l'imprimante thermique portable de poche - Q2<\/h2>\n\n\n\n<hr class=\"wp-block-separator has-alpha-channel-opacity\" \/>\n\n\n\n<figure class=\"wp-block-image size-large\"><img decoding=\"async\" width=\"905\" height=\"1280\" src=\"https:\/\/www.aiyin.com\/wp-content\/uploads\/2025\/02\/Q2-905x1280.webp\" alt=\"\" class=\"wp-image-4124\" srcset=\"https:\/\/www.aiyin.com\/wp-content\/uploads\/2025\/02\/Q2-905x1280.webp 905w, https:\/\/www.aiyin.com\/wp-content\/uploads\/2025\/02\/Q2-768x1086.webp 768w, https:\/\/www.aiyin.com\/wp-content\/uploads\/2025\/02\/Q2-600x849.webp 600w, https:\/\/www.aiyin.com\/wp-content\/uploads\/2025\/02\/Q2.webp 1722w\" sizes=\"(max-width: 905px) 100vw, 905px\" \/><\/figure>","protected":false},"excerpt":{"rendered":"<p>Imprimante d'\u00e9tiquettes thermiques de poche en gros, cette petite imprimante d'\u00e9tiquettes flexible est une aide pr\u00e9cieuse dans la vie quotidienne et un merveilleux cadeau. Vous pouvez enregistrer et imprimer des moments pr\u00e9cieux \u00e0 tout moment et n'importe o\u00f9, en prenant en charge des photos, des notes, des \u00e9tiquettes, des autocollants ou des besoins d'impression d'urgence en voyage. AiYin fournit des services OEM et ODM, contactez-nous pour un devis.<\/p>\n<h2>Caract\u00e9ristiques de l'imprimante thermique portable de poche - Q2<\/h2>\n<div>\n<p><strong>Facile \u00e0 transporter :<\/strong> Cette imprimante d'\u00e9tiquettes thermique portable a la taille d'une paume de main et se glisse facilement dans votre poche. Elle prend en charge la connexion Bluetooth, ce qui vous permet d'imprimer vos pr\u00e9cieuses photos directement \u00e0 partir de votre t\u00e9l\u00e9phone portable, \u00e0 tout moment et en tout lieu.<\/p>\n<p><strong>Impression multifonction :<\/strong> L'imprimante thermique portable peut imprimer des photos, des \u00e9tiquettes, des autocollants, des notes et des listes, etc., et peut \u00eatre utilis\u00e9e dans diverses circonstances telles que le travail ou les voyages.<\/p>\n<p><strong>Connexion rapide :<\/strong> Cette imprimante portable pour t\u00e9l\u00e9phone portable prend en charge la connexion rapide Bluetooth et peut \u00eatre facilement coupl\u00e9e \u00e0 un smartphone en 1 seconde. Gr\u00e2ce \u00e0 l'application intelligente fournie par AiYin, vous pouvez facilement imprimer des \u00e9tiquettes sur votre t\u00e9l\u00e9phone portable.<\/p>\n<p><strong>Batterie au lithium int\u00e9gr\u00e9e :<\/strong> L'imprimante portable d'\u00e9tiquettes thermiques est dot\u00e9e d'une batterie lithium-ion rechargeable int\u00e9gr\u00e9e de 1000mAh, ce qui \u00e9vite le co\u00fbt \u00e9lev\u00e9 du remplacement fr\u00e9quent des batteries jetables.<\/p>\n<p><strong>R\u00e9solution HD :<\/strong> \u00c9quip\u00e9 d'une t\u00eate d'impression haute r\u00e9solution (203 dpi) et de haute qualit\u00e9, il garantit que chaque photo ou \u00e9tiquette imprim\u00e9e est claire et visible.<\/p>\n<\/div>","protected":false},"featured_media":4719,"comment_status":"closed","ping_status":"closed","template":"","meta":{"_acf_changed":false},"product_brand":[],"product_cat":[21],"product_tag":[],"class_list":{"0":"post-2114","1":"product","2":"type-product","3":"status-publish","4":"has-post-thumbnail","6":"product_cat-home-office-printer","7":"pa_function-mini-printer","8":"pa_print-width-2-inches","10":"first","11":"instock","12":"shipping-taxable","13":"product-type-simple"},"acf":[],"_links":{"self":[{"href":"https:\/\/www.aiyin.com\/fr\/wp-json\/wp\/v2\/product\/2114","targetHints":{"allow":["GET"]}}],"collection":[{"href":"https:\/\/www.aiyin.com\/fr\/wp-json\/wp\/v2\/product"}],"about":[{"href":"https:\/\/www.aiyin.com\/fr\/wp-json\/wp\/v2\/types\/product"}],"replies":[{"embeddable":true,"href":"https:\/\/www.aiyin.com\/fr\/wp-json\/wp\/v2\/comments?post=2114"}],"wp:featuredmedia":[{"embeddable":true,"href":"https:\/\/www.aiyin.com\/fr\/wp-json\/wp\/v2\/media\/4719"}],"wp:attachment":[{"href":"https:\/\/www.aiyin.com\/fr\/wp-json\/wp\/v2\/media?parent=2114"}],"wp:term":[{"taxonomy":"product_brand","embeddable":true,"href":"https:\/\/www.aiyin.com\/fr\/wp-json\/wp\/v2\/product_brand?post=2114"},{"taxonomy":"product_cat","embeddable":true,"href":"https:\/\/www.aiyin.com\/fr\/wp-json\/wp\/v2\/product_cat?post=2114"},{"taxonomy":"product_tag","embeddable":true,"href":"https:\/\/www.aiyin.com\/fr\/wp-json\/wp\/v2\/product_tag?post=2114"}],"curies":[{"name":"wp","href":"https:\/\/api.w.org\/{rel}","templated":true}]}}