{"id":2050,"date":"2025-04-19T02:30:38","date_gmt":"2025-04-19T02:30:38","guid":{"rendered":"https:\/\/www.jinghuaceramic.com\/?post_type=product&#038;p=2050"},"modified":"2025-06-13T06:03:01","modified_gmt":"2025-06-13T06:03:01","slug":"wholesale-mini-portable-thermal-label-printer-d30-pro","status":"publish","type":"product","link":"https:\/\/www.aiyin.com\/fr\/product\/wholesale-mini-portable-thermal-label-printer-d30-pro\/","title":{"rendered":"Grossiste Mini Imprimante Thermique Portable d'Etiquettes 0.5 pouces - D30 Pro, supporte les autocollants, les codes \u00e0 barres, les codes QR et plus encore"},"content":{"rendered":"<h2 class=\"wp-block-heading\">D\u00e9tails de l'imprimante thermique portable pour \u00e9tiquettes - D30 Pro<\/h2>\n\n\n\n<hr class=\"wp-block-separator has-alpha-channel-opacity\"\/>\n\n\n\n<figure class=\"wp-block-image size-full\"><img decoding=\"async\" width=\"905\" height=\"1280\" src=\"https:\/\/www.aiyin.com\/wp-content\/uploads\/2025\/02\/Mini-Thermal-Label-Printer-D30-Pro-Details-1.webp\" alt=\"Mini imprimante thermique d&#039;\u00e9tiquettes D30 Pro D\u00e9tails (1)\" class=\"wp-image-4720\" srcset=\"https:\/\/www.aiyin.com\/wp-content\/uploads\/2025\/02\/Mini-Thermal-Label-Printer-D30-Pro-Details-1.webp 905w, https:\/\/www.aiyin.com\/wp-content\/uploads\/2025\/02\/Mini-Thermal-Label-Printer-D30-Pro-Details-1-768x1086.webp 768w, https:\/\/www.aiyin.com\/wp-content\/uploads\/2025\/02\/Mini-Thermal-Label-Printer-D30-Pro-Details-1-8x12.webp 8w, https:\/\/www.aiyin.com\/wp-content\/uploads\/2025\/02\/Mini-Thermal-Label-Printer-D30-Pro-Details-1-600x849.webp 600w\" sizes=\"(max-width: 905px) 100vw, 905px\" \/><\/figure>","protected":false},"excerpt":{"rendered":"<p>La mini imprimante d'\u00e9tiquettes thermiques portable - D30 pro, permet \u00e0 l'utilisateur d'am\u00e9liorer l'efficacit\u00e9 de l'impression d'\u00e9tiquettes, de faciliter la gestion et l'\u00e9tiquetage des produits. La conception compacte et le support de la connexion sans fil Bluetooth sont tr\u00e8s appropri\u00e9s pour l'utilisation sur les t\u00e9l\u00e9phones mobiles, au bureau, ou lors du travail \u00e0 l'ext\u00e9rieur. Support oem et odm, contactez-nous pour un devis.<\/p>\n<h2>Caract\u00e9ristiques de la mini imprimante thermique portable pour \u00e9tiquettes - D30 Pro<\/h2>\n<div>\n<p><strong>Connexion Bluetooth :<\/strong> La mini imprimante portable d'\u00e9tiquettes thermiques D30\/D30 Pro prend en charge la connexion sans fil Bluetooth. T\u00e9l\u00e9chargez l'application AiYin et connectez-vous via Bluetooth pour imprimer facilement les \u00e9tiquettes requises, ce qui am\u00e9liore grandement la commodit\u00e9 du bureau mobile.<\/p>\n<p><strong>Fonction de d\u00e9coupe automatique du papier :<\/strong> Le coupe-papier automatique int\u00e9gr\u00e9 de l'imprimante d'\u00e9tiquettes thermiques portable D30\/D30 Pro peut couper automatiquement l'\u00e9tiquette une fois l'impression termin\u00e9e, garantissant ainsi une impression nette et professionnelle \u00e0 chaque fois, tout en \u00e9vitant la coupe manuelle et en r\u00e9duisant le gaspillage d'\u00e9tiquettes.<\/p>\n<p><strong>Conception portable :<\/strong> La l\u00e9g\u00e8ret\u00e9 du D30\/D30 Pro en fait un outil id\u00e9al pour le transport, avec une taille mod\u00e9r\u00e9e qui se glisse facilement dans un sac \u00e0 dos ou un sac \u00e0 main.<\/p>\n<p><strong>Diverses options de couleurs :<\/strong> Le D30\/D30 Pro offre une vari\u00e9t\u00e9 de couleurs telles que le blanc, le vert et le rose, permettant aux utilisateurs de choisir l'appareil appropri\u00e9 en fonction de leurs pr\u00e9f\u00e9rences personnelles, adapt\u00e9 aux achats dans les supermarch\u00e9s et les magasins de d\u00e9tail.<\/p>\n<p><strong>Soutien \u00e0 l'application :<\/strong> D30\/D30 Pro peut \u00eatre utilis\u00e9 en conjonction avec des applications pour smartphone, permettant aux utilisateurs de concevoir et d'\u00e9diter des \u00e9tiquettes avec une grande flexibilit\u00e9 via l'application.<\/p>\n<\/div>","protected":false},"featured_media":4725,"comment_status":"closed","ping_status":"closed","template":"","meta":{"_acf_changed":true},"product_brand":[],"product_cat":[21],"product_tag":[],"class_list":{"0":"post-2050","1":"product","2":"type-product","3":"status-publish","4":"has-post-thumbnail","6":"product_cat-home-office-printer","7":"pa_function-home-label-maker","8":"pa_function-mini-printer","9":"pa_print-width-0-5-inches","11":"first","12":"instock","13":"shipping-taxable","14":"product-type-simple"},"acf":[],"_links":{"self":[{"href":"https:\/\/www.aiyin.com\/fr\/wp-json\/wp\/v2\/product\/2050","targetHints":{"allow":["GET"]}}],"collection":[{"href":"https:\/\/www.aiyin.com\/fr\/wp-json\/wp\/v2\/product"}],"about":[{"href":"https:\/\/www.aiyin.com\/fr\/wp-json\/wp\/v2\/types\/product"}],"replies":[{"embeddable":true,"href":"https:\/\/www.aiyin.com\/fr\/wp-json\/wp\/v2\/comments?post=2050"}],"wp:featuredmedia":[{"embeddable":true,"href":"https:\/\/www.aiyin.com\/fr\/wp-json\/wp\/v2\/media\/4725"}],"wp:attachment":[{"href":"https:\/\/www.aiyin.com\/fr\/wp-json\/wp\/v2\/media?parent=2050"}],"wp:term":[{"taxonomy":"product_brand","embeddable":true,"href":"https:\/\/www.aiyin.com\/fr\/wp-json\/wp\/v2\/product_brand?post=2050"},{"taxonomy":"product_cat","embeddable":true,"href":"https:\/\/www.aiyin.com\/fr\/wp-json\/wp\/v2\/product_cat?post=2050"},{"taxonomy":"product_tag","embeddable":true,"href":"https:\/\/www.aiyin.com\/fr\/wp-json\/wp\/v2\/product_tag?post=2050"}],"curies":[{"name":"wp","href":"https:\/\/api.w.org\/{rel}","templated":true}]}}