{"id":2042,"date":"2025-04-19T02:35:55","date_gmt":"2025-04-19T02:35:55","guid":{"rendered":"https:\/\/www.jinghuaceramic.com\/?post_type=product&#038;p=2042"},"modified":"2025-08-19T03:47:09","modified_gmt":"2025-08-19T03:47:09","slug":"wholesale-mini-handheld-label-printer-d11-pro","status":"publish","type":"product","link":"https:\/\/www.aiyin.com\/fr\/product\/wholesale-mini-handheld-label-printer-d11-pro\/","title":{"rendered":"Mini imprimante d'\u00e9tiquettes portative de 0,5 pouces - D11 Pro, connexion Bluetooth, supporte les autocollants, les codes-barres, les codes QR et plus encore"},"content":{"rendered":"<h2 class=\"wp-block-heading\">D\u00e9tails de l'imprimante d'\u00e9tiquettes miniature - D11 Pro<\/h2>\n\n\n\n<hr class=\"wp-block-separator has-alpha-channel-opacity\" \/>\n\n\n\n<figure class=\"wp-block-image size-large\"><img decoding=\"async\" width=\"905\" height=\"1280\" src=\"https:\/\/www.aiyin.com\/wp-content\/uploads\/2025\/02\/D11-905x1280.webp\" alt=\"\" class=\"wp-image-4130\" srcset=\"https:\/\/www.aiyin.com\/wp-content\/uploads\/2025\/02\/D11-905x1280.webp 905w, https:\/\/www.aiyin.com\/wp-content\/uploads\/2025\/02\/D11-768x1086.webp 768w, https:\/\/www.aiyin.com\/wp-content\/uploads\/2025\/02\/D11-600x849.webp 600w, https:\/\/www.aiyin.com\/wp-content\/uploads\/2025\/02\/D11.webp 1722w\" sizes=\"(max-width: 905px) 100vw, 905px\" \/><\/figure>","protected":false},"excerpt":{"rendered":"<p>L'imprimante d'\u00e9tiquettes portable mini D11 pro en gros, convient \u00e0 la maison, au bureau, \u00e0 l'organisation et \u00e0 d'autres endroits, vous aidant \u00e0 g\u00e9rer les articles efficacement. T\u00e9l\u00e9chargez l'application \"AiYin\" via apple store ou google play, allumez l'imprimante d11 et connectez le bluetooth, s\u00e9lectionnez le mod\u00e8le d'imprimante correspondant, et vous pouvez facilement profiter du plaisir de l'impression. Support oem et odm, contactez-nous pour un devis.<\/p>\n<h2>Caract\u00e9ristiques de la mini-imprimante d'\u00e9tiquettes portable - D11 Pro<\/h2>\n<div>\n<p><strong>Connexion sans fil Bluetooth :<\/strong> L'imprimante d'\u00e9tiquettes portable D11 Pro Mini utilise une connexion sans fil Bluetooth, ce qui vous permet de l'associer facilement \u00e0 des appareils intelligents et d'imprimer \u00e0 tout moment, o\u00f9 que vous soyez.<\/p>\n<p><strong>Conception portable :<\/strong> L'imprimante d'\u00e9tiquettes D11 Pro Mini Handheld est con\u00e7ue pour \u00eatre petite et l\u00e9g\u00e8re, et peut \u00eatre tenue d'une seule main, ce qui vous permet de la transporter et de l'utiliser facilement dans diff\u00e9rentes occasions.<\/p>\n<p><strong>Facile \u00e0 utiliser :<\/strong> Le fabricant d'imprimantes d'\u00e9tiquettes AiYin propose une application intelligente pour un contr\u00f4le intelligent. L'application intelligente fournit une vari\u00e9t\u00e9 de polices, de styles de texte, de codes QR, de codes-barres, de logos et de symboles pour r\u00e9pondre aux besoins quotidiens en mati\u00e8re d'\u00e9tiquetage, de stockage, de marquage des articles et autres.<\/p>\n<p><strong>\u00c9tiquettes personnalis\u00e9es :<\/strong> La mini imprimante d'\u00e9tiquettes portative D11 Pro prend en charge une largeur d'impression de 15 mm et fournit une vari\u00e9t\u00e9 de types de rubans d'\u00e9tiquettes, y compris des \u00e9tiquettes de couleur, des \u00e9tiquettes d'\u00e9chantillons et des \u00e9tiquettes de prix. Int\u00e9grant une batterie au lithium de grande capacit\u00e9 de 1200mAh, elle peut imprimer en continu 52 rouleaux d'\u00e9tiquettes sur une seule charge.<\/p>\n<p><strong>Prise en charge de la personnalisation OEM et ODM :<\/strong> Le fabricant d'imprimantes d'\u00e9tiquettes AiYIn prend en charge la personnalisation OEM et ODM. Les clients peuvent personnaliser des solutions d'impression d'\u00e9tiquettes uniques en fonction de leur propre image de marque et de leurs exigences sp\u00e9cifiques.<\/p>\n<\/div>","protected":false},"featured_media":2049,"comment_status":"closed","ping_status":"closed","template":"","meta":{"_acf_changed":false},"product_brand":[],"product_cat":[21],"product_tag":[],"class_list":{"0":"post-2042","1":"product","2":"type-product","3":"status-publish","4":"has-post-thumbnail","6":"product_cat-home-office-printer","7":"pa_function-home-label-maker","8":"pa_function-mini-printer","9":"pa_print-width-0-5-inches","11":"first","12":"instock","13":"shipping-taxable","14":"product-type-simple"},"acf":[],"_links":{"self":[{"href":"https:\/\/www.aiyin.com\/fr\/wp-json\/wp\/v2\/product\/2042","targetHints":{"allow":["GET"]}}],"collection":[{"href":"https:\/\/www.aiyin.com\/fr\/wp-json\/wp\/v2\/product"}],"about":[{"href":"https:\/\/www.aiyin.com\/fr\/wp-json\/wp\/v2\/types\/product"}],"replies":[{"embeddable":true,"href":"https:\/\/www.aiyin.com\/fr\/wp-json\/wp\/v2\/comments?post=2042"}],"wp:featuredmedia":[{"embeddable":true,"href":"https:\/\/www.aiyin.com\/fr\/wp-json\/wp\/v2\/media\/2049"}],"wp:attachment":[{"href":"https:\/\/www.aiyin.com\/fr\/wp-json\/wp\/v2\/media?parent=2042"}],"wp:term":[{"taxonomy":"product_brand","embeddable":true,"href":"https:\/\/www.aiyin.com\/fr\/wp-json\/wp\/v2\/product_brand?post=2042"},{"taxonomy":"product_cat","embeddable":true,"href":"https:\/\/www.aiyin.com\/fr\/wp-json\/wp\/v2\/product_cat?post=2042"},{"taxonomy":"product_tag","embeddable":true,"href":"https:\/\/www.aiyin.com\/fr\/wp-json\/wp\/v2\/product_tag?post=2042"}],"curies":[{"name":"wp","href":"https:\/\/api.w.org\/{rel}","templated":true}]}}