{"id":2008,"date":"2025-04-19T02:20:43","date_gmt":"2025-04-19T02:20:43","guid":{"rendered":"https:\/\/www.jinghuaceramic.com\/?post_type=product&#038;p=2008"},"modified":"2025-06-13T05:57:01","modified_gmt":"2025-06-13T05:57:01","slug":"wholesale-portable-barcode-label-printer-b23","status":"publish","type":"product","link":"https:\/\/www.aiyin.com\/fr\/product\/wholesale-portable-barcode-label-printer-b23\/","title":{"rendered":"Wholesale 2 inches Portable Barcode Label Printer - B23, AiYin Thermal Label Printer Manufacturer"},"content":{"rendered":"<h2 class=\"wp-block-heading\">D\u00e9tails de l'imprimante portable d'\u00e9tiquettes de codes-barres - B23<\/h2>\n\n\n\n<hr class=\"wp-block-separator has-alpha-channel-opacity\" \/>\n\n\n\n<figure class=\"wp-block-image size-large\"><img decoding=\"async\" width=\"905\" height=\"1280\" src=\"https:\/\/www.aiyin.com\/wp-content\/uploads\/2025\/02\/B23\u8be6\u60c5\u9875-905x1280.webp\" alt=\"\" class=\"wp-image-3288\" srcset=\"https:\/\/www.aiyin.com\/wp-content\/uploads\/2025\/02\/B23\u8be6\u60c5\u9875-905x1280.webp 905w, https:\/\/www.aiyin.com\/wp-content\/uploads\/2025\/02\/B23\u8be6\u60c5\u9875-768x1087.webp 768w, https:\/\/www.aiyin.com\/wp-content\/uploads\/2025\/02\/B23\u8be6\u60c5\u9875-600x849.webp 600w\" sizes=\"(max-width: 905px) 100vw, 905px\" \/><\/figure>","protected":false},"excerpt":{"rendered":"<p>L'imprimante portable d'\u00e9tiquettes de codes-barres en gros peut \u00eatre utilis\u00e9e pour imprimer rapidement des codes-barres et des codes QR, ce qui convient aux secteurs de la vente au d\u00e9tail et de la livraison express. En tant qu'imprimante d'\u00e9tiquettes portable pour la maison, la B23 peut facilement imprimer vos images et motifs pr\u00e9f\u00e9r\u00e9s, offrant aux familles des possibilit\u00e9s cr\u00e9atives infinies pour pr\u00e9server et afficher les beaux moments.<\/p>\n<h2>Caract\u00e9ristiques de l'imprimante portable d'\u00e9tiquettes de codes-barres - B23<\/h2>\n<div>\n<p><strong>Connexion sans fil pratique :<\/strong> L'imprimante portable d'\u00e9tiquettes de codes-barres B23 prend en charge la connexion Bluetooth, qui n\u00e9cessite un c\u00e2blage et des r\u00e9glages complexes, ce qui am\u00e9liore consid\u00e9rablement la flexibilit\u00e9 et la commodit\u00e9 d'utilisation.<\/p>\n<p><strong>Impression de haute qualit\u00e9 :<\/strong> B23 offre des effets d'impression haute r\u00e9solution et peut imprimer clairement divers codes-barres, codes QR et contenus textuels.<\/p>\n<p><strong>Facile \u00e0 transporter :<\/strong> La conception compacte de la B23 la rend tr\u00e8s facile \u00e0 transporter et \u00e0 d\u00e9placer. Vous pouvez facilement mettre l'imprimante dans un sac ou une voiture et r\u00e9aliser l'impression d'\u00e9tiquettes \u00e0 tout moment et en tout lieu.<\/p>\n<p><strong>Convient aux enfants et aux familles :<\/strong> B23 peut \u00eatre utilis\u00e9 pour imprimer divers motifs, aider les enfants \u00e0 d\u00e9velopper leur intelligence et \u00e0 cultiver leur cr\u00e9ativit\u00e9, et peut enregistrer tous les moments chaleureux de la famille, permettant ainsi \u00e0 toute la famille de partager des moments heureux.<\/p>\n<p><strong>Facile \u00e0 utiliser et \u00e0 installer :<\/strong> La conception de l'imprimante portable d'\u00e9tiquettes de codes-barres B23 met l'accent sur l'exp\u00e9rience de l'utilisateur, l'interface d'utilisation est intuitive et l'application mobile permet une installation rapide. Pour l'utiliser, il suffit de s\u00e9lectionner le mod\u00e8le d'\u00e9tiquette \u00e0 imprimer.<\/p>\n<\/div>","protected":false},"featured_media":4452,"comment_status":"closed","ping_status":"closed","template":"","meta":{"_acf_changed":true},"product_brand":[],"product_cat":[21],"product_tag":[],"class_list":{"0":"post-2008","1":"product","2":"type-product","3":"status-publish","4":"has-post-thumbnail","6":"product_cat-home-office-printer","7":"pa_function-mini-printer","8":"pa_print-width-2-inches","10":"first","11":"instock","12":"shipping-taxable","13":"product-type-simple"},"acf":[],"_links":{"self":[{"href":"https:\/\/www.aiyin.com\/fr\/wp-json\/wp\/v2\/product\/2008","targetHints":{"allow":["GET"]}}],"collection":[{"href":"https:\/\/www.aiyin.com\/fr\/wp-json\/wp\/v2\/product"}],"about":[{"href":"https:\/\/www.aiyin.com\/fr\/wp-json\/wp\/v2\/types\/product"}],"replies":[{"embeddable":true,"href":"https:\/\/www.aiyin.com\/fr\/wp-json\/wp\/v2\/comments?post=2008"}],"wp:featuredmedia":[{"embeddable":true,"href":"https:\/\/www.aiyin.com\/fr\/wp-json\/wp\/v2\/media\/4452"}],"wp:attachment":[{"href":"https:\/\/www.aiyin.com\/fr\/wp-json\/wp\/v2\/media?parent=2008"}],"wp:term":[{"taxonomy":"product_brand","embeddable":true,"href":"https:\/\/www.aiyin.com\/fr\/wp-json\/wp\/v2\/product_brand?post=2008"},{"taxonomy":"product_cat","embeddable":true,"href":"https:\/\/www.aiyin.com\/fr\/wp-json\/wp\/v2\/product_cat?post=2008"},{"taxonomy":"product_tag","embeddable":true,"href":"https:\/\/www.aiyin.com\/fr\/wp-json\/wp\/v2\/product_tag?post=2008"}],"curies":[{"name":"wp","href":"https:\/\/api.w.org\/{rel}","templated":true}]}}