{"id":1954,"date":"2025-02-23T15:53:28","date_gmt":"2025-02-23T15:53:28","guid":{"rendered":"https:\/\/www.jinghuaceramic.com\/?post_type=product&#038;p=1954"},"modified":"2025-06-09T10:02:44","modified_gmt":"2025-06-09T10:02:44","slug":"cute-2-inches-post-it-note-printer-b21","status":"publish","type":"product","link":"https:\/\/www.aiyin.com\/fr\/product\/cute-2-inches-post-it-note-printer-b21\/","title":{"rendered":"Imprimante Post-It 2 pouces - B21, petite imprimante d'\u00e9tiquettes pour la maison, convient pour le supermarch\u00e9, le bureau, la cuisine Classification"},"content":{"rendered":"<h2 class=\"wp-block-heading\">D\u00e9tails de l'imprimante de notes mignonnes Post-It - B21<\/h2>\n\n\n\n<hr class=\"wp-block-separator has-alpha-channel-opacity\" \/>\n\n\n\n<figure class=\"wp-block-image size-large\"><img decoding=\"async\" width=\"905\" height=\"1280\" src=\"https:\/\/www.aiyin.com\/wp-content\/uploads\/2025\/02\/Post-It-Note-Printer-Details-1-905x1280.webp\" alt=\"D\u00e9tails de l&#039;imprimante Post-It Note (1)\" class=\"wp-image-1960\" srcset=\"https:\/\/www.aiyin.com\/wp-content\/uploads\/2025\/02\/Post-It-Note-Printer-Details-1-905x1280.webp 905w, https:\/\/www.aiyin.com\/wp-content\/uploads\/2025\/02\/Post-It-Note-Printer-Details-1-768x1086.webp 768w, https:\/\/www.aiyin.com\/wp-content\/uploads\/2025\/02\/Post-It-Note-Printer-Details-1-600x849.webp 600w\" sizes=\"(max-width: 905px) 100vw, 905px\" \/><\/figure>\n\n\n\n<figure class=\"wp-block-image size-large\"><img decoding=\"async\" width=\"905\" height=\"1280\" src=\"https:\/\/www.aiyin.com\/wp-content\/uploads\/2025\/02\/Post-It-Note-Printer-Details-2-905x1280.webp\" alt=\"D\u00e9tails de l&#039;imprimante Post-It Note (2)\" class=\"wp-image-1961\" srcset=\"https:\/\/www.aiyin.com\/wp-content\/uploads\/2025\/02\/Post-It-Note-Printer-Details-2-905x1280.webp 905w, https:\/\/www.aiyin.com\/wp-content\/uploads\/2025\/02\/Post-It-Note-Printer-Details-2-768x1086.webp 768w, https:\/\/www.aiyin.com\/wp-content\/uploads\/2025\/02\/Post-It-Note-Printer-Details-2-600x849.webp 600w\" sizes=\"(max-width: 905px) 100vw, 905px\" \/><\/figure>","protected":false},"excerpt":{"rendered":"<p>Cette imprimante d'\u00e9tiquettes est facile \u00e0 utiliser et permet d'imprimer des notes, des \u00e9tiquettes, des \u00e9tiquettes de prix, etc. \u00e0 partir de votre t\u00e9l\u00e9phone portable. Elle peut facilement r\u00e9aliser des t\u00e2ches telles que la classification d'articles de cuisine, le marquage de documents de bureau et l'impression d'\u00e9tiquettes de produits de supermarch\u00e9, et r\u00e9pondre efficacement aux besoins des utilisateurs en mati\u00e8re d'impression d'\u00e9tiquettes. AiYin prend en charge l'OEM et l'ODM, contactez-nous pour obtenir un devis.<\/p>\n<h2>Caract\u00e9ristiques de l'imprimante de notes Post-It de 2 pouces - B21<\/h2>\n<div>\n<p><strong>Facile \u00e0 transporter :<\/strong> L'imprimante Post-It Note - B21 est compacte, facile \u00e0 transporter et \u00e0 ranger, ne prend pas de place et convient parfaitement \u00e0 une utilisation domestique ou dans un petit bureau.<\/p>\n<p><strong>Impression d'\u00e9tiquettes multifonctionnelles :<\/strong> L'imprimante de notes Post-It - B21 peut non seulement imprimer des notes, mais aussi diverses \u00e9tiquettes, telles que des \u00e9tiquettes de produits, des \u00e9tiquettes de prix, des \u00e9tiquettes de classification des stocks, etc., pour r\u00e9pondre aux besoins des supermarch\u00e9s, des magasins, des cuisines et d'autres sc\u00e9narios.<\/p>\n<p><strong>Fonctionnement facile :<\/strong> Le fonctionnement est simple et intuitif. Les utilisateurs n'ont qu'\u00e0 connecter leur t\u00e9l\u00e9phone portable via Bluetooth et \u00e0 s\u00e9lectionner ou personnaliser des mod\u00e8les pour les imprimer rapidement.<\/p>\n<p><strong>Efficacit\u00e9 et pr\u00e9cision :<\/strong> Chaque impression peut garantir une haute r\u00e9solution, des polices claires et fines, et un texte et des motifs pr\u00e9cis peuvent \u00eatre imprim\u00e9s m\u00eame sur des \u00e9tiquettes de petite taille.<\/p>\n<p><strong>Gagner du temps et de l'argent :<\/strong> Imprimez rapidement des \u00e9tiquettes, r\u00e9duisez le temps et le co\u00fbt de l'enregistrement manuel ou des \u00e9tiquettes manuscrites, et am\u00e9liorez l'efficacit\u00e9 et la pr\u00e9cision de votre travail.<\/p>\n<\/div>","protected":false},"featured_media":4718,"comment_status":"closed","ping_status":"closed","template":"","meta":{"_acf_changed":true},"product_brand":[],"product_cat":[21],"product_tag":[],"class_list":{"0":"post-1954","1":"product","2":"type-product","3":"status-publish","4":"has-post-thumbnail","6":"product_cat-home-office-printer","7":"pa_function-mini-printer","8":"pa_print-width-2-inches","10":"first","11":"instock","12":"shipping-taxable","13":"product-type-simple"},"acf":[],"_links":{"self":[{"href":"https:\/\/www.aiyin.com\/fr\/wp-json\/wp\/v2\/product\/1954","targetHints":{"allow":["GET"]}}],"collection":[{"href":"https:\/\/www.aiyin.com\/fr\/wp-json\/wp\/v2\/product"}],"about":[{"href":"https:\/\/www.aiyin.com\/fr\/wp-json\/wp\/v2\/types\/product"}],"replies":[{"embeddable":true,"href":"https:\/\/www.aiyin.com\/fr\/wp-json\/wp\/v2\/comments?post=1954"}],"wp:featuredmedia":[{"embeddable":true,"href":"https:\/\/www.aiyin.com\/fr\/wp-json\/wp\/v2\/media\/4718"}],"wp:attachment":[{"href":"https:\/\/www.aiyin.com\/fr\/wp-json\/wp\/v2\/media?parent=1954"}],"wp:term":[{"taxonomy":"product_brand","embeddable":true,"href":"https:\/\/www.aiyin.com\/fr\/wp-json\/wp\/v2\/product_brand?post=1954"},{"taxonomy":"product_cat","embeddable":true,"href":"https:\/\/www.aiyin.com\/fr\/wp-json\/wp\/v2\/product_cat?post=1954"},{"taxonomy":"product_tag","embeddable":true,"href":"https:\/\/www.aiyin.com\/fr\/wp-json\/wp\/v2\/product_tag?post=1954"}],"curies":[{"name":"wp","href":"https:\/\/api.w.org\/{rel}","templated":true}]}}